{"id":4468,"date":"2017-02-28T11:22:01","date_gmt":"2017-02-28T16:22:01","guid":{"rendered":"http:\/\/thermofin.net\/?page_id=4468\/"},"modified":"2023-10-11T16:55:16","modified_gmt":"2023-10-11T20:55:16","slug":"brochures","status":"publish","type":"page","link":"https:\/\/thermofin.net\/fr\/telechargements\/brochures\/","title":{"rendered":"BROCHURES"},"content":{"rendered":"<div class=\"wpb-content-wrapper\"><p>[vc_row][vc_column][vc_custom_heading text=\u00a0\u00bbNOS BROCHURES\u00a0\u00bb font_container=\u00a0\u00bbtag:h2|text_align:center\u00a0\u00bb use_theme_fonts=\u00a0\u00bbyes\u00a0\u00bb css=\u00a0\u00bb.vc_custom_1488313362793{margin-top: 30px !important;}\u00a0\u00bb][vc_column_text]<\/p>\n<p style=\"text-align: justify;\">Que vous soyez un vendeur\/int\u00e9grateur int\u00e9ress\u00e9 \u00e0 parler de nos produits \u00e0 vos clients ou souhaitiez simplement obtenir plus de documentation sur un produit, n&rsquo;h\u00e9sitez pas \u00e0 t\u00e9l\u00e9charger nos brochures ci-dessous. Nous pouvons \u00e9galement vous fournir, sur demande, des imprim\u00e9s et autre mat\u00e9riel promotionnel, comme des \u00e9chantillons de nos <a href=\"\/fr\/produits\/powerfin-tubes-a-ailettes-extrudes\/\">tube \u00e0 ailettes en aluminium extrud\u00e9e POWERFIN<\/a><\/p>\n<p>[\/vc_column_text][vc_row_inner css=\u00a0\u00bb.vc_custom_1488307802712{margin-top: 60px !important;}\u00a0\u00bb][vc_column_inner width=\u00a0\u00bb1\/2&Prime;][vc_single_image image=\u00a0\u00bb7545&Prime; img_size=\u00a0\u00bbfull\u00a0\u00bb alignment=\u00a0\u00bbcenter\u00a0\u00bb]<div id=\"tile-with-icon_icon2280\" class=\"title-with-icon-wrapper clear xlarge \" data-color=\"\"><div class=\"wpb_content_element title-with-icon clearfix \"><a href=\"https:\/\/thermofin.net\/public-downloads\/brochures\/brochure-fr-thermofin.pdf\" target=\"_blank\"><span  style=\"color:#ed1c24 !important;background-color: !important;\" class=\"oic-social-adobe clear xlarge \" ><\/span><\/a><h3 style=\"color:#1653a4\"><a href=\"https:\/\/thermofin.net\/public-downloads\/brochures\/brochure-fr-thermofin.pdf\" target=\"_blank\">T\u00c9L\u00c9CHARGER LA BROCHURE<\/a><\/h3><\/div><\/div>[\/vc_column_inner][vc_column_inner width=\u00a0\u00bb1\/2&Prime;][vc_single_image image=\u00a0\u00bb7547&Prime; img_size=\u00a0\u00bbfull\u00a0\u00bb alignment=\u00a0\u00bbcenter\u00a0\u00bb]<div id=\"tile-with-icon_icon3406\" class=\"title-with-icon-wrapper clear xlarge \" data-color=\"\"><div class=\"wpb_content_element title-with-icon clearfix \"><a href=\"https:\/\/thermofin.net\/public-downloads\/brochures\/brochure-fr-itex-echangeurs-a-plaques-et-joints.pdf\" target=\"_blank\"><span  style=\"color:#ed1c24 !important;background-color: !important;\" class=\"oic-social-adobe clear xlarge \" ><\/span><\/a><h3 style=\"color:#1653a4\"><a href=\"https:\/\/thermofin.net\/public-downloads\/brochures\/brochure-fr-itex-echangeurs-a-plaques-et-joints.pdf\" target=\"_blank\">T\u00c9L\u00c9CHARGER LA BROCHURE<\/a><\/h3><\/div><\/div>[\/vc_column_inner][\/vc_row_inner][vc_row_inner css=\u00a0\u00bb.vc_custom_1488307802712{margin-top: 60px !important;}\u00a0\u00bb][vc_column_inner width=\u00a0\u00bb1\/2&Prime;][vc_single_image image=\u00a0\u00bb7549&Prime; img_size=\u00a0\u00bbfull\u00a0\u00bb alignment=\u00a0\u00bbcenter\u00a0\u00bb]<div id=\"tile-with-icon_icon1618\" class=\"title-with-icon-wrapper clear xlarge \" data-color=\"\"><div class=\"wpb_content_element title-with-icon clearfix \"><a href=\"https:\/\/thermofin.net\/public-downloads\/brochures\/brochure-fr-powerfin-tubes-a-ailettes-extrudees.pdf\" target=\"_blank\"><span  style=\"color:#ed1c24 !important;background-color: !important;\" class=\"oic-social-adobe clear xlarge \" ><\/span><\/a><h3 style=\"color:#1653a4\"><a href=\"https:\/\/thermofin.net\/public-downloads\/brochures\/brochure-fr-powerfin-tubes-a-ailettes-extrudees.pdf\" target=\"_blank\">T\u00c9L\u00c9CHARGER LA BROCHURE<\/a><\/h3><\/div><\/div>[\/vc_column_inner][vc_column_inner width=\u00a0\u00bb1\/2&Prime;][vc_single_image image=\u00a0\u00bb7551&Prime; img_size=\u00a0\u00bbfull\u00a0\u00bb alignment=\u00a0\u00bbcenter\u00a0\u00bb]<div id=\"tile-with-icon_icon455\" class=\"title-with-icon-wrapper clear xlarge \" data-color=\"\"><div class=\"wpb_content_element title-with-icon clearfix \"><a href=\"https:\/\/thermofin.net\/public-downloads\/brochures\/brochure-fr-electra-refroidisseurs-alternateur-et-moteur.pdf\" target=\"_blank\"><span  style=\"color:#ed1c24 !important;background-color: !important;\" class=\"oic-social-adobe clear xlarge \" ><\/span><\/a><h3 style=\"color:#1653a4\"><a href=\"https:\/\/thermofin.net\/public-downloads\/brochures\/brochure-fr-electra-refroidisseurs-alternateur-et-moteur.pdf\" target=\"_blank\">T\u00c9L\u00c9CHARGER LA BROCHURE<\/a><\/h3><\/div><\/div>[\/vc_column_inner][\/vc_row_inner][vc_row_inner css=\u00a0\u00bb.vc_custom_1488307802712{margin-top: 60px !important;}\u00a0\u00bb][vc_column_inner width=\u00a0\u00bb1\/2&Prime;][vc_single_image image=\u00a0\u00bb7553&Prime; img_size=\u00a0\u00bbfull\u00a0\u00bb alignment=\u00a0\u00bbcenter\u00a0\u00bb]<div id=\"tile-with-icon_icon4202\" class=\"title-with-icon-wrapper clear xlarge \" data-color=\"\"><div class=\"wpb_content_element title-with-icon clearfix \"><a href=\"https:\/\/thermofin.net\/public-downloads\/brochures\/brochure-fr-eolia-aeroregrigerants-industriel.pdf\" target=\"_blank\"><span  style=\"color:#ed1c24 !important;background-color: !important;\" class=\"oic-social-adobe clear xlarge \" ><\/span><\/a><h3 style=\"color:#1653a4\"><a href=\"https:\/\/thermofin.net\/public-downloads\/brochures\/brochure-fr-eolia-aeroregrigerants-industriel.pdf\" target=\"_blank\">T\u00c9L\u00c9CHARGER LA BROCHURE<\/a><\/h3><\/div><\/div>[\/vc_column_inner][vc_column_inner width=\u00a0\u00bb1\/2&Prime;][vc_single_image image=\u00a0\u00bb7555&Prime; img_size=\u00a0\u00bbfull\u00a0\u00bb alignment=\u00a0\u00bbcenter\u00a0\u00bb]<div id=\"tile-with-icon_icon1202\" class=\"title-with-icon-wrapper clear xlarge \" data-color=\"\"><div class=\"wpb_content_element title-with-icon clearfix \"><a href=\"https:\/\/thermofin.net\/public-downloads\/brochures\/brochure-fr-t-rex-refroidisseurs-de-transformateur.pdf\" target=\"_blank\"><span  style=\"color:#ed1c24 !important;background-color: !important;\" class=\"oic-social-adobe clear xlarge \" ><\/span><\/a><h3 style=\"color:#1653a4\"><a href=\"https:\/\/thermofin.net\/public-downloads\/brochures\/brochure-fr-t-rex-refroidisseurs-de-transformateur.pdf\" target=\"_blank\">T\u00c9L\u00c9CHARGER LA BROCHURE<\/a><\/h3><\/div><\/div>[\/vc_column_inner][\/vc_row_inner][vc_row_inner css=\u00a0\u00bb.vc_custom_1488307802712{margin-top: 60px !important;}\u00a0\u00bb][vc_column_inner width=\u00a0\u00bb1\/2&Prime;][vc_single_image image=\u00a0\u00bb7557&Prime; img_size=\u00a0\u00bbfull\u00a0\u00bb alignment=\u00a0\u00bbcenter\u00a0\u00bb]<div id=\"tile-with-icon_icon4712\" class=\"title-with-icon-wrapper clear xlarge \" data-color=\"\"><div class=\"wpb_content_element title-with-icon clearfix \"><a href=\"https:\/\/thermofin.net\/public-downloads\/brochures\/brochure-fr-isteam-serpentins-a-vapeur.pdf\" target=\"_blank\"><span  style=\"color:#ed1c24 !important;background-color: !important;\" class=\"oic-social-adobe clear xlarge \" ><\/span><\/a><h3 style=\"color:#1653a4\"><a href=\"https:\/\/thermofin.net\/public-downloads\/brochures\/brochure-fr-isteam-serpentins-a-vapeur.pdf\" target=\"_blank\">T\u00c9L\u00c9CHARGER LA BROCHURE<\/a><\/h3><\/div><\/div>[\/vc_column_inner][vc_column_inner width=\u00a0\u00bb1\/2&Prime;][vc_single_image image=\u00a0\u00bb7559&Prime; img_size=\u00a0\u00bbfull\u00a0\u00bb alignment=\u00a0\u00bbcenter\u00a0\u00bb]<div id=\"tile-with-icon_icon1770\" class=\"title-with-icon-wrapper clear xlarge \" data-color=\"\"><div class=\"wpb_content_element title-with-icon clearfix \"><a href=\"https:\/\/thermofin.net\/public-downloads\/brochures\/brochure-fr-t-rex-refroidisseurs-de-transformateur-onan-onaf.pdf\" target=\"_blank\"><span  style=\"color:#ed1c24 !important;background-color: !important;\" class=\"oic-social-adobe clear xlarge \" ><\/span><\/a><h3 style=\"color:#1653a4\"><a href=\"https:\/\/thermofin.net\/public-downloads\/brochures\/brochure-fr-t-rex-refroidisseurs-de-transformateur-onan-onaf.pdf\" target=\"_blank\">T\u00c9L\u00c9CHARGER LA BROCHURE<\/a><\/h3><\/div><\/div>[\/vc_column_inner][\/vc_row_inner][vc_row_inner css=\u00a0\u00bb.vc_custom_1488307802712{margin-top: 60px !important;}\u00a0\u00bb][vc_column_inner width=\u00a0\u00bb1\/2&Prime;][vc_single_image image=\u00a0\u00bb7617&Prime; img_size=\u00a0\u00bbfull\u00a0\u00bb alignment=\u00a0\u00bbcenter\u00a0\u00bb]<div id=\"tile-with-icon_icon6461\" class=\"title-with-icon-wrapper clear xlarge \" data-color=\"\"><div class=\"wpb_content_element title-with-icon clearfix \"><a href=\"https:\/\/thermofin.net\/public-downloads\/brochures\/brochure-fr-hydrocool-refroidisseurs-de-paliers-guide-et-butee.pdf\" target=\"_blank\"><span  style=\"color:#ed1c24 !important;background-color: !important;\" class=\"oic-social-adobe clear xlarge \" ><\/span><\/a><h3 style=\"color:#1653a4\"><a href=\"https:\/\/thermofin.net\/public-downloads\/brochures\/brochure-fr-hydrocool-refroidisseurs-de-paliers-guide-et-butee.pdf\" target=\"_blank\">T\u00c9L\u00c9CHARGER LA BROCHURE<\/a><\/h3><\/div><\/div>[\/vc_column_inner][vc_column_inner width=\u00a0\u00bb1\/2&Prime;][vc_single_image image=\u00a0\u00bb7561&Prime; img_size=\u00a0\u00bbfull\u00a0\u00bb alignment=\u00a0\u00bbcenter\u00a0\u00bb]<div id=\"tile-with-icon_icon6656\" class=\"title-with-icon-wrapper clear xlarge \" data-color=\"\"><div class=\"wpb_content_element title-with-icon clearfix \"><a href=\"https:\/\/thermofin.net\/public-downloads\/brochures\/brochure-fr-cristopia-stockage-energie-thermique.pdf\" target=\"_blank\"><span  style=\"color:#ed1c24 !important;background-color: !important;\" class=\"oic-social-adobe clear xlarge \" ><\/span><\/a><h3 style=\"color:#1653a4\"><a href=\"https:\/\/thermofin.net\/public-downloads\/brochures\/brochure-fr-cristopia-stockage-energie-thermique.pdf\" target=\"_blank\">T\u00c9L\u00c9CHARGER LA BROCHURE<\/a><\/h3><\/div><\/div>[\/vc_column_inner][\/vc_row_inner][\/vc_column][\/vc_row][vc_row row_fullwidth=\u00a0\u00bb1&Prime; css=\u00a0\u00bb.vc_custom_1488394665180{margin-top: 60px !important;margin-right: 0px !important;margin-bottom: 0px !important;margin-left: 0px !important;padding-top: 0px !important;padding-right: 0px !important;padding-bottom: 0px !important;padding-left: 0px !important;}\u00a0\u00bb el_class=\u00a0\u00bbfront-wide-call-fr\u00a0\u00bb][vc_column]<div id=\"owcta-50710\" class=\"ozy-wide-call-to-action\"><div class=\"bar\"><div><i class=\"oic-flaticon5-time\">&nbsp;<\/i><div class=\"part1\"><h5>Pour toutes questions<br>Appelez-nous : <span>+1 450-444-4405<\/span><\/h5><\/div><div class=\"part2\"><a href=\"#request-a-rate\" class=\"comp-request-a-rate\">DEMANDEZ UNE SOUMISSION<\/a><\/div><\/div><\/div><div class=\"gradient\"><div><h5>NOUS SOMMES<\/h5><h3>DES CR\u00c9ATEURS D'\u00c9CHANGEURS<\/h3><h4>AX\u00c9S SUR LA PERFORMANCE<\/h4><\/div><\/div><\/div>[\/vc_column][\/vc_row]<\/p>\n<\/div>","protected":false},"excerpt":{"rendered":"<p>[vc_row][vc_column][vc_custom_heading text=\u00a0\u00bbNOS BROCHURES\u00a0\u00bb font_container=\u00a0\u00bbtag:h2|text_align:center\u00a0\u00bb use_theme_fonts=\u00a0\u00bbyes\u00a0\u00bb css=\u00a0\u00bb.vc_custom_1488313362793{margin-top: 30px !important;}\u00a0\u00bb][vc_column_text] Que vous soyez un vendeur\/int\u00e9grateur int\u00e9ress\u00e9 \u00e0 parler de nos produits \u00e0 vos clients ou souhaitiez simplement obtenir plus de documentation sur un produit, n&rsquo;h\u00e9sitez pas \u00e0 t\u00e9l\u00e9charger nos brochures ci-dessous. Nous pouvons \u00e9galement vous fournir, sur demande, des imprim\u00e9s et autre mat\u00e9riel promotionnel, comme des \u00e9chantillons de nos tube \u00e0 ailettes en aluminium extrud\u00e9e POWERFIN [\/vc_column_text][vc_row_inner css=\u00a0\u00bb.vc_custom_1488307802712{margin-top: 60px !important;}\u00a0\u00bb][vc_column_inner width=\u00a0\u00bb1\/2&Prime;][vc_single_image image=\u00a0\u00bb7545&Prime; img_size=\u00a0\u00bbfull\u00a0\u00bb alignment=\u00a0\u00bbcenter\u00a0\u00bb][\/vc_column_inner][vc_column_inner width=\u00a0\u00bb1\/2&Prime;][vc_single_image image=\u00a0\u00bb7547&Prime; img_size=\u00a0\u00bbfull\u00a0\u00bb alignment=\u00a0\u00bbcenter\u00a0\u00bb][\/vc_column_inner][\/vc_row_inner][vc_row_inner css=\u00a0\u00bb.vc_custom_1488307802712{margin-top: 60px !important;}\u00a0\u00bb][vc_column_inner width=\u00a0\u00bb1\/2&Prime;][vc_single_image image=\u00a0\u00bb7549&Prime; img_size=\u00a0\u00bbfull\u00a0\u00bb alignment=\u00a0\u00bbcenter\u00a0\u00bb][\/vc_column_inner][vc_column_inner width=\u00a0\u00bb1\/2&Prime;][vc_single_image image=\u00a0\u00bb7551&Prime; img_size=\u00a0\u00bbfull\u00a0\u00bb alignment=\u00a0\u00bbcenter\u00a0\u00bb][\/vc_column_inner][\/vc_row_inner][vc_row_inner css=\u00a0\u00bb.vc_custom_1488307802712{margin-top: 60px !important;}\u00a0\u00bb][vc_column_inner width=\u00a0\u00bb1\/2&Prime;][vc_single_image image=\u00a0\u00bb7553&Prime; img_size=\u00a0\u00bbfull\u00a0\u00bb alignment=\u00a0\u00bbcenter\u00a0\u00bb][\/vc_column_inner][vc_column_inner width=\u00a0\u00bb1\/2&Prime;][vc_single_image image=\u00a0\u00bb7555&Prime; img_size=\u00a0\u00bbfull\u00a0\u00bb alignment=\u00a0\u00bbcenter\u00a0\u00bb][\/vc_column_inner][\/vc_row_inner][vc_row_inner css=\u00a0\u00bb.vc_custom_1488307802712{margin-top: 60px !important;}\u00a0\u00bb][vc_column_inner width=\u00a0\u00bb1\/2&Prime;][vc_single_image image=\u00a0\u00bb7557&Prime; img_size=\u00a0\u00bbfull\u00a0\u00bb alignment=\u00a0\u00bbcenter\u00a0\u00bb][\/vc_column_inner][vc_column_inner width=\u00a0\u00bb1\/2&Prime;][vc_single_image image=\u00a0\u00bb7559&Prime; img_size=\u00a0\u00bbfull\u00a0\u00bb alignment=\u00a0\u00bbcenter\u00a0\u00bb][\/vc_column_inner][\/vc_row_inner][vc_row_inner css=\u00a0\u00bb.vc_custom_1488307802712{margin-top: 60px !important;}\u00a0\u00bb][vc_column_inner width=\u00a0\u00bb1\/2&Prime;][vc_single_image image=\u00a0\u00bb7617&Prime; img_size=\u00a0\u00bbfull\u00a0\u00bb alignment=\u00a0\u00bbcenter\u00a0\u00bb][\/vc_column_inner][vc_column_inner width=\u00a0\u00bb1\/2&Prime;][vc_single_image image=\u00a0\u00bb7561&Prime; img_size=\u00a0\u00bbfull\u00a0\u00bb alignment=\u00a0\u00bbcenter\u00a0\u00bb][\/vc_column_inner][\/vc_row_inner][\/vc_column][\/vc_row][vc_row row_fullwidth=\u00a0\u00bb1&Prime; css=\u00a0\u00bb.vc_custom_1488394665180{margin-top: 60px !important;margin-right: 0px !important;margin-bottom: 0px !important;margin-left: 0px !important;padding-top: [&hellip;]<\/p>\n","protected":false},"author":2,"featured_media":0,"parent":4475,"menu_order":59,"comment_status":"closed","ping_status":"closed","template":"","meta":{"footnotes":""},"class_list":["post-4468","page","type-page","status-publish","hentry"],"yoast_head":"<!-- This site is optimized with the Yoast SEO Premium plugin v27.4 (Yoast SEO v27.4) - https:\/\/yoast.com\/product\/yoast-seo-premium-wordpress\/ -->\n<title>BROCHURES DE NOS PRODUITS ET \u00c9CHANGEURS DE CHALEUR<\/title>\n<meta name=\"description\" content=\"Que vous soyez un vendeur\/int\u00e9grateur int\u00e9ress\u00e9 \u00e0 parler de nos produits \u00e0 vos clients ou souhaitiez simplement obtenir plus de documentation sur un produit, n&#039;h\u00e9sitez pas \u00e0 t\u00e9l\u00e9charger nos brochures ci-dessous.\" \/>\n<meta name=\"robots\" content=\"index, follow, max-snippet:-1, max-image-preview:large, max-video-preview:-1\" \/>\n<link rel=\"canonical\" href=\"https:\/\/thermofin.net\/fr\/telechargements\/brochures\/\" \/>\n<meta property=\"og:locale\" content=\"fr_FR\" \/>\n<meta property=\"og:type\" content=\"article\" \/>\n<meta property=\"og:title\" content=\"BROCHURES\" \/>\n<meta property=\"og:description\" content=\"Que vous soyez un vendeur\/int\u00e9grateur int\u00e9ress\u00e9 \u00e0 parler de nos produits \u00e0 vos clients ou souhaitiez simplement obtenir plus de documentation sur un\" \/>\n<meta property=\"og:url\" content=\"https:\/\/thermofin.net\/fr\/telechargements\/brochures\/\" \/>\n<meta property=\"og:site_name\" content=\"THERMOFIN\" \/>\n<meta property=\"article:publisher\" content=\"https:\/\/www.facebook.com\/Thermofin\/\" \/>\n<meta property=\"article:modified_time\" content=\"2023-10-11T20:55:16+00:00\" \/>\n<meta property=\"og:image\" content=\"https:\/\/thermofin.net\/wp-content\/uploads\/2017\/07\/brochures-thermofin-banner-fr.jpg\" \/>\n\t<meta property=\"og:image:width\" content=\"1920\" \/>\n\t<meta property=\"og:image:height\" content=\"800\" \/>\n\t<meta property=\"og:image:type\" content=\"image\/jpeg\" \/>\n<meta name=\"twitter:card\" content=\"summary_large_image\" \/>\n<meta name=\"twitter:site\" content=\"@Thermofin\" \/>\n<meta name=\"twitter:label1\" content=\"Dur\u00e9e de lecture estim\u00e9e\" \/>\n\t<meta name=\"twitter:data1\" content=\"2 minutes\" \/>\n<script type=\"application\/ld+json\" class=\"yoast-schema-graph\">{\"@context\":\"https:\\\/\\\/schema.org\",\"@graph\":[{\"@type\":\"WebPage\",\"@id\":\"https:\\\/\\\/thermofin.net\\\/fr\\\/telechargements\\\/brochures\\\/\",\"url\":\"https:\\\/\\\/thermofin.net\\\/fr\\\/telechargements\\\/brochures\\\/\",\"name\":\"BROCHURES DE NOS PRODUITS ET \u00c9CHANGEURS DE CHALEUR\",\"isPartOf\":{\"@id\":\"https:\\\/\\\/thermofin.net\\\/es\\\/#website\"},\"datePublished\":\"2017-02-28T16:22:01+00:00\",\"dateModified\":\"2023-10-11T20:55:16+00:00\",\"description\":\"Que vous soyez un vendeur\\\/int\u00e9grateur int\u00e9ress\u00e9 \u00e0 parler de nos produits \u00e0 vos clients ou souhaitiez simplement obtenir plus de documentation sur un produit, n'h\u00e9sitez pas \u00e0 t\u00e9l\u00e9charger nos brochures ci-dessous.\",\"breadcrumb\":{\"@id\":\"https:\\\/\\\/thermofin.net\\\/fr\\\/telechargements\\\/brochures\\\/#breadcrumb\"},\"inLanguage\":\"fr-FR\",\"potentialAction\":[{\"@type\":\"ReadAction\",\"target\":[\"https:\\\/\\\/thermofin.net\\\/fr\\\/telechargements\\\/brochures\\\/\"]}]},{\"@type\":\"BreadcrumbList\",\"@id\":\"https:\\\/\\\/thermofin.net\\\/fr\\\/telechargements\\\/brochures\\\/#breadcrumb\",\"itemListElement\":[{\"@type\":\"ListItem\",\"position\":1,\"name\":\"Home\",\"item\":\"https:\\\/\\\/thermofin.net\\\/fr\\\/\"},{\"@type\":\"ListItem\",\"position\":2,\"name\":\"T\u00c9L\u00c9CHARGEMENTS\",\"item\":\"https:\\\/\\\/thermofin.net\\\/fr\\\/telechargements\\\/\"},{\"@type\":\"ListItem\",\"position\":3,\"name\":\"BROCHURES\"}]},{\"@type\":\"WebSite\",\"@id\":\"https:\\\/\\\/thermofin.net\\\/es\\\/#website\",\"url\":\"https:\\\/\\\/thermofin.net\\\/es\\\/\",\"name\":\"THERMOFIN\",\"description\":\"Efficiency-Driven Heat Exchanger Creators\",\"publisher\":{\"@id\":\"https:\\\/\\\/thermofin.net\\\/es\\\/#organization\"},\"potentialAction\":[{\"@type\":\"SearchAction\",\"target\":{\"@type\":\"EntryPoint\",\"urlTemplate\":\"https:\\\/\\\/thermofin.net\\\/es\\\/?s={search_term_string}\"},\"query-input\":{\"@type\":\"PropertyValueSpecification\",\"valueRequired\":true,\"valueName\":\"search_term_string\"}}],\"inLanguage\":\"fr-FR\"},{\"@type\":\"Organization\",\"@id\":\"https:\\\/\\\/thermofin.net\\\/es\\\/#organization\",\"name\":\"Thermofin\",\"url\":\"https:\\\/\\\/thermofin.net\\\/es\\\/\",\"logo\":{\"@type\":\"ImageObject\",\"inLanguage\":\"fr-FR\",\"@id\":\"https:\\\/\\\/thermofin.net\\\/es\\\/#\\\/schema\\\/logo\\\/image\\\/\",\"url\":\"https:\\\/\\\/thermofin.net\\\/wp-content\\\/uploads\\\/2017\\\/04\\\/logo.png\",\"contentUrl\":\"https:\\\/\\\/thermofin.net\\\/wp-content\\\/uploads\\\/2017\\\/04\\\/logo.png\",\"width\":138,\"height\":74,\"caption\":\"Thermofin\"},\"image\":{\"@id\":\"https:\\\/\\\/thermofin.net\\\/es\\\/#\\\/schema\\\/logo\\\/image\\\/\"},\"sameAs\":[\"https:\\\/\\\/www.facebook.com\\\/Thermofin\\\/\",\"https:\\\/\\\/x.com\\\/Thermofin\",\"https:\\\/\\\/www.linkedin.com\\\/company\\\/thermofin\",\"https:\\\/\\\/www.youtube.com\\\/user\\\/thermofinvideos\"]}]}<\/script>\n<!-- \/ Yoast SEO Premium plugin. -->","yoast_head_json":{"title":"BROCHURES DE NOS PRODUITS ET \u00c9CHANGEURS DE CHALEUR","description":"Que vous soyez un vendeur\/int\u00e9grateur int\u00e9ress\u00e9 \u00e0 parler de nos produits \u00e0 vos clients ou souhaitiez simplement obtenir plus de documentation sur un produit, n'h\u00e9sitez pas \u00e0 t\u00e9l\u00e9charger nos brochures ci-dessous.","robots":{"index":"index","follow":"follow","max-snippet":"max-snippet:-1","max-image-preview":"max-image-preview:large","max-video-preview":"max-video-preview:-1"},"canonical":"https:\/\/thermofin.net\/fr\/telechargements\/brochures\/","og_locale":"fr_FR","og_type":"article","og_title":"BROCHURES","og_description":"Que vous soyez un vendeur\/int\u00e9grateur int\u00e9ress\u00e9 \u00e0 parler de nos produits \u00e0 vos clients ou souhaitiez simplement obtenir plus de documentation sur un","og_url":"https:\/\/thermofin.net\/fr\/telechargements\/brochures\/","og_site_name":"THERMOFIN","article_publisher":"https:\/\/www.facebook.com\/Thermofin\/","article_modified_time":"2023-10-11T20:55:16+00:00","og_image":[{"width":1920,"height":800,"url":"https:\/\/thermofin.net\/wp-content\/uploads\/2017\/07\/brochures-thermofin-banner-fr.jpg","type":"image\/jpeg"}],"twitter_card":"summary_large_image","twitter_site":"@Thermofin","twitter_misc":{"Dur\u00e9e de lecture estim\u00e9e":"2 minutes"},"schema":{"@context":"https:\/\/schema.org","@graph":[{"@type":"WebPage","@id":"https:\/\/thermofin.net\/fr\/telechargements\/brochures\/","url":"https:\/\/thermofin.net\/fr\/telechargements\/brochures\/","name":"BROCHURES DE NOS PRODUITS ET \u00c9CHANGEURS DE CHALEUR","isPartOf":{"@id":"https:\/\/thermofin.net\/es\/#website"},"datePublished":"2017-02-28T16:22:01+00:00","dateModified":"2023-10-11T20:55:16+00:00","description":"Que vous soyez un vendeur\/int\u00e9grateur int\u00e9ress\u00e9 \u00e0 parler de nos produits \u00e0 vos clients ou souhaitiez simplement obtenir plus de documentation sur un produit, n'h\u00e9sitez pas \u00e0 t\u00e9l\u00e9charger nos brochures ci-dessous.","breadcrumb":{"@id":"https:\/\/thermofin.net\/fr\/telechargements\/brochures\/#breadcrumb"},"inLanguage":"fr-FR","potentialAction":[{"@type":"ReadAction","target":["https:\/\/thermofin.net\/fr\/telechargements\/brochures\/"]}]},{"@type":"BreadcrumbList","@id":"https:\/\/thermofin.net\/fr\/telechargements\/brochures\/#breadcrumb","itemListElement":[{"@type":"ListItem","position":1,"name":"Home","item":"https:\/\/thermofin.net\/fr\/"},{"@type":"ListItem","position":2,"name":"T\u00c9L\u00c9CHARGEMENTS","item":"https:\/\/thermofin.net\/fr\/telechargements\/"},{"@type":"ListItem","position":3,"name":"BROCHURES"}]},{"@type":"WebSite","@id":"https:\/\/thermofin.net\/es\/#website","url":"https:\/\/thermofin.net\/es\/","name":"THERMOFIN","description":"Efficiency-Driven Heat Exchanger Creators","publisher":{"@id":"https:\/\/thermofin.net\/es\/#organization"},"potentialAction":[{"@type":"SearchAction","target":{"@type":"EntryPoint","urlTemplate":"https:\/\/thermofin.net\/es\/?s={search_term_string}"},"query-input":{"@type":"PropertyValueSpecification","valueRequired":true,"valueName":"search_term_string"}}],"inLanguage":"fr-FR"},{"@type":"Organization","@id":"https:\/\/thermofin.net\/es\/#organization","name":"Thermofin","url":"https:\/\/thermofin.net\/es\/","logo":{"@type":"ImageObject","inLanguage":"fr-FR","@id":"https:\/\/thermofin.net\/es\/#\/schema\/logo\/image\/","url":"https:\/\/thermofin.net\/wp-content\/uploads\/2017\/04\/logo.png","contentUrl":"https:\/\/thermofin.net\/wp-content\/uploads\/2017\/04\/logo.png","width":138,"height":74,"caption":"Thermofin"},"image":{"@id":"https:\/\/thermofin.net\/es\/#\/schema\/logo\/image\/"},"sameAs":["https:\/\/www.facebook.com\/Thermofin\/","https:\/\/x.com\/Thermofin","https:\/\/www.linkedin.com\/company\/thermofin","https:\/\/www.youtube.com\/user\/thermofinvideos"]}]}},"_links":{"self":[{"href":"https:\/\/thermofin.net\/fr\/wp-json\/wp\/v2\/pages\/4468","targetHints":{"allow":["GET"]}}],"collection":[{"href":"https:\/\/thermofin.net\/fr\/wp-json\/wp\/v2\/pages"}],"about":[{"href":"https:\/\/thermofin.net\/fr\/wp-json\/wp\/v2\/types\/page"}],"author":[{"embeddable":true,"href":"https:\/\/thermofin.net\/fr\/wp-json\/wp\/v2\/users\/2"}],"replies":[{"embeddable":true,"href":"https:\/\/thermofin.net\/fr\/wp-json\/wp\/v2\/comments?post=4468"}],"version-history":[{"count":2,"href":"https:\/\/thermofin.net\/fr\/wp-json\/wp\/v2\/pages\/4468\/revisions"}],"predecessor-version":[{"id":9036,"href":"https:\/\/thermofin.net\/fr\/wp-json\/wp\/v2\/pages\/4468\/revisions\/9036"}],"up":[{"embeddable":true,"href":"https:\/\/thermofin.net\/fr\/wp-json\/wp\/v2\/pages\/4475"}],"wp:attachment":[{"href":"https:\/\/thermofin.net\/fr\/wp-json\/wp\/v2\/media?parent=4468"}],"curies":[{"name":"wp","href":"https:\/\/api.w.org\/{rel}","templated":true}]}}