{"id":2474,"date":"2016-08-09T14:55:40","date_gmt":"2016-08-09T18:55:40","guid":{"rendered":"http:\/\/thermofin.net\/?page_id=2474"},"modified":"2020-06-25T23:29:30","modified_gmt":"2020-06-26T03:29:30","slug":"contactez-nous","status":"publish","type":"page","link":"https:\/\/thermofin.net\/fr\/contactez-nous\/","title":{"rendered":"CONTACTEZ-NOUS"},"content":{"rendered":"<div class=\"wpb-content-wrapper\"><p>[vc_row bg_parallax=\u00a0\u00bboff\u00a0\u00bb css=\u00a0\u00bb.vc_custom_1491403514377{margin-top: 60px !important;}\u00a0\u00bb][vc_column][vc_custom_heading source=\u00a0\u00bbpost_title\u00a0\u00bb use_theme_fonts=\u00a0\u00bbyes\u00a0\u00bb][\/vc_column][\/vc_row][vc_row bg_parallax=\u00a0\u00bboff\u00a0\u00bb css=\u00a0\u00bb.vc_custom_1499712671959{margin-top: 0px !important;padding-top: 40px !important;}\u00a0\u00bb][vc_column width=\u00a0\u00bb1\/3&Prime;][vc_column_text]<\/p>\n<h5>THERMOFIN (SI\u00c8GE SOCIAL)<\/h5>\n<p><strong>Candiac (QC), Canada<\/strong><br \/>\n47 boul. Marie-Victorin, J5R 1B6<br \/>\nT\u00e9l. : +1 450-444-4405<br \/>\nInt. : 1-888-635-8450<br \/>\nT\u00e9lec. (Fax) : +1 450-444-7745<br \/>\nCourriel : <a href=\"&#109;a&#x69;l&#x74;o&#x3a;&#116;&#x68;&#101;&#x72;&#109;o&#x66;i&#x6e;&#64;&#x74;&#104;&#x65;&#114;&#x6d;&#111;&#x66;&#105;n&#x2e;n&#x65;t\">&#x74;&#x68;&#101;rm&#x6f;&#x66;&#105;&#110;&#64;&#x74;&#x68;&#101;&#114;m&#x6f;&#x66;&#x69;&#110;&#46;n&#x65;&#x74;<\/a>[\/vc_column_text][\/vc_column][vc_column width=\u00a0\u00bb1\/3&Prime;][vc_column_text]<\/p>\n<h5>THERMOFIN (USINE DE QUEBEC)<\/h5>\n<p><strong>L\u00e9vis (QC), Canada<\/strong><br \/>\n907 Napol\u00e9on-H\u00e9bert, G7A 5L3<br \/>\nInt. : 1-888-635-8450<br \/>\nT\u00e9lec. (Fax) : +1 450-444-7745<br \/>\nCourriel : <a href=\"&#x6d;&#x61;&#x69;&#x6c;&#x74;&#x6f;&#x3a;&#x74;&#x68;&#x65;&#x72;&#x6d;&#x6f;&#x66;&#x69;&#x6e;&#x40;&#x74;&#x68;&#x65;&#x72;&#x6d;&#x6f;&#x66;&#x69;&#x6e;&#x2e;&#x6e;&#x65;&#x74;\">ther&#109;&#111;&#102;&#105;&#110;&#x40;&#x74;&#x68;&#x65;&#x72;&#x6d;&#x6f;fin&#46;&#110;&#101;&#116;<\/a>[\/vc_column_text][\/vc_column][vc_column width=\u00a0\u00bb1\/3&Prime;][vc_column_text]<\/p>\n<h5>THERMOFIN (USINE DE STE-CATHERINE)<\/h5>\n<p><strong>Ste-Catherine (QC), Canada<\/strong><br \/>\n1560 rue d&rsquo;Amour, J5C 1C4<br \/>\nInt. : 1-888-635-8450<br \/>\nT\u00e9lec. (Fax) : +1 450-444-7745<br \/>\nCourriel : <a href=\"&#x6d;&#x61;&#x69;&#x6c;&#116;&#111;&#58;th&#x65;&#x72;&#x6d;&#x6f;&#x66;&#105;&#110;&#64;th&#x65;&#x72;&#x6d;&#x6f;&#x66;&#105;&#110;&#46;ne&#x74;\">&#x74;&#x68;&#x65;&#x72;&#109;&#111;&#102;in&#x40;&#x74;&#x68;&#x65;&#x72;&#109;&#111;&#102;in&#x2e;&#x6e;&#x65;&#x74;<\/a>[\/vc_column_text][\/vc_column][\/vc_row][vc_row bg_parallax=\u00a0\u00bboff\u00a0\u00bb css=\u00a0\u00bb.vc_custom_1491403854121{margin-bottom: 0px !important;padding-bottom: 0px !important;}\u00a0\u00bb][vc_column width=\u00a0\u00bb1\/2&Prime; css=\u00a0\u00bb.vc_custom_1491505271978{padding-top: 120px !important;}\u00a0\u00bb]\n<div class=\"wpcf7 no-js\" id=\"wpcf7-f2540-o1\" lang=\"en-US\" dir=\"ltr\" data-wpcf7-id=\"2540\">\n<div class=\"screen-reader-response\"><p role=\"status\" aria-live=\"polite\" aria-atomic=\"true\"><\/p> <ul><\/ul><\/div>\n<form action=\"\/fr\/wp-json\/wp\/v2\/pages\/2474#wpcf7-f2540-o1\" method=\"post\" class=\"wpcf7-form init\" aria-label=\"Contact form\" novalidate=\"novalidate\" data-status=\"init\">\n<fieldset class=\"hidden-fields-container\"><input type=\"hidden\" name=\"_wpcf7\" value=\"2540\" \/><input type=\"hidden\" name=\"_wpcf7_version\" value=\"6.1.5\" \/><input type=\"hidden\" name=\"_wpcf7_locale\" value=\"en_US\" \/><input type=\"hidden\" name=\"_wpcf7_unit_tag\" value=\"wpcf7-f2540-o1\" \/><input type=\"hidden\" name=\"_wpcf7_container_post\" value=\"0\" \/><input type=\"hidden\" name=\"_wpcf7_posted_data_hash\" value=\"\" \/><input type=\"hidden\" name=\"_wpcf7_recaptcha_response\" value=\"\" \/>\n<\/fieldset>\n<p>Votre Nom (requis)\n<\/p>\n<p><span class=\"wpcf7-form-control-wrap\" data-name=\"your-name\"><input size=\"40\" maxlength=\"400\" class=\"wpcf7-form-control wpcf7-text wpcf7-validates-as-required\" aria-required=\"true\" aria-invalid=\"false\" value=\"\" type=\"text\" name=\"your-name\" \/><\/span>\n<\/p>\n<p>Votre Courriel (requis)\n<\/p>\n<p><span class=\"wpcf7-form-control-wrap\" data-name=\"your-email\"><input size=\"40\" maxlength=\"400\" class=\"wpcf7-form-control wpcf7-email wpcf7-validates-as-required wpcf7-text wpcf7-validates-as-email\" aria-required=\"true\" aria-invalid=\"false\" value=\"\" type=\"email\" name=\"your-email\" \/><\/span>\n<\/p>\n<p>Sujet\n<\/p>\n<p><span class=\"wpcf7-form-control-wrap\" data-name=\"your-subject\"><input size=\"40\" maxlength=\"400\" class=\"wpcf7-form-control wpcf7-text\" aria-invalid=\"false\" value=\"\" type=\"text\" name=\"your-subject\" \/><\/span>\n<\/p>\n<p>Votre Message\n<\/p>\n<p><span class=\"wpcf7-form-control-wrap\" data-name=\"your-message\"><textarea cols=\"40\" rows=\"6\" maxlength=\"2000\" class=\"wpcf7-form-control wpcf7-textarea\" aria-invalid=\"false\" name=\"your-message\"><\/textarea><\/span>\n<\/p>\n<p>\n\n<\/p>\n<p><input class=\"wpcf7-form-control wpcf7-submit has-spinner\" type=\"submit\" value=\"Envoyer\" \/>\n<\/p><div class=\"wpcf7-response-output\" aria-hidden=\"true\"><\/div>\n<\/form>\n<\/div>\n[\/vc_column][vc_column width=\u00a0\u00bb1\/2&Prime; offset=\u00a0\u00bbvc_hidden-xs\u00a0\u00bb][vc_single_image image=\u00a0\u00bb7036&Prime; img_size=\u00a0\u00bbfull\u00a0\u00bb alignment=\u00a0\u00bbcenter\u00a0\u00bb css=\u00a0\u00bb.vc_custom_1496763246137{margin-top: 80px !important;margin-bottom: 0px !important;margin-left: 80px !important;padding-bottom: 0px !important;}\u00a0\u00bb][\/vc_column][\/vc_row][vc_row row_fullwidth=\u00a0\u00bb1&Prime; css=\u00a0\u00bb.vc_custom_1495662621900{margin-top: -10px !important;margin-right: 0px !important;margin-bottom: 0px !important;margin-left: 0px !important;padding-top: 0px !important;padding-right: 0px !important;padding-bottom: 0px !important;padding-left: 0px !important;}\u00a0\u00bb el_class=\u00a0\u00bbfront-map-1920&Prime;][vc_column][vc_single_image image=\u00a0\u00bb4285&Prime; img_size=\u00a0\u00bbfull\u00a0\u00bb alignment=\u00a0\u00bbcenter\u00a0\u00bb onclick=\u00a0\u00bbcustom_link\u00a0\u00bb img_link_target=\u00a0\u00bb_blank\u00a0\u00bb css_animation=\u00a0\u00bbnone\u00a0\u00bb link=\u00a0\u00bbhttps:\/\/drive.google.com\/open?id=1YU2mA_5QRUMIwWkg_Sx_Wt2Dg2g&amp;usp=sharing\u00a0\u00bb][\/vc_column][\/vc_row][vc_row row_fullwidth=\u00a0\u00bb1&Prime; css=\u00a0\u00bb.vc_custom_1495662662875{margin-top: -10px !important;margin-right: 0px !important;margin-bottom: 0px !important;margin-left: 0px !important;padding-top: 0px !important;padding-right: 0px !important;padding-bottom: 0px !important;padding-left: 0px !important;}\u00a0\u00bb el_class=\u00a0\u00bbfront-map-1024&Prime;][vc_column][vc_single_image image=\u00a0\u00bb6518&Prime; img_size=\u00a0\u00bbfull\u00a0\u00bb alignment=\u00a0\u00bbcenter\u00a0\u00bb onclick=\u00a0\u00bbcustom_link\u00a0\u00bb img_link_target=\u00a0\u00bb_blank\u00a0\u00bb css_animation=\u00a0\u00bbnone\u00a0\u00bb link=\u00a0\u00bbhttps:\/\/drive.google.com\/open?id=1YU2mA_5QRUMIwWkg_Sx_Wt2Dg2g&amp;usp=sharing\u00a0\u00bb][\/vc_column][\/vc_row][vc_row row_fullwidth=\u00a0\u00bb1&Prime; css=\u00a0\u00bb.vc_custom_1495663110819{margin-top: -10px !important;margin-right: 0px !important;margin-bottom: 0px !important;margin-left: 0px !important;padding-top: 0px !important;padding-right: 0px !important;padding-bottom: 0px !important;padding-left: 0px !important;}\u00a0\u00bb el_class=\u00a0\u00bbfront-map-600&Prime;][vc_column][vc_single_image image=\u00a0\u00bb6521&Prime; img_size=\u00a0\u00bbfull\u00a0\u00bb alignment=\u00a0\u00bbcenter\u00a0\u00bb onclick=\u00a0\u00bbcustom_link\u00a0\u00bb img_link_target=\u00a0\u00bb_blank\u00a0\u00bb css_animation=\u00a0\u00bbnone\u00a0\u00bb link=\u00a0\u00bbhttps:\/\/drive.google.com\/open?id=1YU2mA_5QRUMIwWkg_Sx_Wt2Dg2g&amp;usp=sharing\u00a0\u00bb][\/vc_column][\/vc_row][vc_row row_fullwidth=\u00a0\u00bb1&Prime; css=\u00a0\u00bb.vc_custom_1491403373359{margin-top: 60px !important;margin-right: 0px !important;margin-bottom: 0px !important;margin-left: 0px !important;padding-top: 0px !important;padding-right: 0px !important;padding-bottom: 0px !important;padding-left: 0px !important;}\u00a0\u00bb el_class=\u00a0\u00bbfront-wide-call-fr\u00a0\u00bb][vc_column]<div id=\"owcta-57706\" class=\"ozy-wide-call-to-action\"><div class=\"bar\"><div><i class=\"oic-flaticon5-time\">&nbsp;<\/i><div class=\"part1\"><h5>Pour toutes questions<br>Appelez-nous : <span>+1 450-444-4405<\/span><\/h5><\/div><div class=\"part2\"><a href=\"#request-a-rate\" class=\"comp-request-a-rate\">DEMANDEZ UNE SOUMISSION<\/a><\/div><\/div><\/div><div class=\"gradient\"><div><h5>NOUS SOMMES<\/h5><h3>DES CR\u00c9ATEURS D'\u00c9CHANGEURS<\/h3><h4>AX\u00c9S SUR LA PERFORMANCE<\/h4><\/div><\/div><\/div>[\/vc_column][\/vc_row]<\/p>\n<\/div>","protected":false},"excerpt":{"rendered":"<p>[vc_row bg_parallax=\u00a0\u00bboff\u00a0\u00bb css=\u00a0\u00bb.vc_custom_1491403514377{margin-top: 60px !important;}\u00a0\u00bb][vc_column][vc_custom_heading source=\u00a0\u00bbpost_title\u00a0\u00bb use_theme_fonts=\u00a0\u00bbyes\u00a0\u00bb][\/vc_column][\/vc_row][vc_row bg_parallax=\u00a0\u00bboff\u00a0\u00bb css=\u00a0\u00bb.vc_custom_1499712671959{margin-top: 0px !important;padding-top: 40px !important;}\u00a0\u00bb][vc_column width=\u00a0\u00bb1\/3&Prime;][vc_column_text] THERMOFIN (SI\u00c8GE SOCIAL) Candiac (QC), Canada 47 boul. Marie-Victorin, J5R 1B6 T\u00e9l. : +1 450-444-4405 Int. : 1-888-635-8450 T\u00e9lec. (Fax) : +1 450-444-7745 Courriel : &#x74;&#x68;&#x65;&#114;&#109;of&#x69;&#x6e;&#x40;&#116;&#104;er&#x6d;&#x6f;&#x66;&#105;&#110;&#46;n&#x65;&#x74;[\/vc_column_text][\/vc_column][vc_column width=\u00a0\u00bb1\/3&Prime;][vc_column_text] THERMOFIN (USINE DE QUEBEC) L\u00e9vis (QC), Canada 907 Napol\u00e9on-H\u00e9bert, G7A 5L3 Int. : 1-888-635-8450 T\u00e9lec. (Fax) : +1 450-444-7745 Courriel : &#116;&#104;&#x65;r&#109;&#x6f;&#x66;i&#110;&#x40;&#x74;h&#101;&#x72;m&#111;&#x66;&#x69;n&#46;&#x6e;&#x65;t[\/vc_column_text][\/vc_column][vc_column width=\u00a0\u00bb1\/3&Prime;][vc_column_text] THERMOFIN (USINE DE STE-CATHERINE) Ste-Catherine (QC), Canada 1560 rue d&rsquo;Amour, J5C 1C4 Int. : 1-888-635-8450 T\u00e9lec. (Fax) : +1 450-444-7745 Courriel : th&#101;&#114;&#109;&#x6f;&#x66;&#x69;&#x6e;&#64;t&#104;&#101;&#114;&#x6d;&#x6f;&#x66;&#x69;n&#46;&#110;&#101;&#116;[\/vc_column_text][\/vc_column][\/vc_row][vc_row bg_parallax=\u00a0\u00bboff\u00a0\u00bb css=\u00a0\u00bb.vc_custom_1491403854121{margin-bottom: 0px !important;padding-bottom: 0px !important;}\u00a0\u00bb][vc_column width=\u00a0\u00bb1\/2&Prime; css=\u00a0\u00bb.vc_custom_1491505271978{padding-top: 120px !important;}\u00a0\u00bb][\/vc_column][vc_column width=\u00a0\u00bb1\/2&Prime; offset=\u00a0\u00bbvc_hidden-xs\u00a0\u00bb][vc_single_image image=\u00a0\u00bb7036&Prime; img_size=\u00a0\u00bbfull\u00a0\u00bb alignment=\u00a0\u00bbcenter\u00a0\u00bb css=\u00a0\u00bb.vc_custom_1496763246137{margin-top: 80px !important;margin-bottom: 0px !important;margin-left: 80px !important;padding-bottom: 0px !important;}\u00a0\u00bb][\/vc_column][\/vc_row][vc_row row_fullwidth=\u00a0\u00bb1&Prime; css=\u00a0\u00bb.vc_custom_1495662621900{margin-top: -10px !important;margin-right: 0px !important;margin-bottom: 0px !important;margin-left: 0px !important;padding-top: 0px !important;padding-right: 0px !important;padding-bottom: 0px !important;padding-left: 0px !important;}\u00a0\u00bb el_class=\u00a0\u00bbfront-map-1920&Prime;][vc_column][vc_single_image [&hellip;]<\/p>\n","protected":false},"author":2,"featured_media":0,"parent":0,"menu_order":5,"comment_status":"closed","ping_status":"closed","template":"","meta":{"footnotes":""},"class_list":["post-2474","page","type-page","status-publish","hentry"],"yoast_head":"<!-- This site is optimized with the Yoast SEO Premium plugin v27.4 (Yoast SEO v27.4) - https:\/\/yoast.com\/product\/yoast-seo-premium-wordpress\/ -->\n<title>CONTACTEZ-NOUS - THERMOFIN<\/title>\n<meta name=\"robots\" content=\"index, follow, max-snippet:-1, max-image-preview:large, max-video-preview:-1\" \/>\n<link rel=\"canonical\" href=\"https:\/\/thermofin.net\/fr\/contactez-nous\/\" \/>\n<meta property=\"og:locale\" content=\"fr_FR\" \/>\n<meta property=\"og:type\" content=\"article\" \/>\n<meta property=\"og:title\" content=\"CONTACTEZ-NOUS\" \/>\n<meta property=\"og:description\" content=\"THERMOFIN (SI\u00c8GE SOCIAL) Candiac (QC), Canada 47 boul. Marie-Victorin, J5R 1B6 T\u00e9l. : +1 450-444-4405 Int. : 1-888-635-8450 T\u00e9lec. (Fax) : +1 450-444-7745\" \/>\n<meta property=\"og:url\" content=\"https:\/\/thermofin.net\/fr\/contactez-nous\/\" \/>\n<meta property=\"og:site_name\" content=\"THERMOFIN\" \/>\n<meta property=\"article:publisher\" content=\"https:\/\/www.facebook.com\/Thermofin\/\" \/>\n<meta property=\"article:modified_time\" content=\"2020-06-26T03:29:30+00:00\" \/>\n<meta property=\"og:image\" content=\"https:\/\/thermofin.net\/wp-content\/uploads\/2014\/11\/usine_candiac_facebook.jpg\" \/>\n\t<meta property=\"og:image:width\" content=\"1200\" \/>\n\t<meta property=\"og:image:height\" content=\"630\" \/>\n\t<meta property=\"og:image:type\" content=\"image\/jpeg\" \/>\n<meta name=\"twitter:card\" content=\"summary_large_image\" \/>\n<meta name=\"twitter:site\" content=\"@Thermofin\" \/>\n<meta name=\"twitter:label1\" content=\"Dur\u00e9e de lecture estim\u00e9e\" \/>\n\t<meta name=\"twitter:data1\" content=\"3 minutes\" \/>\n<script type=\"application\/ld+json\" class=\"yoast-schema-graph\">{\"@context\":\"https:\\\/\\\/schema.org\",\"@graph\":[{\"@type\":\"WebPage\",\"@id\":\"https:\\\/\\\/thermofin.net\\\/fr\\\/contactez-nous\\\/\",\"url\":\"https:\\\/\\\/thermofin.net\\\/fr\\\/contactez-nous\\\/\",\"name\":\"CONTACTEZ-NOUS - THERMOFIN\",\"isPartOf\":{\"@id\":\"https:\\\/\\\/thermofin.net\\\/es\\\/#website\"},\"datePublished\":\"2016-08-09T18:55:40+00:00\",\"dateModified\":\"2020-06-26T03:29:30+00:00\",\"breadcrumb\":{\"@id\":\"https:\\\/\\\/thermofin.net\\\/fr\\\/contactez-nous\\\/#breadcrumb\"},\"inLanguage\":\"fr-FR\",\"potentialAction\":[{\"@type\":\"ReadAction\",\"target\":[\"https:\\\/\\\/thermofin.net\\\/fr\\\/contactez-nous\\\/\"]}]},{\"@type\":\"BreadcrumbList\",\"@id\":\"https:\\\/\\\/thermofin.net\\\/fr\\\/contactez-nous\\\/#breadcrumb\",\"itemListElement\":[{\"@type\":\"ListItem\",\"position\":1,\"name\":\"Home\",\"item\":\"https:\\\/\\\/thermofin.net\\\/fr\\\/\"},{\"@type\":\"ListItem\",\"position\":2,\"name\":\"CONTACTEZ-NOUS\"}]},{\"@type\":\"WebSite\",\"@id\":\"https:\\\/\\\/thermofin.net\\\/es\\\/#website\",\"url\":\"https:\\\/\\\/thermofin.net\\\/es\\\/\",\"name\":\"THERMOFIN\",\"description\":\"Efficiency-Driven Heat Exchanger Creators\",\"publisher\":{\"@id\":\"https:\\\/\\\/thermofin.net\\\/es\\\/#organization\"},\"potentialAction\":[{\"@type\":\"SearchAction\",\"target\":{\"@type\":\"EntryPoint\",\"urlTemplate\":\"https:\\\/\\\/thermofin.net\\\/es\\\/?s={search_term_string}\"},\"query-input\":{\"@type\":\"PropertyValueSpecification\",\"valueRequired\":true,\"valueName\":\"search_term_string\"}}],\"inLanguage\":\"fr-FR\"},{\"@type\":\"Organization\",\"@id\":\"https:\\\/\\\/thermofin.net\\\/es\\\/#organization\",\"name\":\"Thermofin\",\"url\":\"https:\\\/\\\/thermofin.net\\\/es\\\/\",\"logo\":{\"@type\":\"ImageObject\",\"inLanguage\":\"fr-FR\",\"@id\":\"https:\\\/\\\/thermofin.net\\\/es\\\/#\\\/schema\\\/logo\\\/image\\\/\",\"url\":\"https:\\\/\\\/thermofin.net\\\/wp-content\\\/uploads\\\/2017\\\/04\\\/logo.png\",\"contentUrl\":\"https:\\\/\\\/thermofin.net\\\/wp-content\\\/uploads\\\/2017\\\/04\\\/logo.png\",\"width\":138,\"height\":74,\"caption\":\"Thermofin\"},\"image\":{\"@id\":\"https:\\\/\\\/thermofin.net\\\/es\\\/#\\\/schema\\\/logo\\\/image\\\/\"},\"sameAs\":[\"https:\\\/\\\/www.facebook.com\\\/Thermofin\\\/\",\"https:\\\/\\\/x.com\\\/Thermofin\",\"https:\\\/\\\/www.linkedin.com\\\/company\\\/thermofin\",\"https:\\\/\\\/www.youtube.com\\\/user\\\/thermofinvideos\"]}]}<\/script>\n<!-- \/ Yoast SEO Premium plugin. -->","yoast_head_json":{"title":"CONTACTEZ-NOUS - THERMOFIN","robots":{"index":"index","follow":"follow","max-snippet":"max-snippet:-1","max-image-preview":"max-image-preview:large","max-video-preview":"max-video-preview:-1"},"canonical":"https:\/\/thermofin.net\/fr\/contactez-nous\/","og_locale":"fr_FR","og_type":"article","og_title":"CONTACTEZ-NOUS","og_description":"THERMOFIN (SI\u00c8GE SOCIAL) Candiac (QC), Canada 47 boul. Marie-Victorin, J5R 1B6 T\u00e9l. : +1 450-444-4405 Int. : 1-888-635-8450 T\u00e9lec. (Fax) : +1 450-444-7745","og_url":"https:\/\/thermofin.net\/fr\/contactez-nous\/","og_site_name":"THERMOFIN","article_publisher":"https:\/\/www.facebook.com\/Thermofin\/","article_modified_time":"2020-06-26T03:29:30+00:00","og_image":[{"width":1200,"height":630,"url":"https:\/\/thermofin.net\/wp-content\/uploads\/2014\/11\/usine_candiac_facebook.jpg","type":"image\/jpeg"}],"twitter_card":"summary_large_image","twitter_site":"@Thermofin","twitter_misc":{"Dur\u00e9e de lecture estim\u00e9e":"3 minutes"},"schema":{"@context":"https:\/\/schema.org","@graph":[{"@type":"WebPage","@id":"https:\/\/thermofin.net\/fr\/contactez-nous\/","url":"https:\/\/thermofin.net\/fr\/contactez-nous\/","name":"CONTACTEZ-NOUS - THERMOFIN","isPartOf":{"@id":"https:\/\/thermofin.net\/es\/#website"},"datePublished":"2016-08-09T18:55:40+00:00","dateModified":"2020-06-26T03:29:30+00:00","breadcrumb":{"@id":"https:\/\/thermofin.net\/fr\/contactez-nous\/#breadcrumb"},"inLanguage":"fr-FR","potentialAction":[{"@type":"ReadAction","target":["https:\/\/thermofin.net\/fr\/contactez-nous\/"]}]},{"@type":"BreadcrumbList","@id":"https:\/\/thermofin.net\/fr\/contactez-nous\/#breadcrumb","itemListElement":[{"@type":"ListItem","position":1,"name":"Home","item":"https:\/\/thermofin.net\/fr\/"},{"@type":"ListItem","position":2,"name":"CONTACTEZ-NOUS"}]},{"@type":"WebSite","@id":"https:\/\/thermofin.net\/es\/#website","url":"https:\/\/thermofin.net\/es\/","name":"THERMOFIN","description":"Efficiency-Driven Heat Exchanger Creators","publisher":{"@id":"https:\/\/thermofin.net\/es\/#organization"},"potentialAction":[{"@type":"SearchAction","target":{"@type":"EntryPoint","urlTemplate":"https:\/\/thermofin.net\/es\/?s={search_term_string}"},"query-input":{"@type":"PropertyValueSpecification","valueRequired":true,"valueName":"search_term_string"}}],"inLanguage":"fr-FR"},{"@type":"Organization","@id":"https:\/\/thermofin.net\/es\/#organization","name":"Thermofin","url":"https:\/\/thermofin.net\/es\/","logo":{"@type":"ImageObject","inLanguage":"fr-FR","@id":"https:\/\/thermofin.net\/es\/#\/schema\/logo\/image\/","url":"https:\/\/thermofin.net\/wp-content\/uploads\/2017\/04\/logo.png","contentUrl":"https:\/\/thermofin.net\/wp-content\/uploads\/2017\/04\/logo.png","width":138,"height":74,"caption":"Thermofin"},"image":{"@id":"https:\/\/thermofin.net\/es\/#\/schema\/logo\/image\/"},"sameAs":["https:\/\/www.facebook.com\/Thermofin\/","https:\/\/x.com\/Thermofin","https:\/\/www.linkedin.com\/company\/thermofin","https:\/\/www.youtube.com\/user\/thermofinvideos"]}]}},"_links":{"self":[{"href":"https:\/\/thermofin.net\/fr\/wp-json\/wp\/v2\/pages\/2474","targetHints":{"allow":["GET"]}}],"collection":[{"href":"https:\/\/thermofin.net\/fr\/wp-json\/wp\/v2\/pages"}],"about":[{"href":"https:\/\/thermofin.net\/fr\/wp-json\/wp\/v2\/types\/page"}],"author":[{"embeddable":true,"href":"https:\/\/thermofin.net\/fr\/wp-json\/wp\/v2\/users\/2"}],"replies":[{"embeddable":true,"href":"https:\/\/thermofin.net\/fr\/wp-json\/wp\/v2\/comments?post=2474"}],"version-history":[{"count":0,"href":"https:\/\/thermofin.net\/fr\/wp-json\/wp\/v2\/pages\/2474\/revisions"}],"wp:attachment":[{"href":"https:\/\/thermofin.net\/fr\/wp-json\/wp\/v2\/media?parent=2474"}],"curies":[{"name":"wp","href":"https:\/\/api.w.org\/{rel}","templated":true}]}}