{"id":2459,"date":"2016-08-09T14:21:51","date_gmt":"2016-08-09T18:21:51","guid":{"rendered":"http:\/\/thermofin.net\/?page_id=2459"},"modified":"2026-01-22T10:49:18","modified_gmt":"2026-01-22T15:49:18","slug":"nos-certifications","status":"publish","type":"page","link":"https:\/\/thermofin.net\/fr\/notre-entreprise\/nos-certifications\/","title":{"rendered":"NOS CERTIFICATIONS"},"content":{"rendered":"<div class=\"wpb-content-wrapper\"><p>[vc_row equal_height=\u00a0\u00bbyes\u00a0\u00bb content_placement=\u00a0\u00bbmiddle\u00a0\u00bb row_vertical_center=\u00a0\u00bb1&Prime; el_class=\u00a0\u00bb.row-full-width .certifications\u00a0\u00bb][vc_column width=\u00a0\u00bb1\/2&Prime; css=\u00a0\u00bb.vc_custom_1496068529420{padding-right: 80px !important;padding-left: 80px !important;}\u00a0\u00bb][vc_custom_heading text=\u00a0\u00bbISO\u00a0\u00bb font_container=\u00a0\u00bbtag:h1|text_align:left\u00a0\u00bb use_theme_fonts=\u00a0\u00bbyes\u00a0\u00bb][vc_column_text css=\u00a0\u00bb\u00a0\u00bb]<\/p>\n<p style=\"text-align: justify;\">Depuis 2000, le syst\u00e8me de gestion de la qualit\u00e9 de Thermofin est certifi\u00e9 <a href=\"http:\/\/www.iso.org\/iso\/fr\/home\/store\/catalogue_ics\/catalogue_detail_ics.htm?csnumber=62085\">ISO 9001<\/a>. Notre engagement envers l&rsquo;excellence op\u00e9rationnelle se manifeste par cette certification, garantissant que chaque processus est optimis\u00e9 pour une qualit\u00e9 et une constance sup\u00e9rieures. Cette norme reconnue mondialement v\u00e9rifie que notre syst\u00e8me de gestion de la qualit\u00e9 r\u00e9pond aux exigences les plus r\u00e9centes en mati\u00e8re d&rsquo;int\u00e9gration num\u00e9rique, de gestion des risques et de pratiques commerciales durables.<\/p>\n<p>[\/vc_column_text][\/vc_column][vc_column width=\u00a0\u00bb1\/2&Prime; el_class=\u00a0\u00bbcertification-col-image\u00a0\u00bb offset=\u00a0\u00bbvc_hidden-xs\u00a0\u00bb][vc_single_image image=\u00a0\u00bb6959&Prime; img_size=\u00a0\u00bbfull\u00a0\u00bb][\/vc_column][\/vc_row][vc_row equal_height=\u00a0\u00bbyes\u00a0\u00bb content_placement=\u00a0\u00bbmiddle\u00a0\u00bb row_vertical_center=\u00a0\u00bb1&Prime; el_class=\u00a0\u00bbrow-full-width .certifications\u00a0\u00bb][vc_column width=\u00a0\u00bb1\/2&Prime; el_class=\u00a0\u00bbcertification-col-image\u00a0\u00bb offset=\u00a0\u00bbvc_hidden-xs\u00a0\u00bb][vc_single_image image=\u00a0\u00bb6963&Prime; img_size=\u00a0\u00bbfull\u00a0\u00bb][\/vc_column][vc_column width=\u00a0\u00bb1\/2&Prime; css=\u00a0\u00bb.vc_custom_1495836550345{padding-right: 80px !important;padding-left: 80px !important;}\u00a0\u00bb][vc_custom_heading text=\u00a0\u00bbASME &amp; National Board\u00a0\u00bb font_container=\u00a0\u00bbtag:h1|text_align:left\u00a0\u00bb use_theme_fonts=\u00a0\u00bbyes\u00a0\u00bb][vc_column_text css=\u00a0\u00bb\u00a0\u00bb]<\/p>\n<p style=\"text-align: justify;\">Thermofin est accr\u00e9dit\u00e9e par l&rsquo;ASME et peut concevoir et fabriquer des \u00e9quipements avec les poin\u00e7ons \u00ab U Stamp \u00bb et \u00ab UM Stamp \u00bb, certifiant que nos appareils sous pression sont conformes aux r\u00e8gles rigoureuses de s\u00e9curit\u00e9 et de qualit\u00e9 de la Section VIII, Division 1. Afin de garantir une fiabilit\u00e9 et une conformit\u00e9 \u00e0 long terme, nos projets sont ex\u00e9cut\u00e9s selon des modes op\u00e9ratoires de soudage et par un personnel qualifi\u00e9s conform\u00e9ment aux exigences strictes de la Section IX de l&rsquo;ASME.<\/p>\n<p>[\/vc_column_text][vc_empty_space height=\u00a0\u00bb20px\u00a0\u00bb]<ul class=\"ozy-custom-list wpb_content_element \">\n\n<li><span class=\"oic \"><\/span><span><a href=\"https:\/\/www.asme.org\/shop\/standards\/new-releases\/boiler-pressure-vessel-code\/pressure-vessels\">ASME Sect. VIII Div. 1<\/a><\/span><\/li>\n<li><span class=\"oic \"><\/span><span><a href=\"https:\/\/www.asme.org\/shop\/standards\/new-releases\/boiler-pressure-vessel-code\/transport-tanks\">ASME Sect. IX<\/a><\/span><\/li>\n<li><span class=\"oic \"><\/span><span>U Stamp<\/span><\/li>\n<li><span class=\"oic \"><\/span><span>UM Stamp<\/span><\/li>\n<li><span class=\"oic \"><\/span><span><a href=\"https:\/\/www.nationalboard.org\/\">National Board<\/a><\/span><\/li>\n<li><span class=\"oic \"><\/span><span>National Board R Stamp<\/span><\/li>\n\n<\/ul>[\/vc_column][\/vc_row][vc_row equal_height=\u00a0\u00bbyes\u00a0\u00bb content_placement=\u00a0\u00bbmiddle\u00a0\u00bb row_vertical_center=\u00a0\u00bb1&Prime; el_class=\u00a0\u00bb.row-full-width .certifications\u00a0\u00bb][vc_column width=\u00a0\u00bb1\/2&Prime; css=\u00a0\u00bb.vc_custom_1495836562651{padding-right: 80px !important;padding-left: 80px !important;}\u00a0\u00bb][vc_custom_heading text=\u00a0\u00bbCSA\u00a0\u00bb font_container=\u00a0\u00bbtag:h1|text_align:left\u00a0\u00bb use_theme_fonts=\u00a0\u00bbyes\u00a0\u00bb][vc_column_text css=\u00a0\u00bb\u00a0\u00bb]<\/p>\n<p style=\"text-align: justify;\">Nos produits pour le march\u00e9 canadien sont m\u00e9ticuleusement con\u00e7us, calcul\u00e9s et fabriqu\u00e9s pour r\u00e9pondre aux exigences les plus r\u00e9centes de la norme <a href=\"https:\/\/www.csagroup.org\/store\/product\/2431005\/\" target=\"_blank\" rel=\"noopener\">CSA B51<\/a>, garantissant une pleine conformit\u00e9 avec les r\u00e9glementations de s\u00e9curit\u00e9 canadiennes pour les chaudi\u00e8res, les appareils sous pression et les r\u00e9seaux de tuyauterie. Nous facilitons une int\u00e9gration harmonieuse sur le march\u00e9 canadien en obtenant les num\u00e9ros d&rsquo;enregistrement canadiens (NEC) n\u00e9cessaires.<\/p>\n<p>[\/vc_column_text][vc_empty_space height=\u00a0\u00bb20px\u00a0\u00bb]<ul class=\"ozy-custom-list wpb_content_element \">\n\n<li><span class=\"oic \"><\/span><span><a href=\"http:\/\/www.csagroup.org\/\">CSA B51<\/a><\/span><\/li>\n<li><span class=\"oic \"><\/span><span>CRN<\/span><\/li>\n\n<\/ul>[\/vc_column][vc_column width=\u00a0\u00bb1\/2&Prime; el_class=\u00a0\u00bbcertification-col-image\u00a0\u00bb offset=\u00a0\u00bbvc_hidden-xs\u00a0\u00bb][vc_single_image image=\u00a0\u00bb6963&Prime; img_size=\u00a0\u00bbfull\u00a0\u00bb][\/vc_column][\/vc_row][vc_row equal_height=\u00a0\u00bbyes\u00a0\u00bb content_placement=\u00a0\u00bbmiddle\u00a0\u00bb row_vertical_center=\u00a0\u00bb1&Prime; el_class=\u00a0\u00bb.row-full-width .certifications\u00a0\u00bb][vc_column width=\u00a0\u00bb1\/2&Prime; el_class=\u00a0\u00bbcertification-col-image\u00a0\u00bb offset=\u00a0\u00bbvc_hidden-xs\u00a0\u00bb][vc_single_image image=\u00a0\u00bb6963&Prime; img_size=\u00a0\u00bbfull\u00a0\u00bb][\/vc_column][vc_column width=\u00a0\u00bb1\/2&Prime; css=\u00a0\u00bb.vc_custom_1495836562651{padding-right: 80px !important;padding-left: 80px !important;}\u00a0\u00bb][vc_custom_heading text=\u00a0\u00bbCWB\u00a0\u00bb font_container=\u00a0\u00bbtag:h1|text_align:left\u00a0\u00bb use_theme_fonts=\u00a0\u00bbyes\u00a0\u00bb css=\u00a0\u00bb\u00a0\u00bb][vc_column_text css=\u00a0\u00bb\u00a0\u00bb]<\/p>\n<p style=\"text-align: justify;\">Notre \u00e9tablissement est fier d&rsquo;\u00eatre certifi\u00e9 par le Bureau canadien de soudage (CWB), garantissant que chaque projet r\u00e9pond aux normes nationales les plus \u00e9lev\u00e9es en mati\u00e8re de s\u00e9curit\u00e9 et d&rsquo;int\u00e9grit\u00e9 structurelle. Cette certification <a href=\"https:\/\/www.cwbgroup.org\/fr\/services\/services-de-certification\/certification-de-lentreprise\/csa-w471-soudage-par-fusion-de\">CWB W47.1<\/a> refl\u00e8te notre engagement envers l&rsquo;excellence, en faisant appel \u00e0 des soudeurs qualifi\u00e9s et \u00e0 des protocoles d&rsquo;inspection rigoureux pour offrir un travail d&rsquo;une qualit\u00e9 sup\u00e9rieure.<\/p>\n<p>[\/vc_column_text][vc_empty_space height=\u00a0\u00bb20px\u00a0\u00bb]<ul class=\"ozy-custom-list wpb_content_element \">\n\n<li><span class=\"oic \"><\/span><span><a href=\"http:\/\/www.csagroup.org\/\">CSA B51<\/a><\/span><\/li>\n<li><span class=\"oic \"><\/span><span>CRN<\/span><\/li>\n\n<\/ul>[\/vc_column][\/vc_row][vc_row equal_height=\u00a0\u00bbyes\u00a0\u00bb content_placement=\u00a0\u00bbmiddle\u00a0\u00bb row_vertical_center=\u00a0\u00bb1&Prime; el_class=\u00a0\u00bb.row-full-width .certifications\u00a0\u00bb][vc_column width=\u00a0\u00bb1\/2&Prime; css=\u00a0\u00bb.vc_custom_1495836569911{padding-right: 80px !important;padding-left: 80px !important;}\u00a0\u00bb][vc_custom_heading text=\u00a0\u00bbAUTRES STANDARDS\u00a0\u00bb font_container=\u00a0\u00bbtag:h1|text_align:left\u00a0\u00bb use_theme_fonts=\u00a0\u00bbyes\u00a0\u00bb][vc_column_text css=\u00a0\u00bb\u00a0\u00bb]<\/p>\n<p style=\"text-align: justify;\">Notre expertise en fabrication s&rsquo;\u00e9tend \u00e0 un large \u00e9ventail de normes internationales, nous permettant de fournir des \u00e9quipements de haute performance con\u00e7us selon les sp\u00e9cifications API et Standards <a href=\"http:\/\/www.tema.org\/\">TEMA<\/a> pour les applications p\u00e9troli\u00e8res, gazi\u00e8res et de transfert thermique. De plus, nous d\u00e9tenons la <a href=\"http:\/\/www.cbpvi.org\/\">licence de fabrication chinoise<\/a> pour une entr\u00e9e fluide sur le march\u00e9 chinois et maintenons l&rsquo;approbation de type <a href=\"http:\/\/ww2.eagle.org\/content\/eagle\/en.html\">ABS<\/a> afin de garantir que tous les produits marins et offshore respectent les r\u00e8gles rigoureuses de s\u00e9curit\u00e9 et de classification.<\/p>\n<p>[\/vc_column_text][vc_empty_space height=\u00a0\u00bb20px\u00a0\u00bb]<ul class=\"ozy-custom-list wpb_content_element \">\n\n<li><span class=\"oic \"><\/span><span>Standards API<\/span><\/li>\n<li><span class=\"oic \"><\/span><span><a href=\"http:\/\/www.tema.org\/\">Standards TEMA<\/a><\/span><\/li>\n<li><span class=\"oic \"><\/span><span><a href=\"http:\/\/ww2.eagle.org\/content\/eagle\/en.html\">ABS<\/a><\/span><\/li>\n<li><span class=\"oic \"><\/span><span><a href=\"http:\/\/www.cbpvi.org\/\">Licence de fabrication chinoise<\/a><\/span><\/li>\n\n<\/ul>[\/vc_column][vc_column width=\u00a0\u00bb1\/2&Prime; el_class=\u00a0\u00bbcertification-col-image\u00a0\u00bb offset=\u00a0\u00bbvc_hidden-xs\u00a0\u00bb][vc_single_image image=\u00a0\u00bb6963&Prime; img_size=\u00a0\u00bbfull\u00a0\u00bb][\/vc_column][\/vc_row]<\/p>\n<\/div>","protected":false},"excerpt":{"rendered":"<p>[vc_row equal_height=\u00a0\u00bbyes\u00a0\u00bb content_placement=\u00a0\u00bbmiddle\u00a0\u00bb row_vertical_center=\u00a0\u00bb1&Prime; el_class=\u00a0\u00bb.row-full-width .certifications\u00a0\u00bb][vc_column width=\u00a0\u00bb1\/2&Prime; css=\u00a0\u00bb.vc_custom_1496068529420{padding-right: 80px !important;padding-left: 80px !important;}\u00a0\u00bb][vc_custom_heading text=\u00a0\u00bbISO\u00a0\u00bb font_container=\u00a0\u00bbtag:h1|text_align:left\u00a0\u00bb use_theme_fonts=\u00a0\u00bbyes\u00a0\u00bb][vc_column_text css=\u00a0\u00bb\u00a0\u00bb] Depuis 2000, le syst\u00e8me de gestion de la qualit\u00e9 de Thermofin est certifi\u00e9 ISO 9001. Notre engagement envers l&rsquo;excellence op\u00e9rationnelle se manifeste par cette certification, garantissant que chaque processus est optimis\u00e9 pour une qualit\u00e9 et une constance sup\u00e9rieures. Cette norme reconnue mondialement v\u00e9rifie que notre syst\u00e8me de gestion de la qualit\u00e9 r\u00e9pond aux exigences les plus r\u00e9centes en mati\u00e8re d&rsquo;int\u00e9gration num\u00e9rique, de gestion des risques et de pratiques commerciales durables. [\/vc_column_text][\/vc_column][vc_column width=\u00a0\u00bb1\/2&Prime; el_class=\u00a0\u00bbcertification-col-image\u00a0\u00bb offset=\u00a0\u00bbvc_hidden-xs\u00a0\u00bb][vc_single_image image=\u00a0\u00bb6959&Prime; img_size=\u00a0\u00bbfull\u00a0\u00bb][\/vc_column][\/vc_row][vc_row equal_height=\u00a0\u00bbyes\u00a0\u00bb content_placement=\u00a0\u00bbmiddle\u00a0\u00bb row_vertical_center=\u00a0\u00bb1&Prime; el_class=\u00a0\u00bbrow-full-width .certifications\u00a0\u00bb][vc_column width=\u00a0\u00bb1\/2&Prime; el_class=\u00a0\u00bbcertification-col-image\u00a0\u00bb offset=\u00a0\u00bbvc_hidden-xs\u00a0\u00bb][vc_single_image image=\u00a0\u00bb6963&Prime; img_size=\u00a0\u00bbfull\u00a0\u00bb][\/vc_column][vc_column width=\u00a0\u00bb1\/2&Prime; css=\u00a0\u00bb.vc_custom_1495836550345{padding-right: 80px !important;padding-left: 80px !important;}\u00a0\u00bb][vc_custom_heading text=\u00a0\u00bbASME &amp; National Board\u00a0\u00bb font_container=\u00a0\u00bbtag:h1|text_align:left\u00a0\u00bb use_theme_fonts=\u00a0\u00bbyes\u00a0\u00bb][vc_column_text css=\u00a0\u00bb\u00a0\u00bb] Thermofin est accr\u00e9dit\u00e9e par l&rsquo;ASME et peut concevoir et fabriquer des \u00e9quipements avec les poin\u00e7ons [&hellip;]<\/p>\n","protected":false},"author":2,"featured_media":0,"parent":2455,"menu_order":2,"comment_status":"closed","ping_status":"closed","template":"","meta":{"footnotes":""},"class_list":["post-2459","page","type-page","status-publish","hentry"],"yoast_head":"<!-- This site is optimized with the Yoast SEO Premium plugin v27.4 (Yoast SEO v27.4) - https:\/\/yoast.com\/product\/yoast-seo-premium-wordpress\/ -->\n<title>Certifications, proc\u00e9dures de soudage, codes de fabrication - Thermofin<\/title>\n<meta name=\"description\" content=\"Notre syst\u00e8me qualit\u00e9 est certifi\u00e9 selon ISO 9001, ASME, U et UM Stamp, CSA B51, National Board et plusieurs autres standards \u00e9lev\u00e9s.\" \/>\n<meta name=\"robots\" content=\"index, follow, max-snippet:-1, max-image-preview:large, max-video-preview:-1\" \/>\n<link rel=\"canonical\" href=\"https:\/\/thermofin.net\/fr\/notre-entreprise\/nos-certifications\/\" \/>\n<meta property=\"og:locale\" content=\"fr_FR\" \/>\n<meta property=\"og:type\" content=\"article\" \/>\n<meta property=\"og:title\" content=\"NOS CERTIFICATIONS\" \/>\n<meta property=\"og:description\" content=\"Depuis 2000, le syst\u00e8me de gestion de la qualit\u00e9 de Thermofin est certifi\u00e9 ISO 9001. Notre engagement envers l&#039;excellence op\u00e9rationnelle se manifeste par\" \/>\n<meta property=\"og:url\" content=\"https:\/\/thermofin.net\/fr\/notre-entreprise\/nos-certifications\/\" \/>\n<meta property=\"og:site_name\" content=\"THERMOFIN\" \/>\n<meta property=\"article:publisher\" content=\"https:\/\/www.facebook.com\/Thermofin\/\" \/>\n<meta property=\"article:modified_time\" content=\"2026-01-22T15:49:18+00:00\" \/>\n<meta property=\"og:image\" content=\"https:\/\/thermofin.net\/wp-content\/uploads\/2017\/06\/header-certification1.jpg\" \/>\n\t<meta property=\"og:image:width\" content=\"1920\" \/>\n\t<meta property=\"og:image:height\" content=\"900\" \/>\n\t<meta property=\"og:image:type\" content=\"image\/jpeg\" \/>\n<meta name=\"twitter:card\" content=\"summary_large_image\" \/>\n<meta name=\"twitter:site\" content=\"@Thermofin\" \/>\n<meta name=\"twitter:label1\" content=\"Dur\u00e9e de lecture estim\u00e9e\" \/>\n\t<meta name=\"twitter:data1\" content=\"4 minutes\" \/>\n<script type=\"application\/ld+json\" class=\"yoast-schema-graph\">{\"@context\":\"https:\\\/\\\/schema.org\",\"@graph\":[{\"@type\":\"WebPage\",\"@id\":\"https:\\\/\\\/thermofin.net\\\/fr\\\/notre-entreprise\\\/nos-certifications\\\/\",\"url\":\"https:\\\/\\\/thermofin.net\\\/fr\\\/notre-entreprise\\\/nos-certifications\\\/\",\"name\":\"Certifications, proc\u00e9dures de soudage, codes de fabrication - Thermofin\",\"isPartOf\":{\"@id\":\"https:\\\/\\\/thermofin.net\\\/es\\\/#website\"},\"datePublished\":\"2016-08-09T18:21:51+00:00\",\"dateModified\":\"2026-01-22T15:49:18+00:00\",\"description\":\"Notre syst\u00e8me qualit\u00e9 est certifi\u00e9 selon ISO 9001, ASME, U et UM Stamp, CSA B51, National Board et plusieurs autres standards \u00e9lev\u00e9s.\",\"breadcrumb\":{\"@id\":\"https:\\\/\\\/thermofin.net\\\/fr\\\/notre-entreprise\\\/nos-certifications\\\/#breadcrumb\"},\"inLanguage\":\"fr-FR\",\"potentialAction\":[{\"@type\":\"ReadAction\",\"target\":[\"https:\\\/\\\/thermofin.net\\\/fr\\\/notre-entreprise\\\/nos-certifications\\\/\"]}]},{\"@type\":\"BreadcrumbList\",\"@id\":\"https:\\\/\\\/thermofin.net\\\/fr\\\/notre-entreprise\\\/nos-certifications\\\/#breadcrumb\",\"itemListElement\":[{\"@type\":\"ListItem\",\"position\":1,\"name\":\"Home\",\"item\":\"https:\\\/\\\/thermofin.net\\\/fr\\\/\"},{\"@type\":\"ListItem\",\"position\":2,\"name\":\"NOTRE ENTREPRISE\",\"item\":\"https:\\\/\\\/thermofin.net\\\/fr\\\/notre-entreprise\\\/\"},{\"@type\":\"ListItem\",\"position\":3,\"name\":\"NOS CERTIFICATIONS\"}]},{\"@type\":\"WebSite\",\"@id\":\"https:\\\/\\\/thermofin.net\\\/es\\\/#website\",\"url\":\"https:\\\/\\\/thermofin.net\\\/es\\\/\",\"name\":\"THERMOFIN\",\"description\":\"Efficiency-Driven Heat Exchanger Creators\",\"publisher\":{\"@id\":\"https:\\\/\\\/thermofin.net\\\/es\\\/#organization\"},\"potentialAction\":[{\"@type\":\"SearchAction\",\"target\":{\"@type\":\"EntryPoint\",\"urlTemplate\":\"https:\\\/\\\/thermofin.net\\\/es\\\/?s={search_term_string}\"},\"query-input\":{\"@type\":\"PropertyValueSpecification\",\"valueRequired\":true,\"valueName\":\"search_term_string\"}}],\"inLanguage\":\"fr-FR\"},{\"@type\":\"Organization\",\"@id\":\"https:\\\/\\\/thermofin.net\\\/es\\\/#organization\",\"name\":\"Thermofin\",\"url\":\"https:\\\/\\\/thermofin.net\\\/es\\\/\",\"logo\":{\"@type\":\"ImageObject\",\"inLanguage\":\"fr-FR\",\"@id\":\"https:\\\/\\\/thermofin.net\\\/es\\\/#\\\/schema\\\/logo\\\/image\\\/\",\"url\":\"https:\\\/\\\/thermofin.net\\\/wp-content\\\/uploads\\\/2017\\\/04\\\/logo.png\",\"contentUrl\":\"https:\\\/\\\/thermofin.net\\\/wp-content\\\/uploads\\\/2017\\\/04\\\/logo.png\",\"width\":138,\"height\":74,\"caption\":\"Thermofin\"},\"image\":{\"@id\":\"https:\\\/\\\/thermofin.net\\\/es\\\/#\\\/schema\\\/logo\\\/image\\\/\"},\"sameAs\":[\"https:\\\/\\\/www.facebook.com\\\/Thermofin\\\/\",\"https:\\\/\\\/x.com\\\/Thermofin\",\"https:\\\/\\\/www.linkedin.com\\\/company\\\/thermofin\",\"https:\\\/\\\/www.youtube.com\\\/user\\\/thermofinvideos\"]}]}<\/script>\n<!-- \/ Yoast SEO Premium plugin. -->","yoast_head_json":{"title":"Certifications, proc\u00e9dures de soudage, codes de fabrication - Thermofin","description":"Notre syst\u00e8me qualit\u00e9 est certifi\u00e9 selon ISO 9001, ASME, U et UM Stamp, CSA B51, National Board et plusieurs autres standards \u00e9lev\u00e9s.","robots":{"index":"index","follow":"follow","max-snippet":"max-snippet:-1","max-image-preview":"max-image-preview:large","max-video-preview":"max-video-preview:-1"},"canonical":"https:\/\/thermofin.net\/fr\/notre-entreprise\/nos-certifications\/","og_locale":"fr_FR","og_type":"article","og_title":"NOS CERTIFICATIONS","og_description":"Depuis 2000, le syst\u00e8me de gestion de la qualit\u00e9 de Thermofin est certifi\u00e9 ISO 9001. Notre engagement envers l'excellence op\u00e9rationnelle se manifeste par","og_url":"https:\/\/thermofin.net\/fr\/notre-entreprise\/nos-certifications\/","og_site_name":"THERMOFIN","article_publisher":"https:\/\/www.facebook.com\/Thermofin\/","article_modified_time":"2026-01-22T15:49:18+00:00","og_image":[{"width":1920,"height":900,"url":"https:\/\/thermofin.net\/wp-content\/uploads\/2017\/06\/header-certification1.jpg","type":"image\/jpeg"}],"twitter_card":"summary_large_image","twitter_site":"@Thermofin","twitter_misc":{"Dur\u00e9e de lecture estim\u00e9e":"4 minutes"},"schema":{"@context":"https:\/\/schema.org","@graph":[{"@type":"WebPage","@id":"https:\/\/thermofin.net\/fr\/notre-entreprise\/nos-certifications\/","url":"https:\/\/thermofin.net\/fr\/notre-entreprise\/nos-certifications\/","name":"Certifications, proc\u00e9dures de soudage, codes de fabrication - Thermofin","isPartOf":{"@id":"https:\/\/thermofin.net\/es\/#website"},"datePublished":"2016-08-09T18:21:51+00:00","dateModified":"2026-01-22T15:49:18+00:00","description":"Notre syst\u00e8me qualit\u00e9 est certifi\u00e9 selon ISO 9001, ASME, U et UM Stamp, CSA B51, National Board et plusieurs autres standards \u00e9lev\u00e9s.","breadcrumb":{"@id":"https:\/\/thermofin.net\/fr\/notre-entreprise\/nos-certifications\/#breadcrumb"},"inLanguage":"fr-FR","potentialAction":[{"@type":"ReadAction","target":["https:\/\/thermofin.net\/fr\/notre-entreprise\/nos-certifications\/"]}]},{"@type":"BreadcrumbList","@id":"https:\/\/thermofin.net\/fr\/notre-entreprise\/nos-certifications\/#breadcrumb","itemListElement":[{"@type":"ListItem","position":1,"name":"Home","item":"https:\/\/thermofin.net\/fr\/"},{"@type":"ListItem","position":2,"name":"NOTRE ENTREPRISE","item":"https:\/\/thermofin.net\/fr\/notre-entreprise\/"},{"@type":"ListItem","position":3,"name":"NOS CERTIFICATIONS"}]},{"@type":"WebSite","@id":"https:\/\/thermofin.net\/es\/#website","url":"https:\/\/thermofin.net\/es\/","name":"THERMOFIN","description":"Efficiency-Driven Heat Exchanger Creators","publisher":{"@id":"https:\/\/thermofin.net\/es\/#organization"},"potentialAction":[{"@type":"SearchAction","target":{"@type":"EntryPoint","urlTemplate":"https:\/\/thermofin.net\/es\/?s={search_term_string}"},"query-input":{"@type":"PropertyValueSpecification","valueRequired":true,"valueName":"search_term_string"}}],"inLanguage":"fr-FR"},{"@type":"Organization","@id":"https:\/\/thermofin.net\/es\/#organization","name":"Thermofin","url":"https:\/\/thermofin.net\/es\/","logo":{"@type":"ImageObject","inLanguage":"fr-FR","@id":"https:\/\/thermofin.net\/es\/#\/schema\/logo\/image\/","url":"https:\/\/thermofin.net\/wp-content\/uploads\/2017\/04\/logo.png","contentUrl":"https:\/\/thermofin.net\/wp-content\/uploads\/2017\/04\/logo.png","width":138,"height":74,"caption":"Thermofin"},"image":{"@id":"https:\/\/thermofin.net\/es\/#\/schema\/logo\/image\/"},"sameAs":["https:\/\/www.facebook.com\/Thermofin\/","https:\/\/x.com\/Thermofin","https:\/\/www.linkedin.com\/company\/thermofin","https:\/\/www.youtube.com\/user\/thermofinvideos"]}]}},"_links":{"self":[{"href":"https:\/\/thermofin.net\/fr\/wp-json\/wp\/v2\/pages\/2459","targetHints":{"allow":["GET"]}}],"collection":[{"href":"https:\/\/thermofin.net\/fr\/wp-json\/wp\/v2\/pages"}],"about":[{"href":"https:\/\/thermofin.net\/fr\/wp-json\/wp\/v2\/types\/page"}],"author":[{"embeddable":true,"href":"https:\/\/thermofin.net\/fr\/wp-json\/wp\/v2\/users\/2"}],"replies":[{"embeddable":true,"href":"https:\/\/thermofin.net\/fr\/wp-json\/wp\/v2\/comments?post=2459"}],"version-history":[{"count":7,"href":"https:\/\/thermofin.net\/fr\/wp-json\/wp\/v2\/pages\/2459\/revisions"}],"predecessor-version":[{"id":9118,"href":"https:\/\/thermofin.net\/fr\/wp-json\/wp\/v2\/pages\/2459\/revisions\/9118"}],"up":[{"embeddable":true,"href":"https:\/\/thermofin.net\/fr\/wp-json\/wp\/v2\/pages\/2455"}],"wp:attachment":[{"href":"https:\/\/thermofin.net\/fr\/wp-json\/wp\/v2\/media?parent=2459"}],"curies":[{"name":"wp","href":"https:\/\/api.w.org\/{rel}","templated":true}]}}