{"id":8681,"date":"2016-08-02T09:39:08","date_gmt":"2016-08-02T13:39:08","guid":{"rendered":"https:\/\/thermofin.net\/productos\/icoil-industrial-heating-and-cooling-coils\/"},"modified":"2020-06-28T19:13:40","modified_gmt":"2020-06-28T23:13:40","slug":"icoil-serpentines-de-enfriamiento-y-calentamiento","status":"publish","type":"page","link":"https:\/\/thermofin.net\/es\/productos\/icoil-serpentines-de-enfriamiento-y-calentamiento\/","title":{"rendered":"ICOIL : Serpentines de enfriamiento y calentamiento"},"content":{"rendered":"<div class=\"wpb-content-wrapper\"><p>[vc_row el_class=\u00bbintro isteam-intro\u00bb][vc_column css=\u00bb.vc_custom_1482349536053{margin-top: 60px !important;}\u00bb][vc_column_text css=\u00bb.vc_custom_1592151668778{margin-top: 10px !important;padding-right: 10px !important;}\u00bb]<\/p>\n<p style=\"text-align: justify;\"><img loading=\"lazy\" decoding=\"async\" class=\"alignnone size-full wp-image-5723 alignright\" style=\"margin-top: 5px; margin-left: 45px; margin-bottom: 15px;\" src=\"https:\/\/thermofin.net\/wp-content\/uploads\/2017\/01\/isteam-steam-coils.jpg\" alt=\"\" width=\"300\" height=\"227\" \/>Nuestras serpentines de enfriamiento y calentamiento industrial est\u00e1n hechas a medida para satisfacer sus necesidades. Ya sea para nuevas aplicaciones o reemplazo de serpentines industriales existentes, nuestro equipo de dise\u00f1adores analizar\u00e1 sus necesidades y podr\u00e1 ofrecerle la mejor soluci\u00f3n para su proceso de enfriamiento o calentamiento.<\/p>\n<p>[\/vc_column_text][\/vc_column][\/vc_row][vc_row css=\u00bb.vc_custom_1492098523774{margin-top: 40px !important;}\u00bb el_class=\u00bbitex-flow\u00bb][vc_column]<h2 class=\"ozy-divider-cap-center wpb_content_element\">NUESTROS MODELOS DE SERPENTINES DE ENFRIAMIENTO Y CALENTAMIENTO<\/h2><div class=\"ozy-content-divider \" style=\"border-top-style:solid;border-top-width:3px;border-top-color:#1653a4;width:400px;max-width:400px;margin:20px auto;\"><\/div>[\/vc_column][\/vc_row][vc_row css=\u00bb.vc_custom_1492098579374{margin-top: 40px !important;}\u00bb el_class=\u00bbitex-flow\u00bb][vc_column width=\u00bb1\/2&#8243;][vc_single_image image=\u00bb8682&#8243; img_size=\u00bbfull\u00bb add_caption=\u00bbyes\u00bb alignment=\u00bbcenter\u00bb el_class=\u00bbindustrial-coil-img-model\u00bb][\/vc_column][vc_column width=\u00bb1\/2&#8243;][vc_custom_heading text=\u00bbTIPO MP SERPENTINES INDUSTRIALES\u00bb font_container=\u00bbtag:h3|text_align:left\u00bb use_theme_fonts=\u00bbyes\u00bb el_class=\u00bbcustom-heading-align-center-on-mobile\u00bb][vc_column_text]<\/p>\n<p style=\"text-align: justify;\">El uso de curvas en U ofrece una gran flexibilidad con respecto a la configuraci\u00f3n del intercambiador de calor. Las conexiones pueden estar en el mismo lado (n\u00famero par de pasadas) o en el lado opuesto (n\u00famero impar de pasadas)<\/p>\n<p>[\/vc_column_text][\/vc_column][\/vc_row][vc_row css=\u00bb.vc_custom_1492104751284{margin-top: 40px !important;}\u00bb el_class=\u00bbitex-flow\u00bb][vc_column width=\u00bb1\/2&#8243;][vc_single_image image=\u00bb8209&#8243; img_size=\u00bbfull\u00bb add_caption=\u00bbyes\u00bb alignment=\u00bbcenter\u00bb el_class=\u00bbindustrial-coil-img-model\u00bb][\/vc_column][vc_column width=\u00bb1\/2&#8243;][vc_custom_heading text=\u00bbTIPO UG SERPENTINES INDUSTRIALES\u00bb font_container=\u00bbtag:h3|text_align:left\u00bb use_theme_fonts=\u00bbyes\u00bb el_class=\u00bbcustom-heading-align-center-on-mobile\u00bb][vc_column_text]<\/p>\n<p style=\"text-align: justify;\">En oposici\u00f3n al tipo MP, los tubos est\u00e1n doblados integralmente. Esto ofrece la ventaja de reducir el n\u00famero de uniones de tubos y, por lo tanto, riesgos potenciales de fuga, pero limita las posibilidades de configuraci\u00f3n del intercambiador de calor. Las conexiones est\u00e1n en el mismo lado.<\/p>\n<p>[\/vc_column_text][\/vc_column][\/vc_row][vc_row css=\u00bb.vc_custom_1492104930599{margin-top: 60px !important;}\u00bb][vc_column]<h2 class=\"ozy-divider-cap-center wpb_content_element\">ROBUSTEZ Y CONFIABILIDAD<\/h2><div class=\"ozy-content-divider \" style=\"border-top-style:solid;border-top-width:3px;border-top-color:#1653a4;width:360px;max-width:360px;margin:20px auto;\"><\/div>[vc_column_text]<\/p>\n<p style=\"text-align: justify;\">Nuestras serpentines de enfriamiento y calentamiento est\u00e1n dise\u00f1adas para reducir las frecuencias de limpieza y, por lo tanto, reducir el mantenimiento de las bobinas. Thermofin utiliza\u00a0<a href=\"\/es\/productos\/powerfin-tubo-de-aleta-extruida\/\">tubos con aletas de aluminio extruido POWERFIN<\/a> en el dise\u00f1o de sus bobinas industriales. A diferencia de las aletas de placa o las aletas envolventes, es muy dif\u00edcil doblar o da\u00f1ar las aletas de aluminio extruido al manipular o limpiar la bobina. Gracias a la tecnolog\u00eda <a href=\"\/es\/productos\/powerfin-tubo-de-aleta-extruida\/\">POWERFIN<\/a>, el rendimiento t\u00e9rmico de la bobina no disminuir\u00e1 con el tiempo (sin problemas de corrosi\u00f3n galv\u00e1nica).<\/p>\n<p>[\/vc_column_text][\/vc_column][\/vc_row][vc_row bg_parallax=\u00bbon\u00bb css=\u00bb.vc_custom_1496906707010{margin-top: 60px !important;margin-bottom: 60px !important;background-image: url(https:\/\/thermofin.net\/wp-content\/uploads\/2016\/08\/materiau-tube-interieur-1.jpg?id=2594) !important;}\u00bb font_color=\u00bb#ffffff\u00bb el_class=\u00bbblue-gradient-overlay\u00bb video_overlay_color=\u00bbrgba(0,0,0,0.01)\u00bb][vc_column][vc_empty_space height=\u00bb150px\u00bb]<h2 class=\"ozy-divider-cap-center wpb_content_element\">MATERIALES<\/h2><div class=\"ozy-content-divider \" style=\"border-top-style:solid;border-top-width:3px;border-top-color:#ffffff;width:120px;max-width:120px;margin:20px auto;\"><\/div>[vc_column_text css=\u00bb.vc_custom_1591977780788{margin-top: 0px !important;margin-bottom: 0px !important;}\u00bb]<\/p>\n<h3 style=\"text-align: justify;\">La elecci\u00f3n de los materiales para las bobinas industriales ICOIL es pr\u00e1cticamente ilimitada. El equipo de Thermofin puede ayudarlo a elegir los materiales adecuados para limitar los problemas de corrosi\u00f3n y erosi\u00f3n y, por lo tanto, extender la vida \u00fatil de su intercambiador de calor. Los materiales m\u00e1s est\u00e1ndar para los tubos son acero inoxidable, cobre y cupron\u00edquel 90\/10 o 70\/30, pero tambi\u00e9n se pueden utilizar materiales m\u00e1s ex\u00f3ticos como Inconel, Hastelloy, Duplex o Titanio para su intercambiador de calor.<\/h3>\n<p>[\/vc_column_text][vc_empty_space height=\u00bb150px\u00bb][\/vc_column][\/vc_row][vc_row css=\u00bb.vc_custom_1482352646760{margin-top: 80px !important;}\u00bb el_class=\u00bbitex-flow\u00bb][vc_column]<h2 class=\"ozy-divider-cap-center wpb_content_element\">REVESTIMIENTOS<\/h2><div class=\"ozy-content-divider \" style=\"border-top-style:solid;border-top-width:3px;border-top-color:#1653a4;width:100px;max-width:100px;margin:20px auto;\"><\/div>[vc_column_text]<\/p>\n<p style=\"text-align: justify;\">Dependiendo de las condiciones de funcionamiento de la bobina industrial, es posible aplicar un recubrimiento protector en las aletas. Su bobina se puede dise\u00f1ar con aletas de acero inoxidable, cobre o cobre-n\u00edquel para evitar la corrosi\u00f3n y soportar altas temperaturas en el lado de la aleta.<\/p>\n<p>[\/vc_column_text][\/vc_column][\/vc_row][vc_row css=\u00bb.vc_custom_1482352646760{margin-top: 80px !important;}\u00bb el_class=\u00bbitex-flow\u00bb][vc_column]<h2 class=\"ozy-divider-cap-center wpb_content_element\">DESIGN<\/h2><div class=\"ozy-content-divider \" style=\"border-top-style:solid;border-top-width:3px;border-top-color:#1653a4;width:80px;max-width:80px;margin:20px auto;\"><\/div>[vc_column_text]<\/p>\n<p style=\"text-align: justify;\">El dise\u00f1o espec\u00edfico de las bobinas de calentamiento y enfriamiento industrial ICOIL reduce en gran medida el riesgo de fugas. La mayor\u00eda de las fugas se encuentran en la parte de retorno de la bobina (Ubends) o en la uni\u00f3n de los tubos con los cabezales.<\/p>\n<p style=\"text-align: justify;\">Dependiendo de la aplicaci\u00f3n, los tubos se pueden soldar o soldar a los cabezales. Cuando se usa soldadura, los tubos se sueldan desde el interior de los cabezales, asegurando una mejor fusi\u00f3n de la soldadura entre el espesor del tubo y los cabezales. En el caso de uniones de soldadura fuerte cuando se usan tubos redondos para los cabezales, los manguitos hechos de tubos gruesos generalmente se sueldan a los cabezales, y luego los tubos con aletas se sueldan a estos manguitos. Esta configuraci\u00f3n asegura una buena penetraci\u00f3n de soldadura.<\/p>\n<p style=\"text-align: justify;\">La elecci\u00f3n de tubos gruesos combinados con el material adecuado tambi\u00e9n extiende significativamente la vida \u00fatil de la bobina. La mayor\u00eda de las bobinas comerciales usan solo tubos de cobre, a menudo de menos de 0.028 \u00ab(0.71 mm) de espesor, lo que en algunos casos conduce a fugas prematuras.<\/p>\n<p style=\"text-align: justify;\">Estos detalles de fabricaci\u00f3n marcan una gran diferencia en t\u00e9rminos de durabilidad y confiabilidad de sus bobinas de calefacci\u00f3n y refrigeraci\u00f3n industrial.<\/p>\n<p>[\/vc_column_text][\/vc_column][\/vc_row][vc_row bg_parallax=\u00bboff\u00bb css=\u00bb.vc_custom_1496819434459{margin-top: 0px !important;margin-bottom: 0px !important;padding-top: 40px !important;padding-bottom: 40px !important;}\u00bb el_class=\u00bbindustries-ideal-solution\u00bb][vc_column]<h3 class=\"ozy-divider-cap-center wpb_content_element\">INDUSTRIAS<\/h3><div class=\"ozy-content-divider \" style=\"border-top-style:solid;border-top-width:2px;border-top-color:#1653a4;width:40px;max-width:40px;margin:20px auto;\"><\/div>[vc_column_text css=\u00bb.vc_custom_1591977903048{padding-right: 0px !important;padding-left: 0px !important;}\u00bb]<\/p>\n<h5 style=\"text-align: center;\">Las bobinas de calentamiento y enfriamiento industrial ICOIL son una soluci\u00f3n perfecta en las siguientes industrias<\/h5>\n<p>[\/vc_column_text][vc_row_inner][vc_column_inner width=\u00bb1\/6&#8243;][\/vc_column_inner][vc_column_inner width=\u00bb1\/3&#8243;]<a href=\"\/es\/industrias-a-las-que-servimos\/industria-papelera\/\" target=\"_self\" class=\"ozy-colored-content-box \" id=\"fancybox-9463\">\n<img decoding=\"async\" src=\"https:\/\/thermofin.net\/wp-content\/uploads\/2016\/10\/we-serve-pulp-and-paper-industries-360px-2.jpg\" alt=\"Papelera\"\/><section class=\"overlay\"><span class=\"caption heading-font\">Papelera<\/span><\/section><section class=\"overlay-two\"><h3 class=\"ozy-vertical-centered-element\">VER LA INDUSTRIA<\/h3><\/section>\n<\/a>[\/vc_column_inner][vc_column_inner width=\u00bb1\/3&#8243;]<a href=\"\/es\/industrias-a-las-que-servimos\/industria-petroquimica-y-aplicaciones-industriales\/\" target=\"_self\" class=\"ozy-colored-content-box \" id=\"fancybox-2514\">\n<img decoding=\"async\" src=\"https:\/\/thermofin.net\/wp-content\/uploads\/2017\/01\/we-serve-industrial-applications-360px.jpg\" alt=\"Aplicaciones industriales\"\/><section class=\"overlay\"><span class=\"caption heading-font\">Aplicaciones industriales<\/span><\/section><section class=\"overlay-two\"><h3 class=\"ozy-vertical-centered-element\">VER LA INDUSTRIA<\/h3><\/section>\n<\/a>[\/vc_column_inner][vc_column_inner width=\u00bb1\/6&#8243;][\/vc_column_inner][\/vc_row_inner][\/vc_column][\/vc_row][vc_row row_fullwidth=\u00bb1&#8243; css=\u00bb.vc_custom_1593105853928{margin-top: 0px !important;margin-right: 0px !important;margin-bottom: 0px !important;margin-left: 0px !important;padding-top: 0px !important;padding-right: 0px !important;padding-bottom: 0px !important;padding-left: 0px !important;}\u00bb el_class=\u00bbfront-wide-call-es\u00bb][vc_column]<div id=\"owcta-56908\" class=\"ozy-wide-call-to-action\"><div class=\"bar\"><div><i class=\"oic-flaticon5-time\">&nbsp;<\/i><div class=\"part1\"><h5>Para todas las consultas<br>Llamanos : <span>+1 450-444-4405<\/span><\/h5><\/div><div class=\"part2\"><a href=\"#request-a-rate\" class=\"comp-request-a-rate\">SOLICITAR PRESUPUESTO<\/a><\/div><\/div><\/div><div class=\"gradient\"><div><h5>SOMOS<\/h5><h4>CREADORES DE INTERCAMBIADOR DE CALOR<\/h4><h3>ORIENTADOS AL RENDIMIENTO<\/h3><\/div><\/div><\/div>[\/vc_column][\/vc_row]<\/p>\n<\/div>","protected":false},"excerpt":{"rendered":"<p>[vc_row el_class=\u00bbintro isteam-intro\u00bb][vc_column css=\u00bb.vc_custom_1482349536053{margin-top: 60px !important;}\u00bb][vc_column_text css=\u00bb.vc_custom_1592151668778{margin-top: 10px !important;padding-right: 10px !important;}\u00bb] Nuestras serpentines de enfriamiento y calentamiento industrial est\u00e1n hechas a medida para satisfacer sus necesidades. Ya sea para nuevas aplicaciones o reemplazo de serpentines industriales existentes, nuestro equipo de dise\u00f1adores analizar\u00e1 sus necesidades y podr\u00e1 ofrecerle la mejor soluci\u00f3n para su proceso de enfriamiento o calentamiento. [\/vc_column_text][\/vc_column][\/vc_row][vc_row css=\u00bb.vc_custom_1492098523774{margin-top: 40px !important;}\u00bb el_class=\u00bbitex-flow\u00bb][vc_column][\/vc_column][\/vc_row][vc_row css=\u00bb.vc_custom_1492098579374{margin-top: 40px !important;}\u00bb el_class=\u00bbitex-flow\u00bb][vc_column width=\u00bb1\/2&#8243;][vc_single_image image=\u00bb8682&#8243; img_size=\u00bbfull\u00bb add_caption=\u00bbyes\u00bb alignment=\u00bbcenter\u00bb el_class=\u00bbindustrial-coil-img-model\u00bb][\/vc_column][vc_column width=\u00bb1\/2&#8243;][vc_custom_heading text=\u00bbTIPO MP SERPENTINES INDUSTRIALES\u00bb font_container=\u00bbtag:h3|text_align:left\u00bb use_theme_fonts=\u00bbyes\u00bb el_class=\u00bbcustom-heading-align-center-on-mobile\u00bb][vc_column_text] El uso de curvas en U ofrece una gran flexibilidad con respecto a la configuraci\u00f3n del intercambiador de calor. Las conexiones pueden estar en el mismo lado (n\u00famero par de pasadas) o en el lado opuesto (n\u00famero impar de pasadas) [\/vc_column_text][\/vc_column][\/vc_row][vc_row css=\u00bb.vc_custom_1492104751284{margin-top: 40px !important;}\u00bb el_class=\u00bbitex-flow\u00bb][vc_column width=\u00bb1\/2&#8243;][vc_single_image image=\u00bb8209&#8243; img_size=\u00bbfull\u00bb add_caption=\u00bbyes\u00bb alignment=\u00bbcenter\u00bb [&hellip;]<\/p>\n","protected":false},"author":2,"featured_media":0,"parent":8329,"menu_order":67,"comment_status":"closed","ping_status":"closed","template":"","meta":{"footnotes":""},"class_list":["post-8681","page","type-page","status-publish","hentry"],"yoast_head":"<!-- This site is optimized with the Yoast SEO Premium plugin v27.4 (Yoast SEO v27.4) - https:\/\/yoast.com\/product\/yoast-seo-premium-wordpress\/ -->\n<title>ICOIL : Serpentines de enfriamiento y calentamiento - THERMOFIN<\/title>\n<meta name=\"description\" content=\"Las serpentines de enfriamiento y calentamiento industrial ICOIL est\u00e1n hechas a medida para satisfacer sus necesidades. Nuestro equipo de dise\u00f1adores analizar\u00e1 sus necesidades y podr\u00e1 ofrecerle la mejor soluci\u00f3n para su proceso de enfriamiento o calentamiento.\" \/>\n<meta name=\"robots\" content=\"index, follow, max-snippet:-1, max-image-preview:large, max-video-preview:-1\" \/>\n<link rel=\"canonical\" href=\"https:\/\/thermofin.net\/es\/productos\/icoil-serpentines-de-enfriamiento-y-calentamiento\/\" \/>\n<meta property=\"og:locale\" content=\"es_ES\" \/>\n<meta property=\"og:type\" content=\"article\" \/>\n<meta property=\"og:title\" content=\"ICOIL : Serpentines de enfriamiento y calentamiento\" \/>\n<meta property=\"og:description\" content=\"Nuestras serpentines de enfriamiento y calentamiento industrial est\u00e1n hechas a medida para satisfacer sus necesidades. Ya sea para nuevas aplicaciones o\" \/>\n<meta property=\"og:url\" content=\"https:\/\/thermofin.net\/es\/productos\/icoil-serpentines-de-enfriamiento-y-calentamiento\/\" \/>\n<meta property=\"og:site_name\" content=\"THERMOFIN\" \/>\n<meta property=\"article:publisher\" content=\"https:\/\/www.facebook.com\/Thermofin\/\" \/>\n<meta property=\"article:modified_time\" content=\"2020-06-28T23:13:40+00:00\" \/>\n<meta property=\"og:image\" content=\"https:\/\/thermofin.net\/wp-content\/uploads\/2016\/08\/product-icoil-heating-and-cooling-industrial-coil.jpg\" \/>\n\t<meta property=\"og:image:width\" content=\"960\" \/>\n\t<meta property=\"og:image:height\" content=\"576\" \/>\n\t<meta property=\"og:image:type\" content=\"image\/jpeg\" \/>\n<meta name=\"twitter:card\" content=\"summary_large_image\" \/>\n<meta name=\"twitter:site\" content=\"@Thermofin\" \/>\n<meta name=\"twitter:label1\" content=\"Tiempo de lectura\" \/>\n\t<meta name=\"twitter:data1\" content=\"6 minutos\" \/>\n<script type=\"application\/ld+json\" class=\"yoast-schema-graph\">{\"@context\":\"https:\\\/\\\/schema.org\",\"@graph\":[{\"@type\":\"WebPage\",\"@id\":\"https:\\\/\\\/thermofin.net\\\/es\\\/productos\\\/icoil-serpentines-de-enfriamiento-y-calentamiento\\\/\",\"url\":\"https:\\\/\\\/thermofin.net\\\/es\\\/productos\\\/icoil-serpentines-de-enfriamiento-y-calentamiento\\\/\",\"name\":\"ICOIL : Serpentines de enfriamiento y calentamiento - THERMOFIN\",\"isPartOf\":{\"@id\":\"https:\\\/\\\/thermofin.net\\\/es\\\/#website\"},\"primaryImageOfPage\":{\"@id\":\"https:\\\/\\\/thermofin.net\\\/es\\\/productos\\\/icoil-serpentines-de-enfriamiento-y-calentamiento\\\/#primaryimage\"},\"image\":{\"@id\":\"https:\\\/\\\/thermofin.net\\\/es\\\/productos\\\/icoil-serpentines-de-enfriamiento-y-calentamiento\\\/#primaryimage\"},\"thumbnailUrl\":\"https:\\\/\\\/thermofin.net\\\/wp-content\\\/uploads\\\/2017\\\/01\\\/isteam-steam-coils.jpg\",\"datePublished\":\"2016-08-02T13:39:08+00:00\",\"dateModified\":\"2020-06-28T23:13:40+00:00\",\"description\":\"Las serpentines de enfriamiento y calentamiento industrial ICOIL est\u00e1n hechas a medida para satisfacer sus necesidades. Nuestro equipo de dise\u00f1adores analizar\u00e1 sus necesidades y podr\u00e1 ofrecerle la mejor soluci\u00f3n para su proceso de enfriamiento o calentamiento.\",\"breadcrumb\":{\"@id\":\"https:\\\/\\\/thermofin.net\\\/es\\\/productos\\\/icoil-serpentines-de-enfriamiento-y-calentamiento\\\/#breadcrumb\"},\"inLanguage\":\"es\",\"potentialAction\":[{\"@type\":\"ReadAction\",\"target\":[\"https:\\\/\\\/thermofin.net\\\/es\\\/productos\\\/icoil-serpentines-de-enfriamiento-y-calentamiento\\\/\"]}]},{\"@type\":\"ImageObject\",\"inLanguage\":\"es\",\"@id\":\"https:\\\/\\\/thermofin.net\\\/es\\\/productos\\\/icoil-serpentines-de-enfriamiento-y-calentamiento\\\/#primaryimage\",\"url\":\"https:\\\/\\\/thermofin.net\\\/wp-content\\\/uploads\\\/2017\\\/01\\\/isteam-steam-coils.jpg\",\"contentUrl\":\"https:\\\/\\\/thermofin.net\\\/wp-content\\\/uploads\\\/2017\\\/01\\\/isteam-steam-coils.jpg\"},{\"@type\":\"BreadcrumbList\",\"@id\":\"https:\\\/\\\/thermofin.net\\\/es\\\/productos\\\/icoil-serpentines-de-enfriamiento-y-calentamiento\\\/#breadcrumb\",\"itemListElement\":[{\"@type\":\"ListItem\",\"position\":1,\"name\":\"Home\",\"item\":\"https:\\\/\\\/thermofin.net\\\/es\\\/\"},{\"@type\":\"ListItem\",\"position\":2,\"name\":\"PRODUCTOS\",\"item\":\"https:\\\/\\\/thermofin.net\\\/es\\\/productos\\\/\"},{\"@type\":\"ListItem\",\"position\":3,\"name\":\"ICOIL : Serpentines de enfriamiento y calentamiento\"}]},{\"@type\":\"WebSite\",\"@id\":\"https:\\\/\\\/thermofin.net\\\/es\\\/#website\",\"url\":\"https:\\\/\\\/thermofin.net\\\/es\\\/\",\"name\":\"THERMOFIN\",\"description\":\"Efficiency-Driven Heat Exchanger Creators\",\"publisher\":{\"@id\":\"https:\\\/\\\/thermofin.net\\\/es\\\/#organization\"},\"potentialAction\":[{\"@type\":\"SearchAction\",\"target\":{\"@type\":\"EntryPoint\",\"urlTemplate\":\"https:\\\/\\\/thermofin.net\\\/es\\\/?s={search_term_string}\"},\"query-input\":{\"@type\":\"PropertyValueSpecification\",\"valueRequired\":true,\"valueName\":\"search_term_string\"}}],\"inLanguage\":\"es\"},{\"@type\":\"Organization\",\"@id\":\"https:\\\/\\\/thermofin.net\\\/es\\\/#organization\",\"name\":\"Thermofin\",\"url\":\"https:\\\/\\\/thermofin.net\\\/es\\\/\",\"logo\":{\"@type\":\"ImageObject\",\"inLanguage\":\"es\",\"@id\":\"https:\\\/\\\/thermofin.net\\\/es\\\/#\\\/schema\\\/logo\\\/image\\\/\",\"url\":\"https:\\\/\\\/thermofin.net\\\/wp-content\\\/uploads\\\/2017\\\/04\\\/logo.png\",\"contentUrl\":\"https:\\\/\\\/thermofin.net\\\/wp-content\\\/uploads\\\/2017\\\/04\\\/logo.png\",\"width\":138,\"height\":74,\"caption\":\"Thermofin\"},\"image\":{\"@id\":\"https:\\\/\\\/thermofin.net\\\/es\\\/#\\\/schema\\\/logo\\\/image\\\/\"},\"sameAs\":[\"https:\\\/\\\/www.facebook.com\\\/Thermofin\\\/\",\"https:\\\/\\\/x.com\\\/Thermofin\",\"https:\\\/\\\/www.linkedin.com\\\/company\\\/thermofin\",\"https:\\\/\\\/www.youtube.com\\\/user\\\/thermofinvideos\"]}]}<\/script>\n<!-- \/ Yoast SEO Premium plugin. -->","yoast_head_json":{"title":"ICOIL : Serpentines de enfriamiento y calentamiento - THERMOFIN","description":"Las serpentines de enfriamiento y calentamiento industrial ICOIL est\u00e1n hechas a medida para satisfacer sus necesidades. Nuestro equipo de dise\u00f1adores analizar\u00e1 sus necesidades y podr\u00e1 ofrecerle la mejor soluci\u00f3n para su proceso de enfriamiento o calentamiento.","robots":{"index":"index","follow":"follow","max-snippet":"max-snippet:-1","max-image-preview":"max-image-preview:large","max-video-preview":"max-video-preview:-1"},"canonical":"https:\/\/thermofin.net\/es\/productos\/icoil-serpentines-de-enfriamiento-y-calentamiento\/","og_locale":"es_ES","og_type":"article","og_title":"ICOIL : Serpentines de enfriamiento y calentamiento","og_description":"Nuestras serpentines de enfriamiento y calentamiento industrial est\u00e1n hechas a medida para satisfacer sus necesidades. Ya sea para nuevas aplicaciones o","og_url":"https:\/\/thermofin.net\/es\/productos\/icoil-serpentines-de-enfriamiento-y-calentamiento\/","og_site_name":"THERMOFIN","article_publisher":"https:\/\/www.facebook.com\/Thermofin\/","article_modified_time":"2020-06-28T23:13:40+00:00","og_image":[{"width":960,"height":576,"url":"https:\/\/thermofin.net\/wp-content\/uploads\/2016\/08\/product-icoil-heating-and-cooling-industrial-coil.jpg","type":"image\/jpeg"}],"twitter_card":"summary_large_image","twitter_site":"@Thermofin","twitter_misc":{"Tiempo de lectura":"6 minutos"},"schema":{"@context":"https:\/\/schema.org","@graph":[{"@type":"WebPage","@id":"https:\/\/thermofin.net\/es\/productos\/icoil-serpentines-de-enfriamiento-y-calentamiento\/","url":"https:\/\/thermofin.net\/es\/productos\/icoil-serpentines-de-enfriamiento-y-calentamiento\/","name":"ICOIL : Serpentines de enfriamiento y calentamiento - THERMOFIN","isPartOf":{"@id":"https:\/\/thermofin.net\/es\/#website"},"primaryImageOfPage":{"@id":"https:\/\/thermofin.net\/es\/productos\/icoil-serpentines-de-enfriamiento-y-calentamiento\/#primaryimage"},"image":{"@id":"https:\/\/thermofin.net\/es\/productos\/icoil-serpentines-de-enfriamiento-y-calentamiento\/#primaryimage"},"thumbnailUrl":"https:\/\/thermofin.net\/wp-content\/uploads\/2017\/01\/isteam-steam-coils.jpg","datePublished":"2016-08-02T13:39:08+00:00","dateModified":"2020-06-28T23:13:40+00:00","description":"Las serpentines de enfriamiento y calentamiento industrial ICOIL est\u00e1n hechas a medida para satisfacer sus necesidades. Nuestro equipo de dise\u00f1adores analizar\u00e1 sus necesidades y podr\u00e1 ofrecerle la mejor soluci\u00f3n para su proceso de enfriamiento o calentamiento.","breadcrumb":{"@id":"https:\/\/thermofin.net\/es\/productos\/icoil-serpentines-de-enfriamiento-y-calentamiento\/#breadcrumb"},"inLanguage":"es","potentialAction":[{"@type":"ReadAction","target":["https:\/\/thermofin.net\/es\/productos\/icoil-serpentines-de-enfriamiento-y-calentamiento\/"]}]},{"@type":"ImageObject","inLanguage":"es","@id":"https:\/\/thermofin.net\/es\/productos\/icoil-serpentines-de-enfriamiento-y-calentamiento\/#primaryimage","url":"https:\/\/thermofin.net\/wp-content\/uploads\/2017\/01\/isteam-steam-coils.jpg","contentUrl":"https:\/\/thermofin.net\/wp-content\/uploads\/2017\/01\/isteam-steam-coils.jpg"},{"@type":"BreadcrumbList","@id":"https:\/\/thermofin.net\/es\/productos\/icoil-serpentines-de-enfriamiento-y-calentamiento\/#breadcrumb","itemListElement":[{"@type":"ListItem","position":1,"name":"Home","item":"https:\/\/thermofin.net\/es\/"},{"@type":"ListItem","position":2,"name":"PRODUCTOS","item":"https:\/\/thermofin.net\/es\/productos\/"},{"@type":"ListItem","position":3,"name":"ICOIL : Serpentines de enfriamiento y calentamiento"}]},{"@type":"WebSite","@id":"https:\/\/thermofin.net\/es\/#website","url":"https:\/\/thermofin.net\/es\/","name":"THERMOFIN","description":"Efficiency-Driven Heat Exchanger Creators","publisher":{"@id":"https:\/\/thermofin.net\/es\/#organization"},"potentialAction":[{"@type":"SearchAction","target":{"@type":"EntryPoint","urlTemplate":"https:\/\/thermofin.net\/es\/?s={search_term_string}"},"query-input":{"@type":"PropertyValueSpecification","valueRequired":true,"valueName":"search_term_string"}}],"inLanguage":"es"},{"@type":"Organization","@id":"https:\/\/thermofin.net\/es\/#organization","name":"Thermofin","url":"https:\/\/thermofin.net\/es\/","logo":{"@type":"ImageObject","inLanguage":"es","@id":"https:\/\/thermofin.net\/es\/#\/schema\/logo\/image\/","url":"https:\/\/thermofin.net\/wp-content\/uploads\/2017\/04\/logo.png","contentUrl":"https:\/\/thermofin.net\/wp-content\/uploads\/2017\/04\/logo.png","width":138,"height":74,"caption":"Thermofin"},"image":{"@id":"https:\/\/thermofin.net\/es\/#\/schema\/logo\/image\/"},"sameAs":["https:\/\/www.facebook.com\/Thermofin\/","https:\/\/x.com\/Thermofin","https:\/\/www.linkedin.com\/company\/thermofin","https:\/\/www.youtube.com\/user\/thermofinvideos"]}]}},"_links":{"self":[{"href":"https:\/\/thermofin.net\/es\/wp-json\/wp\/v2\/pages\/8681","targetHints":{"allow":["GET"]}}],"collection":[{"href":"https:\/\/thermofin.net\/es\/wp-json\/wp\/v2\/pages"}],"about":[{"href":"https:\/\/thermofin.net\/es\/wp-json\/wp\/v2\/types\/page"}],"author":[{"embeddable":true,"href":"https:\/\/thermofin.net\/es\/wp-json\/wp\/v2\/users\/2"}],"replies":[{"embeddable":true,"href":"https:\/\/thermofin.net\/es\/wp-json\/wp\/v2\/comments?post=8681"}],"version-history":[{"count":0,"href":"https:\/\/thermofin.net\/es\/wp-json\/wp\/v2\/pages\/8681\/revisions"}],"up":[{"embeddable":true,"href":"https:\/\/thermofin.net\/es\/wp-json\/wp\/v2\/pages\/8329"}],"wp:attachment":[{"href":"https:\/\/thermofin.net\/es\/wp-json\/wp\/v2\/media?parent=8681"}],"curies":[{"name":"wp","href":"https:\/\/api.w.org\/{rel}","templated":true}]}}