{"id":8396,"date":"2014-10-27T11:50:59","date_gmt":"2014-10-27T11:50:59","guid":{"rendered":"https:\/\/thermofin.net\/contact-us\/"},"modified":"2020-06-29T16:02:12","modified_gmt":"2020-06-29T20:02:12","slug":"contactenos","status":"publish","type":"page","link":"https:\/\/thermofin.net\/es\/contactenos\/","title":{"rendered":"CONT\u00c1CTENOS"},"content":{"rendered":"<div class=\"wpb-content-wrapper\"><p>[vc_row bg_parallax=\u00bboff\u00bb css=\u00bb.vc_custom_1491403514377{margin-top: 60px !important;}\u00bb][vc_column][vc_custom_heading source=\u00bbpost_title\u00bb use_theme_fonts=\u00bbyes\u00bb][\/vc_column][\/vc_row][vc_row bg_parallax=\u00bboff\u00bb css=\u00bb.vc_custom_1414939396526{margin-top: 0px !important;padding-top: 40px !important;}\u00bb][vc_column width=\u00bb1\/3&#8243;][vc_column_text]<\/p>\n<h5>THERMOFIN (SEDE)<\/h5>\n<p><strong>Candiac (QC), Canada<\/strong><br \/>\n47 Marie-Victorin, J5R 1B6<br \/>\nTel. : +1 450-444-4405<br \/>\nInt. : 1-888-635-8450<br \/>\nFax : +1 450-444-7745<br \/>\nCourriel : <a href=\"&#x6d;a&#x69;&#108;&#x74;&#x6f;:&#x74;&#104;&#x65;&#x72;m&#x6f;&#102;&#x69;&#x6e;&#64;&#x74;&#104;&#x65;&#x72;m&#x6f;&#102;&#x69;&#x6e;&#46;&#x6e;&#101;&#x74;\">&#x74;&#104;&#x65;&#x72;&#109;&#x6f;&#102;i&#x6e;&#64;t&#x68;&#101;r&#x6d;&#111;f&#x69;&#110;&#x2e;&#x6e;&#101;&#x74;<\/a>[\/vc_column_text][\/vc_column][vc_column width=\u00bb1\/3&#8243;][vc_column_text]<\/p>\n<h5>THERMOFIN (F\u00c1BRICA QUEBEC)<\/h5>\n<p><strong>L\u00e9vis (QC), Canada<\/strong><br \/>\n907 Napol\u00e9on-H\u00e9bert, G7A 5L3<br \/>\nInt. : 1-888-635-8450<br \/>\nFax : +1 450-444-7745<br \/>\nCourriel : <a href=\"m&#97;&#x69;&#x6c;t&#111;&#58;&#x74;&#x68;e&#114;&#x6d;&#x6f;f&#105;&#110;&#x40;&#x74;h&#101;&#x72;&#x6d;o&#102;&#105;&#x6e;&#x2e;n&#101;&#x74;\">&#x74;&#x68;&#101;&#114;mo&#x66;&#x69;&#x6e;&#64;th&#x65;&#x72;&#x6d;&#111;&#102;i&#x6e;&#x2e;&#x6e;&#101;&#116;<\/a>[\/vc_column_text][\/vc_column][vc_column width=\u00bb1\/3&#8243;][vc_column_text]<\/p>\n<h5>THERMOFIN (F\u00c1BRICA CANDIAC)<\/h5>\n<p><strong>Candiac (QC), Canada<\/strong><br \/>\n9 Marie-Victorin, J5R 4S8<br \/>\nInt. : 1-888-635-8450<br \/>\nFax : +1 450-444-7745<br \/>\nCourriel : <a href=\"m&#97;&#x69;&#x6c;t&#111;&#x3a;&#x74;h&#101;&#114;&#x6d;&#x6f;f&#105;&#x6e;&#x40;t&#104;&#x65;&#x72;m&#111;&#102;&#x69;&#x6e;&#46;&#110;&#x65;&#x74;\">thermofin&#64;th&#101;&#114;&#109;&#111;&#102;&#105;&#110;&#46;&#110;&#101;&#116;<\/a>[\/vc_column_text][\/vc_column][\/vc_row][vc_row bg_parallax=\u00bboff\u00bb css=\u00bb.vc_custom_1491403854121{margin-bottom: 0px !important;padding-bottom: 0px !important;}\u00bb][vc_column width=\u00bb1\/2&#8243; css=\u00bb.vc_custom_1491505271978{padding-top: 120px !important;}\u00bb]\n<div class=\"wpcf7 no-js\" id=\"wpcf7-f9002-o1\" lang=\"en-US\" dir=\"ltr\" data-wpcf7-id=\"9002\">\n<div class=\"screen-reader-response\"><p role=\"status\" aria-live=\"polite\" aria-atomic=\"true\"><\/p> <ul><\/ul><\/div>\n<form action=\"\/es\/wp-json\/wp\/v2\/pages\/8396#wpcf7-f9002-o1\" method=\"post\" class=\"wpcf7-form init\" aria-label=\"Contact form\" novalidate=\"novalidate\" data-status=\"init\">\n<fieldset class=\"hidden-fields-container\"><input type=\"hidden\" name=\"_wpcf7\" value=\"9002\" \/><input type=\"hidden\" name=\"_wpcf7_version\" value=\"6.1.5\" \/><input type=\"hidden\" name=\"_wpcf7_locale\" value=\"en_US\" \/><input type=\"hidden\" name=\"_wpcf7_unit_tag\" value=\"wpcf7-f9002-o1\" \/><input type=\"hidden\" name=\"_wpcf7_container_post\" value=\"0\" \/><input type=\"hidden\" name=\"_wpcf7_posted_data_hash\" value=\"\" \/><input type=\"hidden\" name=\"_wpcf7_recaptcha_response\" value=\"\" \/>\n<\/fieldset>\n<p>Tu nombre (requerido)\n<\/p>\n<p><span class=\"wpcf7-form-control-wrap\" data-name=\"your-name\"><input size=\"40\" maxlength=\"400\" class=\"wpcf7-form-control wpcf7-text wpcf7-validates-as-required\" aria-required=\"true\" aria-invalid=\"false\" value=\"\" type=\"text\" name=\"your-name\" \/><\/span>\n<\/p>\n<p>Tu Email (requerido)\n<\/p>\n<p><span class=\"wpcf7-form-control-wrap\" data-name=\"your-email\"><input size=\"40\" maxlength=\"400\" class=\"wpcf7-form-control wpcf7-email wpcf7-validates-as-required wpcf7-text wpcf7-validates-as-email\" aria-required=\"true\" aria-invalid=\"false\" value=\"\" type=\"email\" name=\"your-email\" \/><\/span>\n<\/p>\n<p>Sujeto\n<\/p>\n<p><span class=\"wpcf7-form-control-wrap\" data-name=\"your-subject\"><input size=\"40\" maxlength=\"400\" class=\"wpcf7-form-control wpcf7-text\" aria-invalid=\"false\" value=\"\" type=\"text\" name=\"your-subject\" \/><\/span>\n<\/p>\n<p>Tu mensaje\n<\/p>\n<p><span class=\"wpcf7-form-control-wrap\" data-name=\"your-message\"><textarea cols=\"40\" rows=\"6\" maxlength=\"2000\" class=\"wpcf7-form-control wpcf7-textarea\" aria-invalid=\"false\" name=\"your-message\"><\/textarea><\/span>\n<\/p>\n<p>\n\n<\/p>\n<p><input class=\"wpcf7-form-control wpcf7-submit has-spinner\" type=\"submit\" value=\"Enviar\" \/>\n<\/p><div class=\"wpcf7-response-output\" aria-hidden=\"true\"><\/div>\n<\/form>\n<\/div>\n[\/vc_column][vc_column width=\u00bb1\/2&#8243; offset=\u00bbvc_hidden-xs\u00bb][vc_single_image image=\u00bb8417&#8243; img_size=\u00bbfull\u00bb alignment=\u00bbcenter\u00bb css=\u00bb.vc_custom_1496763295108{margin-top: 80px !important;margin-bottom: 0px !important;margin-left: 80px !important;padding-bottom: 0px !important;}\u00bb][\/vc_column][\/vc_row][vc_row row_fullwidth=\u00bb1&#8243; css=\u00bb.vc_custom_1495662621900{margin-top: -10px !important;margin-right: 0px !important;margin-bottom: 0px !important;margin-left: 0px !important;padding-top: 0px !important;padding-right: 0px !important;padding-bottom: 0px !important;padding-left: 0px !important;}\u00bb el_class=\u00bbfront-map-1920&#8243;][vc_column][vc_single_image image=\u00bb8139&#8243; img_size=\u00bbfull\u00bb alignment=\u00bbcenter\u00bb onclick=\u00bbcustom_link\u00bb img_link_target=\u00bb_blank\u00bb css_animation=\u00bbnone\u00bb link=\u00bbhttps:\/\/drive.google.com\/open?id=1YU2mA_5QRUMIwWkg_Sx_Wt2Dg2g&amp;usp=sharing\u00bb][\/vc_column][\/vc_row][vc_row row_fullwidth=\u00bb1&#8243; css=\u00bb.vc_custom_1495662662875{margin-top: -10px !important;margin-right: 0px !important;margin-bottom: 0px !important;margin-left: 0px !important;padding-top: 0px !important;padding-right: 0px !important;padding-bottom: 0px !important;padding-left: 0px !important;}\u00bb el_class=\u00bbfront-map-1024&#8243;][vc_column][vc_single_image image=\u00bb8164&#8243; img_size=\u00bbfull\u00bb alignment=\u00bbcenter\u00bb onclick=\u00bbcustom_link\u00bb img_link_target=\u00bb_blank\u00bb css_animation=\u00bbnone\u00bb link=\u00bbhttps:\/\/drive.google.com\/open?id=1YU2mA_5QRUMIwWkg_Sx_Wt2Dg2g&amp;usp=sharing\u00bb][\/vc_column][\/vc_row][vc_row row_fullwidth=\u00bb1&#8243; css=\u00bb.vc_custom_1495663110819{margin-top: -10px !important;margin-right: 0px !important;margin-bottom: 0px !important;margin-left: 0px !important;padding-top: 0px !important;padding-right: 0px !important;padding-bottom: 0px !important;padding-left: 0px !important;}\u00bb el_class=\u00bbfront-map-600&#8243;][vc_column][vc_single_image image=\u00bb8165&#8243; img_size=\u00bbfull\u00bb alignment=\u00bbcenter\u00bb onclick=\u00bbcustom_link\u00bb img_link_target=\u00bb_blank\u00bb css_animation=\u00bbnone\u00bb link=\u00bbhttps:\/\/drive.google.com\/open?id=1YU2mA_5QRUMIwWkg_Sx_Wt2Dg2g&amp;usp=sharing\u00bb][\/vc_column][\/vc_row][vc_row row_fullwidth=\u00bb1&#8243; css=\u00bb.vc_custom_1593460929727{margin-top: 60px !important;margin-right: 0px !important;margin-bottom: 0px !important;margin-left: 0px !important;padding-top: 0px !important;padding-right: 0px !important;padding-bottom: 0px !important;padding-left: 0px !important;}\u00bb el_class=\u00bbfront-wide-call-es\u00bb][vc_column]<div id=\"owcta-24209\" class=\"ozy-wide-call-to-action\"><div class=\"bar\"><div><i class=\"oic-flaticon5-time\">&nbsp;<\/i><div class=\"part1\"><h5>Para todas las consultas<br>Llamanos : <span>+1 450-444-4405<\/span><\/h5><\/div><div class=\"part2\"><a href=\"#request-a-rate\" class=\"comp-request-a-rate\">SOLICITAR PRESUPUESTO<\/a><\/div><\/div><\/div><div class=\"gradient\"><div><h5>SOMOS<\/h5><h4>CREADORES DE INTERCAMBIADOR DE CALOR<\/h4><h3>ORIENTADOS AL RENDIMIENTO<\/h3><\/div><\/div><\/div>[\/vc_column][\/vc_row]<\/p>\n<\/div>","protected":false},"excerpt":{"rendered":"<p>[vc_row bg_parallax=\u00bboff\u00bb css=\u00bb.vc_custom_1491403514377{margin-top: 60px !important;}\u00bb][vc_column][vc_custom_heading source=\u00bbpost_title\u00bb use_theme_fonts=\u00bbyes\u00bb][\/vc_column][\/vc_row][vc_row bg_parallax=\u00bboff\u00bb css=\u00bb.vc_custom_1414939396526{margin-top: 0px !important;padding-top: 40px !important;}\u00bb][vc_column width=\u00bb1\/3&#8243;][vc_column_text] THERMOFIN (SEDE) Candiac (QC), Canada 47 Marie-Victorin, J5R 1B6 Tel. : +1 450-444-4405 Int. : 1-888-635-8450 Fax : +1 450-444-7745 Courriel : th&#101;&#114;&#109;&#x6f;&#x66;&#x69;&#x6e;&#x40;th&#101;&#114;&#109;&#x6f;&#x66;&#x69;&#x6e;&#x2e;ne&#116;[\/vc_column_text][\/vc_column][vc_column width=\u00bb1\/3&#8243;][vc_column_text] THERMOFIN (F\u00c1BRICA QUEBEC) L\u00e9vis (QC), Canada 907 Napol\u00e9on-H\u00e9bert, G7A 5L3 Int. : 1-888-635-8450 Fax : +1 450-444-7745 Courriel : &#x74;h&#x65;&#114;m&#x6f;&#102;&#x69;&#110;&#64;&#x74;&#104;&#x65;&#114;m&#x6f;&#102;&#x69;&#x6e;&#46;&#x6e;&#101;t[\/vc_column_text][\/vc_column][vc_column width=\u00bb1\/3&#8243;][vc_column_text] THERMOFIN (F\u00c1BRICA CANDIAC) Candiac (QC), Canada 9 Marie-Victorin, J5R 4S8 Int. : 1-888-635-8450 Fax : +1 450-444-7745 Courriel : t&#104;&#101;&#x72;&#x6d;&#x6f;f&#105;&#110;&#x40;&#x74;&#x68;er&#109;&#x6f;&#x66;&#x69;n&#46;&#110;&#101;&#x74;[\/vc_column_text][\/vc_column][\/vc_row][vc_row bg_parallax=\u00bboff\u00bb css=\u00bb.vc_custom_1491403854121{margin-bottom: 0px !important;padding-bottom: 0px !important;}\u00bb][vc_column width=\u00bb1\/2&#8243; css=\u00bb.vc_custom_1491505271978{padding-top: 120px !important;}\u00bb][\/vc_column][vc_column width=\u00bb1\/2&#8243; offset=\u00bbvc_hidden-xs\u00bb][vc_single_image image=\u00bb8417&#8243; img_size=\u00bbfull\u00bb alignment=\u00bbcenter\u00bb css=\u00bb.vc_custom_1496763295108{margin-top: 80px !important;margin-bottom: 0px !important;margin-left: 80px !important;padding-bottom: 0px !important;}\u00bb][\/vc_column][\/vc_row][vc_row row_fullwidth=\u00bb1&#8243; css=\u00bb.vc_custom_1495662621900{margin-top: -10px !important;margin-right: 0px !important;margin-bottom: 0px !important;margin-left: 0px !important;padding-top: 0px !important;padding-right: 0px !important;padding-bottom: 0px !important;padding-left: 0px !important;}\u00bb el_class=\u00bbfront-map-1920&#8243;][vc_column][vc_single_image image=\u00bb8139&#8243; img_size=\u00bbfull\u00bb alignment=\u00bbcenter\u00bb onclick=\u00bbcustom_link\u00bb img_link_target=\u00bb_blank\u00bb css_animation=\u00bbnone\u00bb link=\u00bbhttps:\/\/drive.google.com\/open?id=1YU2mA_5QRUMIwWkg_Sx_Wt2Dg2g&amp;usp=sharing\u00bb][\/vc_column][\/vc_row][vc_row row_fullwidth=\u00bb1&#8243; [&hellip;]<\/p>\n","protected":false},"author":2,"featured_media":0,"parent":0,"menu_order":5,"comment_status":"closed","ping_status":"closed","template":"","meta":{"footnotes":""},"class_list":["post-8396","page","type-page","status-publish","hentry"],"yoast_head":"<!-- This site is optimized with the Yoast SEO Premium plugin v27.4 (Yoast SEO v27.4) - https:\/\/yoast.com\/product\/yoast-seo-premium-wordpress\/ -->\n<title>CONT\u00c1CTENOS - Thermofin - Intercambiadores de calor industriales<\/title>\n<meta name=\"description\" content=\"No dude en contactarnos para todas sus consultas, preguntas, presupuestos, etc. sobre nuestros intercambiadores de calor, refrigeradores y todas nuestras soluciones de transferencia de calor. Haremos todo lo posible para responder a todas sus necesidades espec\u00edficas.\" \/>\n<meta name=\"robots\" content=\"index, follow, max-snippet:-1, max-image-preview:large, max-video-preview:-1\" \/>\n<link rel=\"canonical\" href=\"https:\/\/thermofin.net\/es\/contactenos\/\" \/>\n<meta property=\"og:locale\" content=\"es_ES\" \/>\n<meta property=\"og:type\" content=\"article\" \/>\n<meta property=\"og:title\" content=\"CONT\u00c1CTENOS\" \/>\n<meta property=\"og:description\" content=\"THERMOFIN (SEDE) Candiac (QC), Canada 47 Marie-Victorin, J5R 1B6 Tel. : +1 450-444-4405 Int. : 1-888-635-8450 Fax : +1 450-444-7745 Courriel :\" \/>\n<meta property=\"og:url\" content=\"https:\/\/thermofin.net\/es\/contactenos\/\" \/>\n<meta property=\"og:site_name\" content=\"THERMOFIN\" \/>\n<meta property=\"article:publisher\" content=\"https:\/\/www.facebook.com\/Thermofin\/\" \/>\n<meta property=\"article:modified_time\" content=\"2020-06-29T20:02:12+00:00\" \/>\n<meta property=\"og:image\" content=\"https:\/\/thermofin.net\/wp-content\/uploads\/2014\/11\/usine_candiac_facebook.jpg\" \/>\n\t<meta property=\"og:image:width\" content=\"1200\" \/>\n\t<meta property=\"og:image:height\" content=\"630\" \/>\n\t<meta property=\"og:image:type\" content=\"image\/jpeg\" \/>\n<meta name=\"twitter:card\" content=\"summary_large_image\" \/>\n<meta name=\"twitter:site\" content=\"@Thermofin\" \/>\n<meta name=\"twitter:label1\" content=\"Tiempo de lectura\" \/>\n\t<meta name=\"twitter:data1\" content=\"3 minutos\" \/>\n<script type=\"application\/ld+json\" class=\"yoast-schema-graph\">{\"@context\":\"https:\\\/\\\/schema.org\",\"@graph\":[{\"@type\":\"WebPage\",\"@id\":\"https:\\\/\\\/thermofin.net\\\/es\\\/contactenos\\\/\",\"url\":\"https:\\\/\\\/thermofin.net\\\/es\\\/contactenos\\\/\",\"name\":\"CONT\u00c1CTENOS - Thermofin - Intercambiadores de calor industriales\",\"isPartOf\":{\"@id\":\"https:\\\/\\\/thermofin.net\\\/es\\\/#website\"},\"datePublished\":\"2014-10-27T11:50:59+00:00\",\"dateModified\":\"2020-06-29T20:02:12+00:00\",\"description\":\"No dude en contactarnos para todas sus consultas, preguntas, presupuestos, etc. sobre nuestros intercambiadores de calor, refrigeradores y todas nuestras soluciones de transferencia de calor. Haremos todo lo posible para responder a todas sus necesidades espec\u00edficas.\",\"breadcrumb\":{\"@id\":\"https:\\\/\\\/thermofin.net\\\/es\\\/contactenos\\\/#breadcrumb\"},\"inLanguage\":\"es\",\"potentialAction\":[{\"@type\":\"ReadAction\",\"target\":[\"https:\\\/\\\/thermofin.net\\\/es\\\/contactenos\\\/\"]}]},{\"@type\":\"BreadcrumbList\",\"@id\":\"https:\\\/\\\/thermofin.net\\\/es\\\/contactenos\\\/#breadcrumb\",\"itemListElement\":[{\"@type\":\"ListItem\",\"position\":1,\"name\":\"Home\",\"item\":\"https:\\\/\\\/thermofin.net\\\/es\\\/\"},{\"@type\":\"ListItem\",\"position\":2,\"name\":\"CONT\u00c1CTENOS\"}]},{\"@type\":\"WebSite\",\"@id\":\"https:\\\/\\\/thermofin.net\\\/es\\\/#website\",\"url\":\"https:\\\/\\\/thermofin.net\\\/es\\\/\",\"name\":\"THERMOFIN\",\"description\":\"Efficiency-Driven Heat Exchanger Creators\",\"publisher\":{\"@id\":\"https:\\\/\\\/thermofin.net\\\/es\\\/#organization\"},\"potentialAction\":[{\"@type\":\"SearchAction\",\"target\":{\"@type\":\"EntryPoint\",\"urlTemplate\":\"https:\\\/\\\/thermofin.net\\\/es\\\/?s={search_term_string}\"},\"query-input\":{\"@type\":\"PropertyValueSpecification\",\"valueRequired\":true,\"valueName\":\"search_term_string\"}}],\"inLanguage\":\"es\"},{\"@type\":\"Organization\",\"@id\":\"https:\\\/\\\/thermofin.net\\\/es\\\/#organization\",\"name\":\"Thermofin\",\"url\":\"https:\\\/\\\/thermofin.net\\\/es\\\/\",\"logo\":{\"@type\":\"ImageObject\",\"inLanguage\":\"es\",\"@id\":\"https:\\\/\\\/thermofin.net\\\/es\\\/#\\\/schema\\\/logo\\\/image\\\/\",\"url\":\"https:\\\/\\\/thermofin.net\\\/wp-content\\\/uploads\\\/2017\\\/04\\\/logo.png\",\"contentUrl\":\"https:\\\/\\\/thermofin.net\\\/wp-content\\\/uploads\\\/2017\\\/04\\\/logo.png\",\"width\":138,\"height\":74,\"caption\":\"Thermofin\"},\"image\":{\"@id\":\"https:\\\/\\\/thermofin.net\\\/es\\\/#\\\/schema\\\/logo\\\/image\\\/\"},\"sameAs\":[\"https:\\\/\\\/www.facebook.com\\\/Thermofin\\\/\",\"https:\\\/\\\/x.com\\\/Thermofin\",\"https:\\\/\\\/www.linkedin.com\\\/company\\\/thermofin\",\"https:\\\/\\\/www.youtube.com\\\/user\\\/thermofinvideos\"]}]}<\/script>\n<!-- \/ Yoast SEO Premium plugin. -->","yoast_head_json":{"title":"CONT\u00c1CTENOS - Thermofin - Intercambiadores de calor industriales","description":"No dude en contactarnos para todas sus consultas, preguntas, presupuestos, etc. sobre nuestros intercambiadores de calor, refrigeradores y todas nuestras soluciones de transferencia de calor. Haremos todo lo posible para responder a todas sus necesidades espec\u00edficas.","robots":{"index":"index","follow":"follow","max-snippet":"max-snippet:-1","max-image-preview":"max-image-preview:large","max-video-preview":"max-video-preview:-1"},"canonical":"https:\/\/thermofin.net\/es\/contactenos\/","og_locale":"es_ES","og_type":"article","og_title":"CONT\u00c1CTENOS","og_description":"THERMOFIN (SEDE) Candiac (QC), Canada 47 Marie-Victorin, J5R 1B6 Tel. : +1 450-444-4405 Int. : 1-888-635-8450 Fax : +1 450-444-7745 Courriel :","og_url":"https:\/\/thermofin.net\/es\/contactenos\/","og_site_name":"THERMOFIN","article_publisher":"https:\/\/www.facebook.com\/Thermofin\/","article_modified_time":"2020-06-29T20:02:12+00:00","og_image":[{"width":1200,"height":630,"url":"https:\/\/thermofin.net\/wp-content\/uploads\/2014\/11\/usine_candiac_facebook.jpg","type":"image\/jpeg"}],"twitter_card":"summary_large_image","twitter_site":"@Thermofin","twitter_misc":{"Tiempo de lectura":"3 minutos"},"schema":{"@context":"https:\/\/schema.org","@graph":[{"@type":"WebPage","@id":"https:\/\/thermofin.net\/es\/contactenos\/","url":"https:\/\/thermofin.net\/es\/contactenos\/","name":"CONT\u00c1CTENOS - Thermofin - Intercambiadores de calor industriales","isPartOf":{"@id":"https:\/\/thermofin.net\/es\/#website"},"datePublished":"2014-10-27T11:50:59+00:00","dateModified":"2020-06-29T20:02:12+00:00","description":"No dude en contactarnos para todas sus consultas, preguntas, presupuestos, etc. sobre nuestros intercambiadores de calor, refrigeradores y todas nuestras soluciones de transferencia de calor. Haremos todo lo posible para responder a todas sus necesidades espec\u00edficas.","breadcrumb":{"@id":"https:\/\/thermofin.net\/es\/contactenos\/#breadcrumb"},"inLanguage":"es","potentialAction":[{"@type":"ReadAction","target":["https:\/\/thermofin.net\/es\/contactenos\/"]}]},{"@type":"BreadcrumbList","@id":"https:\/\/thermofin.net\/es\/contactenos\/#breadcrumb","itemListElement":[{"@type":"ListItem","position":1,"name":"Home","item":"https:\/\/thermofin.net\/es\/"},{"@type":"ListItem","position":2,"name":"CONT\u00c1CTENOS"}]},{"@type":"WebSite","@id":"https:\/\/thermofin.net\/es\/#website","url":"https:\/\/thermofin.net\/es\/","name":"THERMOFIN","description":"Efficiency-Driven Heat Exchanger Creators","publisher":{"@id":"https:\/\/thermofin.net\/es\/#organization"},"potentialAction":[{"@type":"SearchAction","target":{"@type":"EntryPoint","urlTemplate":"https:\/\/thermofin.net\/es\/?s={search_term_string}"},"query-input":{"@type":"PropertyValueSpecification","valueRequired":true,"valueName":"search_term_string"}}],"inLanguage":"es"},{"@type":"Organization","@id":"https:\/\/thermofin.net\/es\/#organization","name":"Thermofin","url":"https:\/\/thermofin.net\/es\/","logo":{"@type":"ImageObject","inLanguage":"es","@id":"https:\/\/thermofin.net\/es\/#\/schema\/logo\/image\/","url":"https:\/\/thermofin.net\/wp-content\/uploads\/2017\/04\/logo.png","contentUrl":"https:\/\/thermofin.net\/wp-content\/uploads\/2017\/04\/logo.png","width":138,"height":74,"caption":"Thermofin"},"image":{"@id":"https:\/\/thermofin.net\/es\/#\/schema\/logo\/image\/"},"sameAs":["https:\/\/www.facebook.com\/Thermofin\/","https:\/\/x.com\/Thermofin","https:\/\/www.linkedin.com\/company\/thermofin","https:\/\/www.youtube.com\/user\/thermofinvideos"]}]}},"_links":{"self":[{"href":"https:\/\/thermofin.net\/es\/wp-json\/wp\/v2\/pages\/8396","targetHints":{"allow":["GET"]}}],"collection":[{"href":"https:\/\/thermofin.net\/es\/wp-json\/wp\/v2\/pages"}],"about":[{"href":"https:\/\/thermofin.net\/es\/wp-json\/wp\/v2\/types\/page"}],"author":[{"embeddable":true,"href":"https:\/\/thermofin.net\/es\/wp-json\/wp\/v2\/users\/2"}],"replies":[{"embeddable":true,"href":"https:\/\/thermofin.net\/es\/wp-json\/wp\/v2\/comments?post=8396"}],"version-history":[{"count":0,"href":"https:\/\/thermofin.net\/es\/wp-json\/wp\/v2\/pages\/8396\/revisions"}],"wp:attachment":[{"href":"https:\/\/thermofin.net\/es\/wp-json\/wp\/v2\/media?parent=8396"}],"curies":[{"name":"wp","href":"https:\/\/api.w.org\/{rel}","templated":true}]}}