{"id":8334,"date":"2018-10-19T18:47:44","date_gmt":"2018-10-19T22:47:44","guid":{"rendered":"https:\/\/thermofin.net\/employment\/"},"modified":"2020-06-26T00:03:27","modified_gmt":"2020-06-26T04:03:27","slug":"empleo","status":"publish","type":"page","link":"https:\/\/thermofin.net\/es\/contactenos\/empleo\/","title":{"rendered":"EMPLEO"},"content":{"rendered":"<div class=\"wpb-content-wrapper\"><p>[vc_row el_class=\u00bbfront-usines\u00bb css=\u00bb.vc_custom_1539989000794{margin-top: 60px !important;}\u00bb][vc_column width=\u00bb1\/3&#8243; el_class=\u00bbemplois\u00bb css=\u00bb.vc_custom_1539989046802{padding-top: 60px !important;}\u00bb][vc_column_text]<\/p>\n<h5>SOLDADOR\/ENSAMBLADOR<\/h5>\n<p><a href=\"http:\/\/placement.emploiquebec.net\/mbe\/ut\/suivroffrs\/apercoffr.asp?nooffr=6615090&amp;page=rech&amp;prov=http%3A%2F%2Fplacement%2Eemploiquebec%2Enet%2Fmbe%2Fut%2Frechroffr%2Ferechroffr%2Easp&amp;CL=french\">Ver la oferta<\/a>[\/vc_column_text][vc_column_text]<\/p>\n<h5>TRABAJANDO POR LA PRODUCCION<\/h5>\n<p><a href=\"http:\/\/placement.emploiquebec.net\/mbe\/ut\/suivroffrs\/apercoffr.asp?nooffr=6364777&amp;page=rech&amp;prov=http%3A%2F%2Fplacement%2Eemploiquebec%2Enet%2Fmbe%2Fut%2Frechroffr%2Ferechroffr%2Easp&amp;CL=french\">Ver la oferta<\/a>[\/vc_column_text][vc_column_text]<\/p>\n<h5>TRABAJANDO POR LA PRODUCCION<\/h5>\n<p><a href=\"http:\/\/placement.emploiquebec.net\/mbe\/ut\/suivroffrs\/apercoffr.asp?nooffr=6377544&amp;page=rech&amp;prov=http%3A%2F%2Fplacement%2Eemploiquebec%2Enet%2Fmbe%2Fut%2Frechroffr%2Ferechroffr%2Easp&amp;CL=french\">Ver la oferta<\/a>[\/vc_column_text][vc_column_text]<\/p>\n<h5>SORTER RASPADOR<\/h5>\n<p><a href=\"http:\/\/placement.emploiquebec.net\/mbe\/ut\/suivroffrs\/apercoffr.asp?nooffr=6647914&amp;page=rech&amp;prov=http%3A%2F%2Fplacement%2Eemploiquebec%2Enet%2Fmbe%2Fut%2Frechroffr%2Ferechroffr%2Easp&amp;CL=french\">Ver la oferta<\/a>[\/vc_column_text][vc_column_text]<\/p>\n<h5>COMPRADOR ASISTENTE<\/h5>\n<p><a href=\"http:\/\/placement.emploiquebec.net\/mbe\/ut\/suivroffrs\/apercoffr.asp?nooffr=6607199&amp;page=rech&amp;prov=http%3A%2F%2Fplacement%2Eemploiquebec%2Enet%2Fmbe%2Fut%2Frechroffr%2Ferechroffr%2Easp&amp;CL=french\">Ver la oferta<\/a>[\/vc_column_text][vc_column_text]<\/p>\n<h5>TECNOLOGO DE GARANT\u00cdA DE CALIDAD<\/h5>\n<p><a href=\"http:\/\/placement.emploiquebec.net\/mbe\/ut\/suivroffrs\/apercoffr.asp?nooffr=5898680&amp;page=rech&amp;prov=http%3A%2F%2Fplacement%2Eemploiquebec%2Enet%2Fmbe%2Fut%2Frechroffr%2Ferechroffr%2Easp&amp;CL=french\">Ver la oferta<\/a>[\/vc_column_text][\/vc_column][vc_column width=\u00bb1\/3&#8243; el_class=\u00bbemplois\u00bb css=\u00bb.vc_custom_1539989054467{padding-top: 60px !important;}\u00bb][vc_column_text]<\/p>\n<h5>SOLDADOR\/ENSAMBLADOR<\/h5>\n<p><a href=\"http:\/\/placement.emploiquebec.net\/mbe\/ut\/suivroffrs\/apercoffr.asp?nooffr=6647917&amp;page=rech&amp;prov=http%3A%2F%2Fplacement%2Eemploiquebec%2Enet%2Fmbe%2Fut%2Frechroffr%2Ferechroffr%2Easp&amp;CL=french\">Ver la oferta<\/a>[\/vc_column_text][vc_column_text]<\/p>\n<h5>TRABAJANDO POR LA PRODUCCION<\/h5>\n<p><a href=\"http:\/\/placement.emploiquebec.net\/mbe\/ut\/suivroffrs\/apercoffr.asp?nooffr=6607199&amp;page=rech&amp;prov=http%3A%2F%2Fplacement%2Eemploiquebec%2Enet%2Fmbe%2Fut%2Frechroffr%2Ferechroffr%2Easp&amp;CL=french\">Ver la oferta<\/a>[\/vc_column_text][vc_column_text]<\/p>\n<h5>CAMIONERO<\/h5>\n<p><a href=\"http:\/\/placement.emploiquebec.net\/mbe\/ut\/suivroffrs\/apercoffr.asp?nooffr=6665448&amp;page=rech&amp;prov=http%3A%2F%2Fplacement%2Eemploiquebec%2Enet%2Fmbe%2Fut%2Frechroffr%2Ferechroffr%2Easp&amp;CL=french\">Ver la oferta<\/a>[\/vc_column_text][vc_column_text]<\/p>\n<h5>T\u00c9CNICO DE INGENIER\u00cdA MEC\u00c1NICA<\/h5>\n<p><a href=\"http:\/\/placement.emploiquebec.net\/mbe\/ut\/suivroffrs\/apercoffr.asp?nooffr=5920112&amp;page=rech&amp;prov=http%3A%2F%2Fplacement%2Eemploiquebec%2Enet%2Fmbe%2Fut%2Frechroffr%2Ferechroffr%2Easp&amp;CL=french\">Ver la oferta<\/a>[\/vc_column_text][vc_column_text]<\/p>\n<h5>SECRETARIO DE SUMINISTRO<\/h5>\n<p><a href=\"http:\/\/placement.emploiquebec.net\/mbe\/ut\/suivroffrs\/apercoffr.asp?nooffr=6294198&amp;page=rech&amp;prov=http%3A%2F%2Fplacement%2Eemploiquebec%2Enet%2Fmbe%2Fut%2Frechroffr%2Ferechroffr%2Easp&amp;CL=french\">Ver la oferta<\/a>[\/vc_column_text][vc_column_text]<\/p>\n<h5>PAGO Y BENEFICIOS SECRETARIO<\/h5>\n<p><a href=\"http:\/\/placement.emploiquebec.net\/mbe\/ut\/suivroffrs\/apercoffr.asp?nooffr=6647913&amp;page=rech&amp;prov=http%3A%2F%2Fplacement%2Eemploiquebec%2Enet%2Fmbe%2Fut%2Frechroffr%2Ferechroffr%2Easp&amp;CL=french\">Ver la oferta<\/a>[\/vc_column_text][\/vc_column][vc_column width=\u00bb1\/3&#8243;][vc_single_image image=\u00bb8417&#8243; img_size=\u00bbfull\u00bb alignment=\u00bbcenter\u00bb css=\u00bb.vc_custom_1539989402297{margin-top: 80px !important;margin-bottom: 0px !important;margin-left: 80px !important;padding-bottom: 0px !important;}\u00bb][\/vc_column][\/vc_row][vc_row][vc_column][\/vc_column][\/vc_row][vc_row row_fullwidth=\u00bb1&#8243; css=\u00bb.vc_custom_1495662621900{margin-top: -10px !important;margin-right: 0px !important;margin-bottom: 0px !important;margin-left: 0px !important;padding-top: 0px !important;padding-right: 0px !important;padding-bottom: 0px !important;padding-left: 0px !important;}\u00bb el_class=\u00bbfront-map-1920&#8243;][vc_column][vc_single_image image=\u00bb8139&#8243; img_size=\u00bbfull\u00bb alignment=\u00bbcenter\u00bb onclick=\u00bbcustom_link\u00bb img_link_target=\u00bb_blank\u00bb css_animation=\u00bbnone\u00bb link=\u00bbhttps:\/\/drive.google.com\/open?id=1YU2mA_5QRUMIwWkg_Sx_Wt2Dg2g&amp;usp=sharing\u00bb][\/vc_column][\/vc_row][vc_row row_fullwidth=\u00bb1&#8243; css=\u00bb.vc_custom_1495662662875{margin-top: -10px !important;margin-right: 0px !important;margin-bottom: 0px !important;margin-left: 0px !important;padding-top: 0px !important;padding-right: 0px !important;padding-bottom: 0px !important;padding-left: 0px !important;}\u00bb el_class=\u00bbfront-map-1024&#8243;][vc_column][vc_single_image image=\u00bb8164&#8243; img_size=\u00bbfull\u00bb alignment=\u00bbcenter\u00bb onclick=\u00bbcustom_link\u00bb img_link_target=\u00bb_blank\u00bb css_animation=\u00bbnone\u00bb link=\u00bbhttps:\/\/drive.google.com\/open?id=1YU2mA_5QRUMIwWkg_Sx_Wt2Dg2g&amp;usp=sharing\u00bb][\/vc_column][\/vc_row][vc_row row_fullwidth=\u00bb1&#8243; css=\u00bb.vc_custom_1495663110819{margin-top: -10px !important;margin-right: 0px !important;margin-bottom: 0px !important;margin-left: 0px !important;padding-top: 0px !important;padding-right: 0px !important;padding-bottom: 0px !important;padding-left: 0px !important;}\u00bb el_class=\u00bbfront-map-600&#8243;][vc_column][vc_single_image image=\u00bb8165&#8243; img_size=\u00bbfull\u00bb alignment=\u00bbcenter\u00bb onclick=\u00bbcustom_link\u00bb img_link_target=\u00bb_blank\u00bb css_animation=\u00bbnone\u00bb link=\u00bbhttps:\/\/drive.google.com\/open?id=1YU2mA_5QRUMIwWkg_Sx_Wt2Dg2g&amp;usp=sharing\u00bb][\/vc_column][\/vc_row][vc_row row_fullwidth=\u00bb1&#8243; css=\u00bb.vc_custom_1491403373359{margin-top: 60px !important;margin-right: 0px !important;margin-bottom: 0px !important;margin-left: 0px !important;padding-top: 0px !important;padding-right: 0px !important;padding-bottom: 0px !important;padding-left: 0px !important;}\u00bb el_class=\u00bbfront-wide-call-fr\u00bb][vc_column]<div id=\"owcta-68973\" class=\"ozy-wide-call-to-action\"><div class=\"bar\"><div><i class=\"oic-flaticon5-time\">&nbsp;<\/i><div class=\"part1\"><h5>Pour toutes questions<br>Appelez-nous : <span>+1 450-444-4405<\/span><\/h5><\/div><div class=\"part2\"><a href=\"#request-a-rate\" class=\"comp-request-a-rate\">DEMANDEZ UNE SOUMISSION<\/a><\/div><\/div><\/div><div class=\"gradient\"><div><h5>NOUS SOMMES<\/h5><h3>DES CR\u00c9ATEURS D'\u00c9CHANGEURS<\/h3><h4>AX\u00c9S SUR LA PERFORMANCE<\/h4><\/div><\/div><\/div>[\/vc_column][\/vc_row]<\/p>\n<\/div>","protected":false},"excerpt":{"rendered":"<p>[vc_row el_class=\u00bbfront-usines\u00bb css=\u00bb.vc_custom_1539989000794{margin-top: 60px !important;}\u00bb][vc_column width=\u00bb1\/3&#8243; el_class=\u00bbemplois\u00bb css=\u00bb.vc_custom_1539989046802{padding-top: 60px !important;}\u00bb][vc_column_text] SOLDADOR\/ENSAMBLADOR Ver la oferta[\/vc_column_text][vc_column_text] TRABAJANDO POR LA PRODUCCION Ver la oferta[\/vc_column_text][vc_column_text] TRABAJANDO POR LA PRODUCCION Ver la oferta[\/vc_column_text][vc_column_text] SORTER RASPADOR Ver la oferta[\/vc_column_text][vc_column_text] COMPRADOR ASISTENTE Ver la oferta[\/vc_column_text][vc_column_text] TECNOLOGO DE GARANT\u00cdA DE CALIDAD Ver la oferta[\/vc_column_text][\/vc_column][vc_column width=\u00bb1\/3&#8243; el_class=\u00bbemplois\u00bb css=\u00bb.vc_custom_1539989054467{padding-top: 60px !important;}\u00bb][vc_column_text] SOLDADOR\/ENSAMBLADOR Ver la oferta[\/vc_column_text][vc_column_text] TRABAJANDO POR LA PRODUCCION Ver la oferta[\/vc_column_text][vc_column_text] CAMIONERO Ver la oferta[\/vc_column_text][vc_column_text] T\u00c9CNICO DE INGENIER\u00cdA MEC\u00c1NICA Ver la oferta[\/vc_column_text][vc_column_text] SECRETARIO DE SUMINISTRO Ver la oferta[\/vc_column_text][vc_column_text] PAGO Y BENEFICIOS SECRETARIO Ver la oferta[\/vc_column_text][\/vc_column][vc_column width=\u00bb1\/3&#8243;][vc_single_image image=\u00bb8417&#8243; img_size=\u00bbfull\u00bb alignment=\u00bbcenter\u00bb css=\u00bb.vc_custom_1539989402297{margin-top: 80px !important;margin-bottom: 0px !important;margin-left: 80px !important;padding-bottom: 0px !important;}\u00bb][\/vc_column][\/vc_row][vc_row][vc_column][\/vc_column][\/vc_row][vc_row row_fullwidth=\u00bb1&#8243; css=\u00bb.vc_custom_1495662621900{margin-top: -10px !important;margin-right: 0px !important;margin-bottom: 0px !important;margin-left: 0px !important;padding-top: 0px !important;padding-right: 0px !important;padding-bottom: 0px !important;padding-left: 0px !important;}\u00bb el_class=\u00bbfront-map-1920&#8243;][vc_column][vc_single_image image=\u00bb8139&#8243; img_size=\u00bbfull\u00bb alignment=\u00bbcenter\u00bb onclick=\u00bbcustom_link\u00bb img_link_target=\u00bb_blank\u00bb css_animation=\u00bbnone\u00bb link=\u00bbhttps:\/\/drive.google.com\/open?id=1YU2mA_5QRUMIwWkg_Sx_Wt2Dg2g&amp;usp=sharing\u00bb][\/vc_column][\/vc_row][vc_row row_fullwidth=\u00bb1&#8243; css=\u00bb.vc_custom_1495662662875{margin-top: -10px !important;margin-right: 0px [&hellip;]<\/p>\n","protected":false},"author":2,"featured_media":0,"parent":8396,"menu_order":5,"comment_status":"closed","ping_status":"closed","template":"","meta":{"footnotes":""},"class_list":["post-8334","page","type-page","status-publish","hentry"],"yoast_head":"<!-- This site is optimized with the Yoast SEO Premium plugin v27.4 (Yoast SEO v27.4) - https:\/\/yoast.com\/product\/yoast-seo-premium-wordpress\/ -->\n<title>CONTACT US - Thermofin - Industrial Heat Exchangers Manufacturer<\/title>\n<meta name=\"description\" content=\"Don&#039;t hesitate to contact us for all your inquiries, questions, quotes, etc. about our heat exchangers, coolers and all our heat transfer solutions. We will do everything we can to answer all your specific needs.\" \/>\n<meta name=\"robots\" content=\"index, follow, max-snippet:-1, max-image-preview:large, max-video-preview:-1\" \/>\n<link rel=\"canonical\" href=\"https:\/\/thermofin.net\/es\/contactenos\/empleo\/\" \/>\n<meta property=\"og:locale\" content=\"es_ES\" \/>\n<meta property=\"og:type\" content=\"article\" \/>\n<meta property=\"og:title\" content=\"EMPLEO\" \/>\n<meta property=\"og:description\" content=\"SOLDADOR\/ENSAMBLADOR Ver la oferta TRABAJANDO POR LA PRODUCCION Ver la oferta TRABAJANDO POR LA PRODUCCION Ver la oferta SORTER RASPADOR Ver la oferta\" \/>\n<meta property=\"og:url\" content=\"https:\/\/thermofin.net\/es\/contactenos\/empleo\/\" \/>\n<meta property=\"og:site_name\" content=\"THERMOFIN\" \/>\n<meta property=\"article:publisher\" content=\"https:\/\/www.facebook.com\/Thermofin\/\" \/>\n<meta property=\"article:modified_time\" content=\"2020-06-26T04:03:27+00:00\" \/>\n<meta property=\"og:image\" content=\"https:\/\/thermofin.net\/wp-content\/uploads\/2014\/11\/usine_candiac_facebook.jpg\" \/>\n\t<meta property=\"og:image:width\" content=\"1200\" \/>\n\t<meta property=\"og:image:height\" content=\"630\" \/>\n\t<meta property=\"og:image:type\" content=\"image\/jpeg\" \/>\n<meta name=\"twitter:card\" content=\"summary_large_image\" \/>\n<meta name=\"twitter:site\" content=\"@Thermofin\" \/>\n<meta name=\"twitter:label1\" content=\"Tiempo de lectura\" \/>\n\t<meta name=\"twitter:data1\" content=\"3 minutos\" \/>\n<script type=\"application\/ld+json\" class=\"yoast-schema-graph\">{\"@context\":\"https:\\\/\\\/schema.org\",\"@graph\":[{\"@type\":\"WebPage\",\"@id\":\"https:\\\/\\\/thermofin.net\\\/es\\\/contactenos\\\/empleo\\\/\",\"url\":\"https:\\\/\\\/thermofin.net\\\/es\\\/contactenos\\\/empleo\\\/\",\"name\":\"CONTACT US - Thermofin - Industrial Heat Exchangers Manufacturer\",\"isPartOf\":{\"@id\":\"https:\\\/\\\/thermofin.net\\\/es\\\/#website\"},\"datePublished\":\"2018-10-19T22:47:44+00:00\",\"dateModified\":\"2020-06-26T04:03:27+00:00\",\"description\":\"Don't hesitate to contact us for all your inquiries, questions, quotes, etc. about our heat exchangers, coolers and all our heat transfer solutions. We will do everything we can to answer all your specific needs.\",\"breadcrumb\":{\"@id\":\"https:\\\/\\\/thermofin.net\\\/es\\\/contactenos\\\/empleo\\\/#breadcrumb\"},\"inLanguage\":\"es\",\"potentialAction\":[{\"@type\":\"ReadAction\",\"target\":[\"https:\\\/\\\/thermofin.net\\\/es\\\/contactenos\\\/empleo\\\/\"]}]},{\"@type\":\"BreadcrumbList\",\"@id\":\"https:\\\/\\\/thermofin.net\\\/es\\\/contactenos\\\/empleo\\\/#breadcrumb\",\"itemListElement\":[{\"@type\":\"ListItem\",\"position\":1,\"name\":\"Home\",\"item\":\"https:\\\/\\\/thermofin.net\\\/es\\\/\"},{\"@type\":\"ListItem\",\"position\":2,\"name\":\"CONT\u00c1CTENOS\",\"item\":\"https:\\\/\\\/thermofin.net\\\/es\\\/contactenos\\\/\"},{\"@type\":\"ListItem\",\"position\":3,\"name\":\"EMPLEO\"}]},{\"@type\":\"WebSite\",\"@id\":\"https:\\\/\\\/thermofin.net\\\/es\\\/#website\",\"url\":\"https:\\\/\\\/thermofin.net\\\/es\\\/\",\"name\":\"THERMOFIN\",\"description\":\"Efficiency-Driven Heat Exchanger Creators\",\"publisher\":{\"@id\":\"https:\\\/\\\/thermofin.net\\\/es\\\/#organization\"},\"potentialAction\":[{\"@type\":\"SearchAction\",\"target\":{\"@type\":\"EntryPoint\",\"urlTemplate\":\"https:\\\/\\\/thermofin.net\\\/es\\\/?s={search_term_string}\"},\"query-input\":{\"@type\":\"PropertyValueSpecification\",\"valueRequired\":true,\"valueName\":\"search_term_string\"}}],\"inLanguage\":\"es\"},{\"@type\":\"Organization\",\"@id\":\"https:\\\/\\\/thermofin.net\\\/es\\\/#organization\",\"name\":\"Thermofin\",\"url\":\"https:\\\/\\\/thermofin.net\\\/es\\\/\",\"logo\":{\"@type\":\"ImageObject\",\"inLanguage\":\"es\",\"@id\":\"https:\\\/\\\/thermofin.net\\\/es\\\/#\\\/schema\\\/logo\\\/image\\\/\",\"url\":\"https:\\\/\\\/thermofin.net\\\/wp-content\\\/uploads\\\/2017\\\/04\\\/logo.png\",\"contentUrl\":\"https:\\\/\\\/thermofin.net\\\/wp-content\\\/uploads\\\/2017\\\/04\\\/logo.png\",\"width\":138,\"height\":74,\"caption\":\"Thermofin\"},\"image\":{\"@id\":\"https:\\\/\\\/thermofin.net\\\/es\\\/#\\\/schema\\\/logo\\\/image\\\/\"},\"sameAs\":[\"https:\\\/\\\/www.facebook.com\\\/Thermofin\\\/\",\"https:\\\/\\\/x.com\\\/Thermofin\",\"https:\\\/\\\/www.linkedin.com\\\/company\\\/thermofin\",\"https:\\\/\\\/www.youtube.com\\\/user\\\/thermofinvideos\"]}]}<\/script>\n<!-- \/ Yoast SEO Premium plugin. -->","yoast_head_json":{"title":"CONTACT US - Thermofin - Industrial Heat Exchangers Manufacturer","description":"Don't hesitate to contact us for all your inquiries, questions, quotes, etc. about our heat exchangers, coolers and all our heat transfer solutions. We will do everything we can to answer all your specific needs.","robots":{"index":"index","follow":"follow","max-snippet":"max-snippet:-1","max-image-preview":"max-image-preview:large","max-video-preview":"max-video-preview:-1"},"canonical":"https:\/\/thermofin.net\/es\/contactenos\/empleo\/","og_locale":"es_ES","og_type":"article","og_title":"EMPLEO","og_description":"SOLDADOR\/ENSAMBLADOR Ver la oferta TRABAJANDO POR LA PRODUCCION Ver la oferta TRABAJANDO POR LA PRODUCCION Ver la oferta SORTER RASPADOR Ver la oferta","og_url":"https:\/\/thermofin.net\/es\/contactenos\/empleo\/","og_site_name":"THERMOFIN","article_publisher":"https:\/\/www.facebook.com\/Thermofin\/","article_modified_time":"2020-06-26T04:03:27+00:00","og_image":[{"width":1200,"height":630,"url":"https:\/\/thermofin.net\/wp-content\/uploads\/2014\/11\/usine_candiac_facebook.jpg","type":"image\/jpeg"}],"twitter_card":"summary_large_image","twitter_site":"@Thermofin","twitter_misc":{"Tiempo de lectura":"3 minutos"},"schema":{"@context":"https:\/\/schema.org","@graph":[{"@type":"WebPage","@id":"https:\/\/thermofin.net\/es\/contactenos\/empleo\/","url":"https:\/\/thermofin.net\/es\/contactenos\/empleo\/","name":"CONTACT US - Thermofin - Industrial Heat Exchangers Manufacturer","isPartOf":{"@id":"https:\/\/thermofin.net\/es\/#website"},"datePublished":"2018-10-19T22:47:44+00:00","dateModified":"2020-06-26T04:03:27+00:00","description":"Don't hesitate to contact us for all your inquiries, questions, quotes, etc. about our heat exchangers, coolers and all our heat transfer solutions. We will do everything we can to answer all your specific needs.","breadcrumb":{"@id":"https:\/\/thermofin.net\/es\/contactenos\/empleo\/#breadcrumb"},"inLanguage":"es","potentialAction":[{"@type":"ReadAction","target":["https:\/\/thermofin.net\/es\/contactenos\/empleo\/"]}]},{"@type":"BreadcrumbList","@id":"https:\/\/thermofin.net\/es\/contactenos\/empleo\/#breadcrumb","itemListElement":[{"@type":"ListItem","position":1,"name":"Home","item":"https:\/\/thermofin.net\/es\/"},{"@type":"ListItem","position":2,"name":"CONT\u00c1CTENOS","item":"https:\/\/thermofin.net\/es\/contactenos\/"},{"@type":"ListItem","position":3,"name":"EMPLEO"}]},{"@type":"WebSite","@id":"https:\/\/thermofin.net\/es\/#website","url":"https:\/\/thermofin.net\/es\/","name":"THERMOFIN","description":"Efficiency-Driven Heat Exchanger Creators","publisher":{"@id":"https:\/\/thermofin.net\/es\/#organization"},"potentialAction":[{"@type":"SearchAction","target":{"@type":"EntryPoint","urlTemplate":"https:\/\/thermofin.net\/es\/?s={search_term_string}"},"query-input":{"@type":"PropertyValueSpecification","valueRequired":true,"valueName":"search_term_string"}}],"inLanguage":"es"},{"@type":"Organization","@id":"https:\/\/thermofin.net\/es\/#organization","name":"Thermofin","url":"https:\/\/thermofin.net\/es\/","logo":{"@type":"ImageObject","inLanguage":"es","@id":"https:\/\/thermofin.net\/es\/#\/schema\/logo\/image\/","url":"https:\/\/thermofin.net\/wp-content\/uploads\/2017\/04\/logo.png","contentUrl":"https:\/\/thermofin.net\/wp-content\/uploads\/2017\/04\/logo.png","width":138,"height":74,"caption":"Thermofin"},"image":{"@id":"https:\/\/thermofin.net\/es\/#\/schema\/logo\/image\/"},"sameAs":["https:\/\/www.facebook.com\/Thermofin\/","https:\/\/x.com\/Thermofin","https:\/\/www.linkedin.com\/company\/thermofin","https:\/\/www.youtube.com\/user\/thermofinvideos"]}]}},"_links":{"self":[{"href":"https:\/\/thermofin.net\/es\/wp-json\/wp\/v2\/pages\/8334","targetHints":{"allow":["GET"]}}],"collection":[{"href":"https:\/\/thermofin.net\/es\/wp-json\/wp\/v2\/pages"}],"about":[{"href":"https:\/\/thermofin.net\/es\/wp-json\/wp\/v2\/types\/page"}],"author":[{"embeddable":true,"href":"https:\/\/thermofin.net\/es\/wp-json\/wp\/v2\/users\/2"}],"replies":[{"embeddable":true,"href":"https:\/\/thermofin.net\/es\/wp-json\/wp\/v2\/comments?post=8334"}],"version-history":[{"count":0,"href":"https:\/\/thermofin.net\/es\/wp-json\/wp\/v2\/pages\/8334\/revisions"}],"up":[{"embeddable":true,"href":"https:\/\/thermofin.net\/es\/wp-json\/wp\/v2\/pages\/8396"}],"wp:attachment":[{"href":"https:\/\/thermofin.net\/es\/wp-json\/wp\/v2\/media?parent=8334"}],"curies":[{"name":"wp","href":"https:\/\/api.w.org\/{rel}","templated":true}]}}