{"id":8247,"date":"2014-10-29T22:11:20","date_gmt":"2014-10-29T22:11:20","guid":{"rendered":"https:\/\/thermofin.net\/company\/our-certifications\/"},"modified":"2026-01-22T11:02:30","modified_gmt":"2026-01-22T16:02:30","slug":"nuestras-certificaciones","status":"publish","type":"page","link":"https:\/\/thermofin.net\/es\/empresa\/nuestras-certificaciones\/","title":{"rendered":"NUESTRAS CERTIFICACIONES"},"content":{"rendered":"<div class=\"wpb-content-wrapper\"><p>[vc_row equal_height=\u00bbyes\u00bb content_placement=\u00bbmiddle\u00bb row_vertical_center=\u00bb1&#8243; el_class=\u00bb.row-full-width .certifications\u00bb][vc_column width=\u00bb1\/2&#8243; css=\u00bb.vc_custom_1496070367375{padding-right: 80px !important;padding-left: 80px !important;}\u00bb][vc_custom_heading text=\u00bbISO\u00bb font_container=\u00bbtag:h1|text_align:left\u00bb use_theme_fonts=\u00bbyes\u00bb][vc_column_text css=\u00bb\u00bb]<\/p>\n<p style=\"text-align: justify;\">Desde el a\u00f1o 2000, el sistema de gesti\u00f3n de calidad de Thermofin cuenta con la certificaci\u00f3n <a href=\"http:\/\/www.iso.org\/iso\/en\/home\/store\/catalogue_ics\/catalogue_detail_ics.htm?csnumber=62085\">ISO 9001<\/a>. Nuestro compromiso con la excelencia operativa se demuestra a trav\u00e9s de esta certificaci\u00f3n, asegurando que cada proceso est\u00e9 optimizado para ofrecer una calidad y consistencia superiores. Este est\u00e1ndar reconocido internacionalmente verifica que nuestro sistema de gesti\u00f3n de calidad cumple con los requisitos m\u00e1s recientes en integraci\u00f3n digital, gesti\u00f3n de riesgos y pr\u00e1cticas empresariales sostenibles.<\/p>\n<p>[\/vc_column_text][\/vc_column][vc_column width=\u00bb1\/2&#8243; el_class=\u00bbcertification-col-image\u00bb offset=\u00bbvc_hidden-xs\u00bb][vc_single_image image=\u00bb8281&#8243; img_size=\u00bbfull\u00bb][\/vc_column][\/vc_row][vc_row equal_height=\u00bbyes\u00bb content_placement=\u00bbmiddle\u00bb row_vertical_center=\u00bb1&#8243; el_class=\u00bb.row-full-width .certifications\u00bb][vc_column width=\u00bb1\/2&#8243; el_class=\u00bbcertification-col-image\u00bb offset=\u00bbvc_hidden-xs\u00bb][vc_single_image image=\u00bb8282&#8243; img_size=\u00bbfull\u00bb][\/vc_column][vc_column width=\u00bb1\/2&#8243; css=\u00bb.vc_custom_1496070374750{padding-right: 80px !important;padding-left: 80px !important;}\u00bb][vc_custom_heading text=\u00bbASME y National Board\u00bb font_container=\u00bbtag:h1|text_align:left\u00bb use_theme_fonts=\u00bbyes\u00bb][vc_column_text css=\u00bb\u00bb]<\/p>\n<p style=\"text-align: justify;\">Thermofin est\u00e1 acreditada por la ASME y cuenta con la capacidad de dise\u00f1ar y fabricar equipos con sellos \u00abU Stamp\u00bb y \u00abUM Stamp\u00bb, lo que certifica que nuestros recipientes a presi\u00f3n cumplen con las estrictas normas de seguridad y calidad de la Secci\u00f3n VIII, Divisi\u00f3n 1. Para asegurar la confiabilidad y el cumplimiento a largo plazo, nuestros proyectos se ejecutan utilizando procedimientos de soldadura y personal calificado bajo los exigentes requisitos de la Secci\u00f3n IX de la ASME.<\/p>\n<p>[\/vc_column_text][vc_empty_space height=\u00bb20px\u00bb]<ul class=\"ozy-custom-list wpb_content_element \">\n\n<li><span class=\"oic \"><\/span><span><a href=\"https:\/\/www.asme.org\/shop\/standards\/new-releases\/boiler-pressure-vessel-code\/pressure-vessels\">ASME Sect. VIII Div. 1<\/a><\/span><\/li>\n<li><span class=\"oic \"><\/span><span><a href=\"https:\/\/www.asme.org\/shop\/standards\/new-releases\/boiler-pressure-vessel-code\/transport-tanks\">ASME Sect. IX<\/a><\/span><\/li>\n<li><span class=\"oic \"><\/span><span>U Stamp<\/span><\/li>\n<li><span class=\"oic \"><\/span><span>UM Stamp<\/span><\/li>\n<li><span class=\"oic \"><\/span><span><a href=\"https:\/\/www.nationalboard.org\/\">National Board<\/a><\/span><\/li>\n<li><span class=\"oic \"><\/span><span>National Board R Stamp<\/span><\/li>\n\n<\/ul>[\/vc_column][\/vc_row][vc_row equal_height=\u00bbyes\u00bb content_placement=\u00bbmiddle\u00bb row_vertical_center=\u00bb1&#8243; el_class=\u00bb.row-full-width .certifications\u00bb][vc_column width=\u00bb1\/2&#8243; css=\u00bb.vc_custom_1496070387118{padding-right: 80px !important;padding-left: 80px !important;}\u00bb][vc_custom_heading text=\u00bbCSA\u00bb font_container=\u00bbtag:h1|text_align:left\u00bb use_theme_fonts=\u00bbyes\u00bb][vc_column_text css=\u00bb\u00bb]<\/p>\n<p style=\"text-align: justify;\">Nuestros productos para el mercado canadiense son meticulosamente dise\u00f1ados, proyectados y fabricados para cumplir con los requisitos m\u00e1s recientes de la norma <a href=\"https:\/\/www.csagroup.org\/store\/product\/2431005\/\">CSA B51<\/a>, asegurando el pleno cumplimiento de las regulaciones de seguridad canadienses para calderas, recipientes a presi\u00f3n y sistemas de tuber\u00edas. Facilitamos una integraci\u00f3n sin contratiempos en el mercado canadiense mediante la obtenci\u00f3n de los N\u00fameros de Registro Canadienses (CRN) necesarios.<\/p>\n<p>[\/vc_column_text][vc_empty_space height=\u00bb20px\u00bb]<ul class=\"ozy-custom-list wpb_content_element \">\n\n<li><span class=\"oic \"><\/span><span><a href=\"http:\/\/www.csagroup.org\/\">CSA B51<\/a><\/span><\/li>\n<li><span class=\"oic \"><\/span><span>CRN<\/span><\/li>\n\n<\/ul>[\/vc_column][vc_column width=\u00bb1\/2&#8243; el_class=\u00bbcertification-col-image\u00bb offset=\u00bbvc_hidden-xs\u00bb][vc_single_image image=\u00bb8282&#8243; img_size=\u00bbfull\u00bb][\/vc_column][\/vc_row][vc_row equal_height=\u00bbyes\u00bb content_placement=\u00bbmiddle\u00bb row_vertical_center=\u00bb1&#8243; el_class=\u00bb.row-full-width .certifications\u00bb][vc_column width=\u00bb1\/2&#8243; el_class=\u00bbcertification-col-image\u00bb offset=\u00bbvc_hidden-xs\u00bb][vc_single_image image=\u00bb8282&#8243; img_size=\u00bbfull\u00bb][\/vc_column][vc_column width=\u00bb1\/2&#8243; css=\u00bb.vc_custom_1496070374750{padding-right: 80px !important;padding-left: 80px !important;}\u00bb][vc_custom_heading text=\u00bbCWB\u00bb font_container=\u00bbtag:h1|text_align:left\u00bb use_theme_fonts=\u00bbyes\u00bb css=\u00bb\u00bb][vc_column_text css=\u00bb\u00bb]<\/p>\n<p style=\"text-align: justify;\">Nuestras instalaciones se enorgullecen de contar con la certificaci\u00f3n del Canadian Welding Bureau (CWB), lo que garantiza que cada proyecto cumpla con los m\u00e1s altos est\u00e1ndares nacionales de seguridad e integridad estructural. Esta <a href=\"https:\/\/www.cwbgroup.org\/fr\/services\/services-de-certification\/certification-de-lentreprise\/csa-w471-soudage-par-fusion-de\">CWB W47.1<\/a> certificaci\u00f3n refleja nuestro compromiso con la excelencia, utilizando soldadores calificados por el CWB y rigurosos protocolos de inspecci\u00f3n para entregar un trabajo de calidad superior.<\/p>\n<p>[\/vc_column_text][vc_empty_space height=\u00bb20px\u00bb]<ul class=\"ozy-custom-list wpb_content_element \">\n\n<li><span class=\"oic \"><\/span><span><a href=\"https:\/\/www.asme.org\/shop\/standards\/new-releases\/boiler-pressure-vessel-code\/pressure-vessels\">ASME Sect. VIII Div. 1<\/a><\/span><\/li>\n<li><span class=\"oic \"><\/span><span><a href=\"https:\/\/www.asme.org\/shop\/standards\/new-releases\/boiler-pressure-vessel-code\/transport-tanks\">ASME Sect. IX<\/a><\/span><\/li>\n<li><span class=\"oic \"><\/span><span>U Stamp<\/span><\/li>\n<li><span class=\"oic \"><\/span><span>UM Stamp<\/span><\/li>\n<li><span class=\"oic \"><\/span><span><a href=\"https:\/\/www.nationalboard.org\/\">National Board<\/a><\/span><\/li>\n<li><span class=\"oic \"><\/span><span>National Board R Stamp<\/span><\/li>\n\n<\/ul>[\/vc_column][\/vc_row][vc_row equal_height=\u00bbyes\u00bb content_placement=\u00bbmiddle\u00bb row_vertical_center=\u00bb1&#8243; el_class=\u00bb.row-full-width .certifications\u00bb][vc_column width=\u00bb1\/2&#8243; css=\u00bb.vc_custom_1496070396927{padding-right: 80px !important;padding-left: 80px !important;}\u00bb][vc_custom_heading text=\u00bbOTRAS NORMAS\u00bb font_container=\u00bbtag:h1|text_align:left\u00bb use_theme_fonts=\u00bbyes\u00bb][vc_column_text css=\u00bb\u00bb]<\/p>\n<p style=\"text-align: justify;\">Nuestra experiencia en fabricaci\u00f3n se extiende a trav\u00e9s de una diversa gama de est\u00e1ndares internacionales, lo que nos permite ofrecer equipos de alto rendimiento dise\u00f1ados seg\u00fan las especificaciones API y <a href=\"http:\/\/www.tema.org\/\">TEMA Standards<\/a> para aplicaciones de petr\u00f3leo, gas y transferencia de calor. Adem\u00e1s, contamos con la <a href=\"http:\/\/www.cbpvi.org\/\">Licencia de Fabricaci\u00f3n de China<\/a> para una entrada sin problemas en el mercado chino y mantenemos la aprobaci\u00f3n de tipo <a href=\"http:\/\/ww2.eagle.org\/content\/eagle\/en.html\">ABS<\/a> para garantizar que todos los productos marinos y offshore cumplan con las rigurosas reglas de seguridad y clasificaci\u00f3n.<\/p>\n<p>[\/vc_column_text][vc_empty_space height=\u00bb20px\u00bb]<ul class=\"ozy-custom-list wpb_content_element \">\n\n<li><span class=\"oic \"><\/span><span>API Standards<\/span><\/li>\n<li><span class=\"oic \"><\/span><span><a href=\"http:\/\/www.tema.org\/\">TEMA Standards<\/a><\/span><\/li>\n<li><span class=\"oic \"><\/span><span><a href=\"http:\/\/ww2.eagle.org\/content\/eagle\/en.html\">ABS<\/a><\/span><\/li>\n<li><span class=\"oic \"><\/span><span><a href=\"http:\/\/www.cbpvi.org\/\">China Manufacturer Licence<\/a><\/span><\/li>\n\n<\/ul>[\/vc_column][vc_column width=\u00bb1\/2&#8243; el_class=\u00bbcertification-col-image\u00bb offset=\u00bbvc_hidden-xs\u00bb][vc_single_image image=\u00bb8282&#8243; img_size=\u00bbfull\u00bb][\/vc_column][\/vc_row]<\/p>\n<\/div>","protected":false},"excerpt":{"rendered":"<p>[vc_row equal_height=\u00bbyes\u00bb content_placement=\u00bbmiddle\u00bb row_vertical_center=\u00bb1&#8243; el_class=\u00bb.row-full-width .certifications\u00bb][vc_column width=\u00bb1\/2&#8243; css=\u00bb.vc_custom_1496070367375{padding-right: 80px !important;padding-left: 80px !important;}\u00bb][vc_custom_heading text=\u00bbISO\u00bb font_container=\u00bbtag:h1|text_align:left\u00bb use_theme_fonts=\u00bbyes\u00bb][vc_column_text css=\u00bb\u00bb] Desde el a\u00f1o 2000, el sistema de gesti\u00f3n de calidad de Thermofin cuenta con la certificaci\u00f3n ISO 9001. Nuestro compromiso con la excelencia operativa se demuestra a trav\u00e9s de esta certificaci\u00f3n, asegurando que cada proceso est\u00e9 optimizado para ofrecer una calidad y consistencia superiores. Este est\u00e1ndar reconocido internacionalmente verifica que nuestro sistema de gesti\u00f3n de calidad cumple con los requisitos m\u00e1s recientes en integraci\u00f3n digital, gesti\u00f3n de riesgos y pr\u00e1cticas empresariales sostenibles. [\/vc_column_text][\/vc_column][vc_column width=\u00bb1\/2&#8243; el_class=\u00bbcertification-col-image\u00bb offset=\u00bbvc_hidden-xs\u00bb][vc_single_image image=\u00bb8281&#8243; img_size=\u00bbfull\u00bb][\/vc_column][\/vc_row][vc_row equal_height=\u00bbyes\u00bb content_placement=\u00bbmiddle\u00bb row_vertical_center=\u00bb1&#8243; el_class=\u00bb.row-full-width .certifications\u00bb][vc_column width=\u00bb1\/2&#8243; el_class=\u00bbcertification-col-image\u00bb offset=\u00bbvc_hidden-xs\u00bb][vc_single_image image=\u00bb8282&#8243; img_size=\u00bbfull\u00bb][\/vc_column][vc_column width=\u00bb1\/2&#8243; css=\u00bb.vc_custom_1496070374750{padding-right: 80px !important;padding-left: 80px !important;}\u00bb][vc_custom_heading text=\u00bbASME y National Board\u00bb font_container=\u00bbtag:h1|text_align:left\u00bb use_theme_fonts=\u00bbyes\u00bb][vc_column_text css=\u00bb\u00bb] Thermofin est\u00e1 acreditada por la ASME y cuenta con la capacidad de dise\u00f1ar [&hellip;]<\/p>\n","protected":false},"author":2,"featured_media":0,"parent":8110,"menu_order":2,"comment_status":"closed","ping_status":"closed","template":"","meta":{"footnotes":""},"class_list":["post-8247","page","type-page","status-publish","hentry"],"yoast_head":"<!-- This site is optimized with the Yoast SEO Premium plugin v27.4 (Yoast SEO v27.4) - https:\/\/yoast.com\/product\/yoast-seo-premium-wordpress\/ -->\n<title>Certificaciones, procedimientos y c\u00f3digos de fabricaci\u00f3n - Thermofin<\/title>\n<meta name=\"description\" content=\"Nuestro sistema de calidad est\u00e1 certificado seg\u00fan ISO 9001, ASME, U y UM Stamp, CSA B51, National Board y muchos otros est\u00e1ndares altos.\" \/>\n<meta name=\"robots\" content=\"index, follow, max-snippet:-1, max-image-preview:large, max-video-preview:-1\" \/>\n<link rel=\"canonical\" href=\"https:\/\/thermofin.net\/es\/empresa\/nuestras-certificaciones\/\" \/>\n<meta property=\"og:locale\" content=\"es_ES\" \/>\n<meta property=\"og:type\" content=\"article\" \/>\n<meta property=\"og:title\" content=\"NUESTRAS CERTIFICACIONES\" \/>\n<meta property=\"og:description\" content=\"Desde el a\u00f1o 2000, el sistema de gesti\u00f3n de calidad de Thermofin cuenta con la certificaci\u00f3n ISO 9001. Nuestro compromiso con la excelencia operativa se\" \/>\n<meta property=\"og:url\" content=\"https:\/\/thermofin.net\/es\/empresa\/nuestras-certificaciones\/\" \/>\n<meta property=\"og:site_name\" content=\"THERMOFIN\" \/>\n<meta property=\"article:publisher\" content=\"https:\/\/www.facebook.com\/Thermofin\/\" \/>\n<meta property=\"article:modified_time\" content=\"2026-01-22T16:02:30+00:00\" \/>\n<meta property=\"og:image\" content=\"https:\/\/thermofin.net\/wp-content\/uploads\/2017\/06\/header-certification1.jpg\" \/>\n<meta name=\"twitter:card\" content=\"summary_large_image\" \/>\n<meta name=\"twitter:site\" content=\"@Thermofin\" \/>\n<meta name=\"twitter:label1\" content=\"Tiempo de lectura\" \/>\n\t<meta name=\"twitter:data1\" content=\"4 minutos\" \/>\n<script type=\"application\/ld+json\" class=\"yoast-schema-graph\">{\"@context\":\"https:\\\/\\\/schema.org\",\"@graph\":[{\"@type\":\"WebPage\",\"@id\":\"https:\\\/\\\/thermofin.net\\\/es\\\/empresa\\\/nuestras-certificaciones\\\/\",\"url\":\"https:\\\/\\\/thermofin.net\\\/es\\\/empresa\\\/nuestras-certificaciones\\\/\",\"name\":\"Certificaciones, procedimientos y c\u00f3digos de fabricaci\u00f3n - Thermofin\",\"isPartOf\":{\"@id\":\"https:\\\/\\\/thermofin.net\\\/es\\\/#website\"},\"datePublished\":\"2014-10-29T22:11:20+00:00\",\"dateModified\":\"2026-01-22T16:02:30+00:00\",\"description\":\"Nuestro sistema de calidad est\u00e1 certificado seg\u00fan ISO 9001, ASME, U y UM Stamp, CSA B51, National Board y muchos otros est\u00e1ndares altos.\",\"breadcrumb\":{\"@id\":\"https:\\\/\\\/thermofin.net\\\/es\\\/empresa\\\/nuestras-certificaciones\\\/#breadcrumb\"},\"inLanguage\":\"es\",\"potentialAction\":[{\"@type\":\"ReadAction\",\"target\":[\"https:\\\/\\\/thermofin.net\\\/es\\\/empresa\\\/nuestras-certificaciones\\\/\"]}]},{\"@type\":\"BreadcrumbList\",\"@id\":\"https:\\\/\\\/thermofin.net\\\/es\\\/empresa\\\/nuestras-certificaciones\\\/#breadcrumb\",\"itemListElement\":[{\"@type\":\"ListItem\",\"position\":1,\"name\":\"Home\",\"item\":\"https:\\\/\\\/thermofin.net\\\/es\\\/\"},{\"@type\":\"ListItem\",\"position\":2,\"name\":\"EMPRESA\",\"item\":\"https:\\\/\\\/thermofin.net\\\/es\\\/empresa\\\/\"},{\"@type\":\"ListItem\",\"position\":3,\"name\":\"NUESTRAS CERTIFICACIONES\"}]},{\"@type\":\"WebSite\",\"@id\":\"https:\\\/\\\/thermofin.net\\\/es\\\/#website\",\"url\":\"https:\\\/\\\/thermofin.net\\\/es\\\/\",\"name\":\"THERMOFIN\",\"description\":\"Efficiency-Driven Heat Exchanger Creators\",\"publisher\":{\"@id\":\"https:\\\/\\\/thermofin.net\\\/es\\\/#organization\"},\"potentialAction\":[{\"@type\":\"SearchAction\",\"target\":{\"@type\":\"EntryPoint\",\"urlTemplate\":\"https:\\\/\\\/thermofin.net\\\/es\\\/?s={search_term_string}\"},\"query-input\":{\"@type\":\"PropertyValueSpecification\",\"valueRequired\":true,\"valueName\":\"search_term_string\"}}],\"inLanguage\":\"es\"},{\"@type\":\"Organization\",\"@id\":\"https:\\\/\\\/thermofin.net\\\/es\\\/#organization\",\"name\":\"Thermofin\",\"url\":\"https:\\\/\\\/thermofin.net\\\/es\\\/\",\"logo\":{\"@type\":\"ImageObject\",\"inLanguage\":\"es\",\"@id\":\"https:\\\/\\\/thermofin.net\\\/es\\\/#\\\/schema\\\/logo\\\/image\\\/\",\"url\":\"https:\\\/\\\/thermofin.net\\\/wp-content\\\/uploads\\\/2017\\\/04\\\/logo.png\",\"contentUrl\":\"https:\\\/\\\/thermofin.net\\\/wp-content\\\/uploads\\\/2017\\\/04\\\/logo.png\",\"width\":138,\"height\":74,\"caption\":\"Thermofin\"},\"image\":{\"@id\":\"https:\\\/\\\/thermofin.net\\\/es\\\/#\\\/schema\\\/logo\\\/image\\\/\"},\"sameAs\":[\"https:\\\/\\\/www.facebook.com\\\/Thermofin\\\/\",\"https:\\\/\\\/x.com\\\/Thermofin\",\"https:\\\/\\\/www.linkedin.com\\\/company\\\/thermofin\",\"https:\\\/\\\/www.youtube.com\\\/user\\\/thermofinvideos\"]}]}<\/script>\n<!-- \/ Yoast SEO Premium plugin. -->","yoast_head_json":{"title":"Certificaciones, procedimientos y c\u00f3digos de fabricaci\u00f3n - Thermofin","description":"Nuestro sistema de calidad est\u00e1 certificado seg\u00fan ISO 9001, ASME, U y UM Stamp, CSA B51, National Board y muchos otros est\u00e1ndares altos.","robots":{"index":"index","follow":"follow","max-snippet":"max-snippet:-1","max-image-preview":"max-image-preview:large","max-video-preview":"max-video-preview:-1"},"canonical":"https:\/\/thermofin.net\/es\/empresa\/nuestras-certificaciones\/","og_locale":"es_ES","og_type":"article","og_title":"NUESTRAS CERTIFICACIONES","og_description":"Desde el a\u00f1o 2000, el sistema de gesti\u00f3n de calidad de Thermofin cuenta con la certificaci\u00f3n ISO 9001. Nuestro compromiso con la excelencia operativa se","og_url":"https:\/\/thermofin.net\/es\/empresa\/nuestras-certificaciones\/","og_site_name":"THERMOFIN","article_publisher":"https:\/\/www.facebook.com\/Thermofin\/","article_modified_time":"2026-01-22T16:02:30+00:00","og_image":[{"url":"https:\/\/thermofin.net\/wp-content\/uploads\/2017\/06\/header-certification1.jpg","type":"","width":"","height":""}],"twitter_card":"summary_large_image","twitter_site":"@Thermofin","twitter_misc":{"Tiempo de lectura":"4 minutos"},"schema":{"@context":"https:\/\/schema.org","@graph":[{"@type":"WebPage","@id":"https:\/\/thermofin.net\/es\/empresa\/nuestras-certificaciones\/","url":"https:\/\/thermofin.net\/es\/empresa\/nuestras-certificaciones\/","name":"Certificaciones, procedimientos y c\u00f3digos de fabricaci\u00f3n - Thermofin","isPartOf":{"@id":"https:\/\/thermofin.net\/es\/#website"},"datePublished":"2014-10-29T22:11:20+00:00","dateModified":"2026-01-22T16:02:30+00:00","description":"Nuestro sistema de calidad est\u00e1 certificado seg\u00fan ISO 9001, ASME, U y UM Stamp, CSA B51, National Board y muchos otros est\u00e1ndares altos.","breadcrumb":{"@id":"https:\/\/thermofin.net\/es\/empresa\/nuestras-certificaciones\/#breadcrumb"},"inLanguage":"es","potentialAction":[{"@type":"ReadAction","target":["https:\/\/thermofin.net\/es\/empresa\/nuestras-certificaciones\/"]}]},{"@type":"BreadcrumbList","@id":"https:\/\/thermofin.net\/es\/empresa\/nuestras-certificaciones\/#breadcrumb","itemListElement":[{"@type":"ListItem","position":1,"name":"Home","item":"https:\/\/thermofin.net\/es\/"},{"@type":"ListItem","position":2,"name":"EMPRESA","item":"https:\/\/thermofin.net\/es\/empresa\/"},{"@type":"ListItem","position":3,"name":"NUESTRAS CERTIFICACIONES"}]},{"@type":"WebSite","@id":"https:\/\/thermofin.net\/es\/#website","url":"https:\/\/thermofin.net\/es\/","name":"THERMOFIN","description":"Efficiency-Driven Heat Exchanger Creators","publisher":{"@id":"https:\/\/thermofin.net\/es\/#organization"},"potentialAction":[{"@type":"SearchAction","target":{"@type":"EntryPoint","urlTemplate":"https:\/\/thermofin.net\/es\/?s={search_term_string}"},"query-input":{"@type":"PropertyValueSpecification","valueRequired":true,"valueName":"search_term_string"}}],"inLanguage":"es"},{"@type":"Organization","@id":"https:\/\/thermofin.net\/es\/#organization","name":"Thermofin","url":"https:\/\/thermofin.net\/es\/","logo":{"@type":"ImageObject","inLanguage":"es","@id":"https:\/\/thermofin.net\/es\/#\/schema\/logo\/image\/","url":"https:\/\/thermofin.net\/wp-content\/uploads\/2017\/04\/logo.png","contentUrl":"https:\/\/thermofin.net\/wp-content\/uploads\/2017\/04\/logo.png","width":138,"height":74,"caption":"Thermofin"},"image":{"@id":"https:\/\/thermofin.net\/es\/#\/schema\/logo\/image\/"},"sameAs":["https:\/\/www.facebook.com\/Thermofin\/","https:\/\/x.com\/Thermofin","https:\/\/www.linkedin.com\/company\/thermofin","https:\/\/www.youtube.com\/user\/thermofinvideos"]}]}},"_links":{"self":[{"href":"https:\/\/thermofin.net\/es\/wp-json\/wp\/v2\/pages\/8247","targetHints":{"allow":["GET"]}}],"collection":[{"href":"https:\/\/thermofin.net\/es\/wp-json\/wp\/v2\/pages"}],"about":[{"href":"https:\/\/thermofin.net\/es\/wp-json\/wp\/v2\/types\/page"}],"author":[{"embeddable":true,"href":"https:\/\/thermofin.net\/es\/wp-json\/wp\/v2\/users\/2"}],"replies":[{"embeddable":true,"href":"https:\/\/thermofin.net\/es\/wp-json\/wp\/v2\/comments?post=8247"}],"version-history":[{"count":5,"href":"https:\/\/thermofin.net\/es\/wp-json\/wp\/v2\/pages\/8247\/revisions"}],"predecessor-version":[{"id":9124,"href":"https:\/\/thermofin.net\/es\/wp-json\/wp\/v2\/pages\/8247\/revisions\/9124"}],"up":[{"embeddable":true,"href":"https:\/\/thermofin.net\/es\/wp-json\/wp\/v2\/pages\/8110"}],"wp:attachment":[{"href":"https:\/\/thermofin.net\/es\/wp-json\/wp\/v2\/media?parent=8247"}],"curies":[{"name":"wp","href":"https:\/\/api.w.org\/{rel}","templated":true}]}}