{"id":8101,"date":"2017-04-21T13:23:57","date_gmt":"2017-04-21T17:23:57","guid":{"rendered":"https:\/\/thermofin.net\/brochures\/"},"modified":"2025-09-18T14:29:42","modified_gmt":"2025-09-18T18:29:42","slug":"folletos","status":"publish","type":"page","link":"https:\/\/thermofin.net\/es\/descargas\/folletos\/","title":{"rendered":"FOLLETOS"},"content":{"rendered":"<div class=\"wpb-content-wrapper\"><p>[vc_row][vc_column][vc_custom_heading text=\u00bbNUESTRA FOLLETOS\u00bb font_container=\u00bbtag:h2|text_align:center\u00bb use_theme_fonts=\u00bbyes\u00bb css=\u00bb.vc_custom_1496773459299{margin-top: 30px !important;}\u00bb][vc_column_text]<\/p>\n<p style=\"text-align: justify;\">Ya sea que sea un agente o integrador interesado en mostrar nuestros productos a sus clientes, o simplemente interesado en obtener informaci\u00f3n adicional sobre un producto espec\u00edfico, no dude en descargar nuestros folletos a continuaci\u00f3n. Tambi\u00e9n podemos proporcionar, previa solicitud, impresiones y otro material promocional, como muestras de nuestros famosos tubos aletados extruidos de aluminio POWERFIN<\/p>\n<p>[\/vc_column_text][vc_row_inner css=\u00bb.vc_custom_1488307802712{margin-top: 60px !important;}\u00bb][vc_column_inner width=\u00bb1\/2&#8243;][vc_single_image image=\u00bb8102&#8243; img_size=\u00bbfull\u00bb alignment=\u00bbcenter\u00bb]<div id=\"tile-with-icon_icon2113\" class=\"title-with-icon-wrapper clear xlarge \" data-color=\"\"><div class=\"wpb_content_element title-with-icon clearfix \"><a href=\"https:\/\/thermofin.net\/public-downloads\/brochures\/brochure-en-thermofin.pdf\" target=\"_blank\"><span  style=\"color:#ed1c24 !important;background-color: !important;\" class=\"oic-social-adobe clear xlarge \" ><\/span><\/a><h3 style=\"color:#1653a4\"><a href=\"https:\/\/thermofin.net\/public-downloads\/brochures\/brochure-en-thermofin.pdf\" target=\"_blank\">DESCARGAR EL FOLLETO<\/a><\/h3><\/div><\/div>[\/vc_column_inner][vc_column_inner width=\u00bb1\/2&#8243;][vc_single_image image=\u00bb8121&#8243; img_size=\u00bbfull\u00bb alignment=\u00bbcenter\u00bb]<div id=\"tile-with-icon_icon288\" class=\"title-with-icon-wrapper clear xlarge \" data-color=\"\"><div class=\"wpb_content_element title-with-icon clearfix \"><a href=\"https:\/\/thermofin.net\/public-downloads\/brochures\/brochure-en-itex-gasketed-plate-and-frame-heat-exchangers.pdf\" target=\"_blank\"><span  style=\"color:#ed1c24 !important;background-color: !important;\" class=\"oic-social-adobe clear xlarge \" ><\/span><\/a><h3 style=\"color:#1653a4\"><a href=\"https:\/\/thermofin.net\/public-downloads\/brochures\/brochure-en-itex-gasketed-plate-and-frame-heat-exchangers.pdf\" target=\"_blank\">DESCARGAR EL FOLLETO<\/a><\/h3><\/div><\/div>[\/vc_column_inner][\/vc_row_inner][vc_row_inner css=\u00bb.vc_custom_1488307802712{margin-top: 60px !important;}\u00bb][vc_column_inner width=\u00bb1\/2&#8243;][vc_single_image image=\u00bb8127&#8243; img_size=\u00bbfull\u00bb alignment=\u00bbcenter\u00bb]<div id=\"tile-with-icon_icon4085\" class=\"title-with-icon-wrapper clear xlarge \" data-color=\"\"><div class=\"wpb_content_element title-with-icon clearfix \"><a href=\"https:\/\/thermofin.net\/public-downloads\/brochures\/brochure-en-powerfin-extruded-finned-tubes.pdf\" target=\"_blank\"><span  style=\"color:#ed1c24 !important;background-color: !important;\" class=\"oic-social-adobe clear xlarge \" ><\/span><\/a><h3 style=\"color:#1653a4\"><a href=\"https:\/\/thermofin.net\/public-downloads\/brochures\/brochure-en-powerfin-extruded-finned-tubes.pdf\" target=\"_blank\">DESCARGAR EL FOLLETO<\/a><\/h3><\/div><\/div>[\/vc_column_inner][vc_column_inner width=\u00bb1\/2&#8243;][vc_single_image image=\u00bb8122&#8243; img_size=\u00bbfull\u00bb alignment=\u00bbcenter\u00bb]<div id=\"tile-with-icon_icon1279\" class=\"title-with-icon-wrapper clear xlarge \" data-color=\"\"><div class=\"wpb_content_element title-with-icon clearfix \"><a href=\"https:\/\/thermofin.net\/public-downloads\/brochures\/brochure-en-electra-generator-and-motor-coolers.pdf\" target=\"_blank\"><span  style=\"color:#ed1c24 !important;background-color: !important;\" class=\"oic-social-adobe clear xlarge \" ><\/span><\/a><h3 style=\"color:#1653a4\"><a href=\"https:\/\/thermofin.net\/public-downloads\/brochures\/brochure-en-electra-generator-and-motor-coolers.pdf\" target=\"_blank\">DESCARGAR EL FOLLETO<\/a><\/h3><\/div><\/div>[\/vc_column_inner][\/vc_row_inner][vc_row_inner css=\u00bb.vc_custom_1488307802712{margin-top: 60px !important;}\u00bb][vc_column_inner width=\u00bb1\/2&#8243;][vc_single_image image=\u00bb8124&#8243; img_size=\u00bbfull\u00bb alignment=\u00bbcenter\u00bb]<div id=\"tile-with-icon_icon6586\" class=\"title-with-icon-wrapper clear xlarge \" data-color=\"\"><div class=\"wpb_content_element title-with-icon clearfix \"><a href=\"https:\/\/thermofin.net\/public-downloads\/brochures\/brochure-en-eolia-industrial-air-cooled-heat-exchangers.pdf\" target=\"_blank\"><span  style=\"color:#ed1c24 !important;background-color: !important;\" class=\"oic-social-adobe clear xlarge \" ><\/span><\/a><h3 style=\"color:#1653a4\"><a href=\"https:\/\/thermofin.net\/public-downloads\/brochures\/brochure-en-eolia-industrial-air-cooled-heat-exchangers.pdf\" target=\"_blank\">DESCARGAR EL FOLLETO<\/a><\/h3><\/div><\/div>[\/vc_column_inner][vc_column_inner width=\u00bb1\/2&#8243;][vc_single_image image=\u00bb8123&#8243; img_size=\u00bbfull\u00bb alignment=\u00bbcenter\u00bb]<div id=\"tile-with-icon_icon5121\" class=\"title-with-icon-wrapper clear xlarge \" data-color=\"\"><div class=\"wpb_content_element title-with-icon clearfix \"><a href=\"https:\/\/thermofin.net\/public-downloads\/brochures\/brochure-en-t-rex-transformer-oil-coolers.pdf\" target=\"_blank\"><span  style=\"color:#ed1c24 !important;background-color: !important;\" class=\"oic-social-adobe clear xlarge \" ><\/span><\/a><h3 style=\"color:#1653a4\"><a href=\"https:\/\/thermofin.net\/public-downloads\/brochures\/brochure-en-t-rex-transformer-oil-coolers.pdf\" target=\"_blank\">DESCARGAR EL FOLLETO<\/a><\/h3><\/div><\/div>[\/vc_column_inner][\/vc_row_inner][vc_row_inner css=\u00bb.vc_custom_1488307802712{margin-top: 60px !important;}\u00bb][vc_column_inner width=\u00bb1\/2&#8243;][vc_single_image image=\u00bb8125&#8243; img_size=\u00bbfull\u00bb alignment=\u00bbcenter\u00bb]<div id=\"tile-with-icon_icon2197\" class=\"title-with-icon-wrapper clear xlarge \" data-color=\"\"><div class=\"wpb_content_element title-with-icon clearfix \"><a href=\"https:\/\/thermofin.net\/public-downloads\/brochures\/brochure-en-isteam-steam-coils.pdf\" target=\"_blank\"><span  style=\"color:#ed1c24 !important;background-color: !important;\" class=\"oic-social-adobe clear xlarge \" ><\/span><\/a><h3 style=\"color:#1653a4\"><a href=\"https:\/\/thermofin.net\/public-downloads\/brochures\/brochure-en-isteam-steam-coils.pdf\" target=\"_blank\">DESCARGAR EL FOLLETO<\/a><\/h3><\/div><\/div>[\/vc_column_inner][vc_column_inner width=\u00bb1\/2&#8243;][vc_single_image image=\u00bb8126&#8243; img_size=\u00bbfull\u00bb alignment=\u00bbcenter\u00bb]<div id=\"tile-with-icon_icon9571\" class=\"title-with-icon-wrapper clear xlarge \" data-color=\"\"><div class=\"wpb_content_element title-with-icon clearfix \"><a href=\"https:\/\/thermofin.net\/public-downloads\/brochures\/brochure-en-t-rex-transformer-oil-coolers-onan-onaf.pdf\" target=\"_blank\"><span  style=\"color:#ed1c24 !important;background-color: !important;\" class=\"oic-social-adobe clear xlarge \" ><\/span><\/a><h3 style=\"color:#1653a4\"><a href=\"https:\/\/thermofin.net\/public-downloads\/brochures\/brochure-en-t-rex-transformer-oil-coolers-onan-onaf.pdf\" target=\"_blank\">DESCARGAR EL FOLLETO<\/a><\/h3><\/div><\/div>[\/vc_column_inner][\/vc_row_inner][vc_row_inner css=\u00bb.vc_custom_1488307802712{margin-top: 60px !important;}\u00bb][vc_column_inner width=\u00bb1\/2&#8243;][vc_single_image image=\u00bb8703&#8243; img_size=\u00bbfull\u00bb alignment=\u00bbcenter\u00bb]<div id=\"tile-with-icon_icon1591\" class=\"title-with-icon-wrapper clear xlarge \" data-color=\"\"><div class=\"wpb_content_element title-with-icon clearfix \"><a href=\"https:\/\/thermofin.net\/public-downloads\/brochures\/brochure-en-cristopia-thermal-energy-storage.pdf\" target=\"_blank\"><span  style=\"color:#ed1c24 !important;background-color: !important;\" class=\"oic-social-adobe clear xlarge \" ><\/span><\/a><h3 style=\"color:#1653a4\"><a href=\"https:\/\/thermofin.net\/public-downloads\/brochures\/brochure-en-cristopia-thermal-energy-storage.pdf\" target=\"_blank\">DESCARGAR EL FOLLETO<\/a><\/h3><\/div><\/div>[\/vc_column_inner][vc_column_inner width=\u00bb1\/2&#8243;][\/vc_column_inner][\/vc_row_inner][\/vc_column][\/vc_row][vc_row row_fullwidth=\u00bb1&#8243; css=\u00bb.vc_custom_1593440958257{margin-top: 80px !important;margin-right: 0px !important;margin-bottom: 0px !important;margin-left: 0px !important;padding-top: 0px !important;padding-right: 0px !important;padding-bottom: 0px !important;padding-left: 0px !important;}\u00bb el_class=\u00bbfront-wide-call-es\u00bb][vc_column]<div id=\"owcta-27204\" class=\"ozy-wide-call-to-action\"><div class=\"bar\"><div><i class=\"oic-flaticon5-time\">&nbsp;<\/i><div class=\"part1\"><h5>Para todas las consultas<br>Llamanos : <span>+1 450-444-4405<\/span><\/h5><\/div><div class=\"part2\"><a href=\"#request-a-rate\" class=\"comp-request-a-rate\">SOLICITAR PRESUPUESTO<\/a><\/div><\/div><\/div><div class=\"gradient\"><div><h5>SOMOS<\/h5><h4>CREADORES DE INTERCAMBIADOR DE CALOR<\/h4><h3>ORIENTADOS AL RENDIMIENTO<\/h3><\/div><\/div><\/div>[\/vc_column][\/vc_row]<\/p>\n<\/div>","protected":false},"excerpt":{"rendered":"<p>[vc_row][vc_column][vc_custom_heading text=\u00bbNUESTRA FOLLETOS\u00bb font_container=\u00bbtag:h2|text_align:center\u00bb use_theme_fonts=\u00bbyes\u00bb css=\u00bb.vc_custom_1496773459299{margin-top: 30px !important;}\u00bb][vc_column_text] Ya sea que sea un agente o integrador interesado en mostrar nuestros productos a sus clientes, o simplemente interesado en obtener informaci\u00f3n adicional sobre un producto espec\u00edfico, no dude en descargar nuestros folletos a continuaci\u00f3n. Tambi\u00e9n podemos proporcionar, previa solicitud, impresiones y otro material promocional, como muestras de nuestros famosos tubos aletados extruidos de aluminio POWERFIN [\/vc_column_text][vc_row_inner css=\u00bb.vc_custom_1488307802712{margin-top: 60px !important;}\u00bb][vc_column_inner width=\u00bb1\/2&#8243;][vc_single_image image=\u00bb8102&#8243; img_size=\u00bbfull\u00bb alignment=\u00bbcenter\u00bb][\/vc_column_inner][vc_column_inner width=\u00bb1\/2&#8243;][vc_single_image image=\u00bb8121&#8243; img_size=\u00bbfull\u00bb alignment=\u00bbcenter\u00bb][\/vc_column_inner][\/vc_row_inner][vc_row_inner css=\u00bb.vc_custom_1488307802712{margin-top: 60px !important;}\u00bb][vc_column_inner width=\u00bb1\/2&#8243;][vc_single_image image=\u00bb8127&#8243; img_size=\u00bbfull\u00bb alignment=\u00bbcenter\u00bb][\/vc_column_inner][vc_column_inner width=\u00bb1\/2&#8243;][vc_single_image image=\u00bb8122&#8243; img_size=\u00bbfull\u00bb alignment=\u00bbcenter\u00bb][\/vc_column_inner][\/vc_row_inner][vc_row_inner css=\u00bb.vc_custom_1488307802712{margin-top: 60px !important;}\u00bb][vc_column_inner width=\u00bb1\/2&#8243;][vc_single_image image=\u00bb8124&#8243; img_size=\u00bbfull\u00bb alignment=\u00bbcenter\u00bb][\/vc_column_inner][vc_column_inner width=\u00bb1\/2&#8243;][vc_single_image image=\u00bb8123&#8243; img_size=\u00bbfull\u00bb alignment=\u00bbcenter\u00bb][\/vc_column_inner][\/vc_row_inner][vc_row_inner css=\u00bb.vc_custom_1488307802712{margin-top: 60px !important;}\u00bb][vc_column_inner width=\u00bb1\/2&#8243;][vc_single_image image=\u00bb8125&#8243; img_size=\u00bbfull\u00bb alignment=\u00bbcenter\u00bb][\/vc_column_inner][vc_column_inner width=\u00bb1\/2&#8243;][vc_single_image image=\u00bb8126&#8243; img_size=\u00bbfull\u00bb alignment=\u00bbcenter\u00bb][\/vc_column_inner][\/vc_row_inner][vc_row_inner css=\u00bb.vc_custom_1488307802712{margin-top: 60px !important;}\u00bb][vc_column_inner width=\u00bb1\/2&#8243;][vc_single_image image=\u00bb8703&#8243; img_size=\u00bbfull\u00bb alignment=\u00bbcenter\u00bb][\/vc_column_inner][vc_column_inner width=\u00bb1\/2&#8243;][\/vc_column_inner][\/vc_row_inner][\/vc_column][\/vc_row][vc_row row_fullwidth=\u00bb1&#8243; css=\u00bb.vc_custom_1593440958257{margin-top: 80px !important;margin-right: 0px !important;margin-bottom: 0px !important;margin-left: 0px !important;padding-top: 0px !important;padding-right: 0px [&hellip;]<\/p>\n","protected":false},"author":2,"featured_media":0,"parent":8402,"menu_order":22,"comment_status":"closed","ping_status":"closed","template":"","meta":{"footnotes":""},"class_list":["post-8101","page","type-page","status-publish","hentry"],"yoast_head":"<!-- This site is optimized with the Yoast SEO Premium plugin v27.4 (Yoast SEO v27.4) - https:\/\/yoast.com\/product\/yoast-seo-premium-wordpress\/ -->\n<title>FOLLETOS DE NUESTROS INTERCAMBIADORES DE CALOR<\/title>\n<meta name=\"description\" content=\"Ya sea que sea un agente o integrador interesado en mostrar nuestros productos a sus clientes, o simplemente interesado en obtener informaci\u00f3n adicional sobre un producto espec\u00edfico, no dude en descargar nuestros folletos.\" \/>\n<meta name=\"robots\" content=\"index, follow, max-snippet:-1, max-image-preview:large, max-video-preview:-1\" \/>\n<link rel=\"canonical\" href=\"https:\/\/thermofin.net\/es\/descargas\/folletos\/\" \/>\n<meta property=\"og:locale\" content=\"es_ES\" \/>\n<meta property=\"og:type\" content=\"article\" \/>\n<meta property=\"og:title\" content=\"FOLLETOS\" \/>\n<meta property=\"og:description\" content=\"Ya sea que sea un agente o integrador interesado en mostrar nuestros productos a sus clientes, o simplemente interesado en obtener informaci\u00f3n adicional\" \/>\n<meta property=\"og:url\" content=\"https:\/\/thermofin.net\/es\/descargas\/folletos\/\" \/>\n<meta property=\"og:site_name\" content=\"THERMOFIN\" \/>\n<meta property=\"article:publisher\" content=\"https:\/\/www.facebook.com\/Thermofin\/\" \/>\n<meta property=\"article:modified_time\" content=\"2025-09-18T18:29:42+00:00\" \/>\n<meta property=\"og:image\" content=\"https:\/\/thermofin.net\/wp-content\/uploads\/2017\/07\/brochures-thermofin-banner-en-2.jpg\" \/>\n\t<meta property=\"og:image:width\" content=\"1920\" \/>\n\t<meta property=\"og:image:height\" content=\"800\" \/>\n\t<meta property=\"og:image:type\" content=\"image\/jpeg\" \/>\n<meta name=\"twitter:card\" content=\"summary_large_image\" \/>\n<meta name=\"twitter:site\" content=\"@Thermofin\" \/>\n<meta name=\"twitter:label1\" content=\"Tiempo de lectura\" \/>\n\t<meta name=\"twitter:data1\" content=\"3 minutos\" \/>\n<script type=\"application\/ld+json\" class=\"yoast-schema-graph\">{\"@context\":\"https:\\\/\\\/schema.org\",\"@graph\":[{\"@type\":\"WebPage\",\"@id\":\"https:\\\/\\\/thermofin.net\\\/es\\\/descargas\\\/folletos\\\/\",\"url\":\"https:\\\/\\\/thermofin.net\\\/es\\\/descargas\\\/folletos\\\/\",\"name\":\"FOLLETOS DE NUESTROS INTERCAMBIADORES DE CALOR\",\"isPartOf\":{\"@id\":\"https:\\\/\\\/thermofin.net\\\/es\\\/#website\"},\"datePublished\":\"2017-04-21T17:23:57+00:00\",\"dateModified\":\"2025-09-18T18:29:42+00:00\",\"description\":\"Ya sea que sea un agente o integrador interesado en mostrar nuestros productos a sus clientes, o simplemente interesado en obtener informaci\u00f3n adicional sobre un producto espec\u00edfico, no dude en descargar nuestros folletos.\",\"breadcrumb\":{\"@id\":\"https:\\\/\\\/thermofin.net\\\/es\\\/descargas\\\/folletos\\\/#breadcrumb\"},\"inLanguage\":\"es\",\"potentialAction\":[{\"@type\":\"ReadAction\",\"target\":[\"https:\\\/\\\/thermofin.net\\\/es\\\/descargas\\\/folletos\\\/\"]}]},{\"@type\":\"BreadcrumbList\",\"@id\":\"https:\\\/\\\/thermofin.net\\\/es\\\/descargas\\\/folletos\\\/#breadcrumb\",\"itemListElement\":[{\"@type\":\"ListItem\",\"position\":1,\"name\":\"Home\",\"item\":\"https:\\\/\\\/thermofin.net\\\/es\\\/\"},{\"@type\":\"ListItem\",\"position\":2,\"name\":\"DESCARGAS\",\"item\":\"https:\\\/\\\/thermofin.net\\\/es\\\/descargas\\\/\"},{\"@type\":\"ListItem\",\"position\":3,\"name\":\"FOLLETOS\"}]},{\"@type\":\"WebSite\",\"@id\":\"https:\\\/\\\/thermofin.net\\\/es\\\/#website\",\"url\":\"https:\\\/\\\/thermofin.net\\\/es\\\/\",\"name\":\"THERMOFIN\",\"description\":\"Efficiency-Driven Heat Exchanger Creators\",\"publisher\":{\"@id\":\"https:\\\/\\\/thermofin.net\\\/es\\\/#organization\"},\"potentialAction\":[{\"@type\":\"SearchAction\",\"target\":{\"@type\":\"EntryPoint\",\"urlTemplate\":\"https:\\\/\\\/thermofin.net\\\/es\\\/?s={search_term_string}\"},\"query-input\":{\"@type\":\"PropertyValueSpecification\",\"valueRequired\":true,\"valueName\":\"search_term_string\"}}],\"inLanguage\":\"es\"},{\"@type\":\"Organization\",\"@id\":\"https:\\\/\\\/thermofin.net\\\/es\\\/#organization\",\"name\":\"Thermofin\",\"url\":\"https:\\\/\\\/thermofin.net\\\/es\\\/\",\"logo\":{\"@type\":\"ImageObject\",\"inLanguage\":\"es\",\"@id\":\"https:\\\/\\\/thermofin.net\\\/es\\\/#\\\/schema\\\/logo\\\/image\\\/\",\"url\":\"https:\\\/\\\/thermofin.net\\\/wp-content\\\/uploads\\\/2017\\\/04\\\/logo.png\",\"contentUrl\":\"https:\\\/\\\/thermofin.net\\\/wp-content\\\/uploads\\\/2017\\\/04\\\/logo.png\",\"width\":138,\"height\":74,\"caption\":\"Thermofin\"},\"image\":{\"@id\":\"https:\\\/\\\/thermofin.net\\\/es\\\/#\\\/schema\\\/logo\\\/image\\\/\"},\"sameAs\":[\"https:\\\/\\\/www.facebook.com\\\/Thermofin\\\/\",\"https:\\\/\\\/x.com\\\/Thermofin\",\"https:\\\/\\\/www.linkedin.com\\\/company\\\/thermofin\",\"https:\\\/\\\/www.youtube.com\\\/user\\\/thermofinvideos\"]}]}<\/script>\n<!-- \/ Yoast SEO Premium plugin. -->","yoast_head_json":{"title":"FOLLETOS DE NUESTROS INTERCAMBIADORES DE CALOR","description":"Ya sea que sea un agente o integrador interesado en mostrar nuestros productos a sus clientes, o simplemente interesado en obtener informaci\u00f3n adicional sobre un producto espec\u00edfico, no dude en descargar nuestros folletos.","robots":{"index":"index","follow":"follow","max-snippet":"max-snippet:-1","max-image-preview":"max-image-preview:large","max-video-preview":"max-video-preview:-1"},"canonical":"https:\/\/thermofin.net\/es\/descargas\/folletos\/","og_locale":"es_ES","og_type":"article","og_title":"FOLLETOS","og_description":"Ya sea que sea un agente o integrador interesado en mostrar nuestros productos a sus clientes, o simplemente interesado en obtener informaci\u00f3n adicional","og_url":"https:\/\/thermofin.net\/es\/descargas\/folletos\/","og_site_name":"THERMOFIN","article_publisher":"https:\/\/www.facebook.com\/Thermofin\/","article_modified_time":"2025-09-18T18:29:42+00:00","og_image":[{"width":1920,"height":800,"url":"https:\/\/thermofin.net\/wp-content\/uploads\/2017\/07\/brochures-thermofin-banner-en-2.jpg","type":"image\/jpeg"}],"twitter_card":"summary_large_image","twitter_site":"@Thermofin","twitter_misc":{"Tiempo de lectura":"3 minutos"},"schema":{"@context":"https:\/\/schema.org","@graph":[{"@type":"WebPage","@id":"https:\/\/thermofin.net\/es\/descargas\/folletos\/","url":"https:\/\/thermofin.net\/es\/descargas\/folletos\/","name":"FOLLETOS DE NUESTROS INTERCAMBIADORES DE CALOR","isPartOf":{"@id":"https:\/\/thermofin.net\/es\/#website"},"datePublished":"2017-04-21T17:23:57+00:00","dateModified":"2025-09-18T18:29:42+00:00","description":"Ya sea que sea un agente o integrador interesado en mostrar nuestros productos a sus clientes, o simplemente interesado en obtener informaci\u00f3n adicional sobre un producto espec\u00edfico, no dude en descargar nuestros folletos.","breadcrumb":{"@id":"https:\/\/thermofin.net\/es\/descargas\/folletos\/#breadcrumb"},"inLanguage":"es","potentialAction":[{"@type":"ReadAction","target":["https:\/\/thermofin.net\/es\/descargas\/folletos\/"]}]},{"@type":"BreadcrumbList","@id":"https:\/\/thermofin.net\/es\/descargas\/folletos\/#breadcrumb","itemListElement":[{"@type":"ListItem","position":1,"name":"Home","item":"https:\/\/thermofin.net\/es\/"},{"@type":"ListItem","position":2,"name":"DESCARGAS","item":"https:\/\/thermofin.net\/es\/descargas\/"},{"@type":"ListItem","position":3,"name":"FOLLETOS"}]},{"@type":"WebSite","@id":"https:\/\/thermofin.net\/es\/#website","url":"https:\/\/thermofin.net\/es\/","name":"THERMOFIN","description":"Efficiency-Driven Heat Exchanger Creators","publisher":{"@id":"https:\/\/thermofin.net\/es\/#organization"},"potentialAction":[{"@type":"SearchAction","target":{"@type":"EntryPoint","urlTemplate":"https:\/\/thermofin.net\/es\/?s={search_term_string}"},"query-input":{"@type":"PropertyValueSpecification","valueRequired":true,"valueName":"search_term_string"}}],"inLanguage":"es"},{"@type":"Organization","@id":"https:\/\/thermofin.net\/es\/#organization","name":"Thermofin","url":"https:\/\/thermofin.net\/es\/","logo":{"@type":"ImageObject","inLanguage":"es","@id":"https:\/\/thermofin.net\/es\/#\/schema\/logo\/image\/","url":"https:\/\/thermofin.net\/wp-content\/uploads\/2017\/04\/logo.png","contentUrl":"https:\/\/thermofin.net\/wp-content\/uploads\/2017\/04\/logo.png","width":138,"height":74,"caption":"Thermofin"},"image":{"@id":"https:\/\/thermofin.net\/es\/#\/schema\/logo\/image\/"},"sameAs":["https:\/\/www.facebook.com\/Thermofin\/","https:\/\/x.com\/Thermofin","https:\/\/www.linkedin.com\/company\/thermofin","https:\/\/www.youtube.com\/user\/thermofinvideos"]}]}},"_links":{"self":[{"href":"https:\/\/thermofin.net\/es\/wp-json\/wp\/v2\/pages\/8101","targetHints":{"allow":["GET"]}}],"collection":[{"href":"https:\/\/thermofin.net\/es\/wp-json\/wp\/v2\/pages"}],"about":[{"href":"https:\/\/thermofin.net\/es\/wp-json\/wp\/v2\/types\/page"}],"author":[{"embeddable":true,"href":"https:\/\/thermofin.net\/es\/wp-json\/wp\/v2\/users\/2"}],"replies":[{"embeddable":true,"href":"https:\/\/thermofin.net\/es\/wp-json\/wp\/v2\/comments?post=8101"}],"version-history":[{"count":1,"href":"https:\/\/thermofin.net\/es\/wp-json\/wp\/v2\/pages\/8101\/revisions"}],"predecessor-version":[{"id":9083,"href":"https:\/\/thermofin.net\/es\/wp-json\/wp\/v2\/pages\/8101\/revisions\/9083"}],"up":[{"embeddable":true,"href":"https:\/\/thermofin.net\/es\/wp-json\/wp\/v2\/pages\/8402"}],"wp:attachment":[{"href":"https:\/\/thermofin.net\/es\/wp-json\/wp\/v2\/media?parent=8101"}],"curies":[{"name":"wp","href":"https:\/\/api.w.org\/{rel}","templated":true}]}}